{"id":56174,"date":"2024-06-27T14:44:36","date_gmt":"2024-06-27T12:44:36","guid":{"rendered":"https:\/\/www.adriabandiere.com\/?post_type=product&#038;p=56174"},"modified":"2025-07-28T12:41:52","modified_gmt":"2025-07-28T10:41:52","slug":"parma","status":"publish","type":"product","link":"https:\/\/www.adriabandiere.com\/it\/prodotti\/bandiere\/regioni-e-comuni-italiani\/parma\/","title":{"rendered":"PARMA"},"content":{"rendered":"<p>I colori giallo e blu della bandiera parmense risalgono ai tempi dei Farnese, una delle famiglie nobili pi\u00f9 influenti della citt\u00e0 del rinascimento italiano. Il giallo rappresenta la ricchezza culturale, la luminosit\u00e0 e l\u2019energia vitale della citt\u00e0, mentre il blu simboleggia il fiume Parma che attraversa la citt\u00e0 e la serenit\u00e0 dei suoi abitanti.<\/p>\n<p>Lo stemma di Parma, che spesso accompagna la bandiera, presenta uno scudo d\u2019oro attraversato da una fascia blu. Questo scudo \u00e8 sormontato da una corona ducale, che rappresenta la nobilt\u00e0 e l\u2019importanza storica della citt\u00e0 come centro di potere e cultura. I simboli presenti nello stemma sono un tributo alla dinastia Farnese, che ha lasciato un\u2019impronta indelebile nella storia e nell\u2019architettura di Parma.<\/p>\n","protected":false},"excerpt":{"rendered":"<p>I colori giallo e blu della bandiera parmense risalgono ai tempi dei Farnese, una delle famiglie nobili pi\u00f9 influenti della citt\u00e0 del rinascimento italiano. Il giallo rappresenta la ricchezza culturale, la luminosit\u00e0 e l\u2019energia vitale della citt\u00e0, mentre il blu simboleggia il fiume Parma che attraversa la citt\u00e0 e la serenit\u00e0 dei suoi abitanti. Lo&hellip;<\/p>\n","protected":false},"featured_media":56176,"template":"","meta":{"_acf_changed":false,"ngg_post_thumbnail":0},"product_brand":[],"product_cat":[333,339],"product_tag":[],"class_list":{"0":"post-56174","1":"product","2":"type-product","3":"status-publish","4":"has-post-thumbnail","6":"product_cat-bandiere","7":"product_cat-regioni-e-comuni-italiani","9":"first","10":"instock","11":"shipping-taxable","12":"product-type-simple"},"acf":[],"yoast_head":"<!-- This site is optimized with the Yoast SEO Premium plugin v20.11 (Yoast SEO v20.11) - https:\/\/yoast.com\/wordpress\/plugins\/seo\/ -->\n<title>PARMA - AdriaBandiere<\/title>\n<meta name=\"description\" content=\"Scopri la bandiera di Parma e gli altri prodotti di AdriaBandiere. Consulta il nostro catalogo on-line oppure richiedine una copia cartacea.\" \/>\n<meta name=\"robots\" content=\"index, follow, max-snippet:-1, max-image-preview:large, max-video-preview:-1\" \/>\n<link rel=\"canonical\" href=\"https:\/\/www.adriabandiere.com\/it\/prodotti\/bandiere\/regioni-e-comuni-italiani\/parma\/\" \/>\n<meta property=\"og:locale\" content=\"it_IT\" \/>\n<meta property=\"og:type\" content=\"article\" \/>\n<meta property=\"og:title\" content=\"PARMA\" \/>\n<meta property=\"og:description\" content=\"Scopri la bandiera di Parma e gli altri prodotti di AdriaBandiere. Consulta il nostro catalogo on-line oppure richiedine una copia cartacea.\" \/>\n<meta property=\"og:url\" content=\"https:\/\/www.adriabandiere.com\/it\/prodotti\/bandiere\/regioni-e-comuni-italiani\/parma\/\" \/>\n<meta property=\"og:site_name\" content=\"Adria Bandiere\" \/>\n<meta property=\"article:modified_time\" content=\"2025-07-28T10:41:52+00:00\" \/>\n<meta property=\"og:image\" content=\"https:\/\/www.adriabandiere.com\/wp-content\/uploads\/2024\/06\/parma.png\" \/>\n\t<meta property=\"og:image:width\" content=\"1280\" \/>\n\t<meta property=\"og:image:height\" content=\"854\" \/>\n\t<meta property=\"og:image:type\" content=\"image\/png\" \/>\n<meta name=\"twitter:card\" content=\"summary_large_image\" \/>\n<meta name=\"twitter:label1\" content=\"Tempo di lettura stimato\" \/>\n\t<meta name=\"twitter:data1\" content=\"1 minuto\" \/>\n<script type=\"application\/ld+json\" class=\"yoast-schema-graph\">{\"@context\":\"https:\/\/schema.org\",\"@graph\":[{\"@type\":\"WebPage\",\"@id\":\"https:\/\/www.adriabandiere.com\/it\/prodotti\/bandiere\/regioni-e-comuni-italiani\/parma\/\",\"url\":\"https:\/\/www.adriabandiere.com\/it\/prodotti\/bandiere\/regioni-e-comuni-italiani\/parma\/\",\"name\":\"PARMA - AdriaBandiere\",\"isPartOf\":{\"@id\":\"https:\/\/www.adriabandiere.com\/it\/#website\"},\"datePublished\":\"2024-06-27T12:44:36+00:00\",\"dateModified\":\"2025-07-28T10:41:52+00:00\",\"description\":\"Scopri la bandiera di Parma e gli altri prodotti di AdriaBandiere. Consulta il nostro catalogo on-line oppure richiedine una copia cartacea.\",\"breadcrumb\":{\"@id\":\"https:\/\/www.adriabandiere.com\/it\/prodotti\/bandiere\/regioni-e-comuni-italiani\/parma\/#breadcrumb\"},\"inLanguage\":\"it-IT\",\"potentialAction\":[{\"@type\":\"ReadAction\",\"target\":[\"https:\/\/www.adriabandiere.com\/it\/prodotti\/bandiere\/regioni-e-comuni-italiani\/parma\/\"]}]},{\"@type\":\"BreadcrumbList\",\"@id\":\"https:\/\/www.adriabandiere.com\/it\/prodotti\/bandiere\/regioni-e-comuni-italiani\/parma\/#breadcrumb\",\"itemListElement\":[{\"@type\":\"ListItem\",\"position\":1,\"name\":\"Prodotti\",\"item\":\"https:\/\/www.adriabandiere.com\/it\/prodotti\/\"},{\"@type\":\"ListItem\",\"position\":2,\"name\":\"PARMA\"}]},{\"@type\":\"WebSite\",\"@id\":\"https:\/\/www.adriabandiere.com\/it\/#website\",\"url\":\"https:\/\/www.adriabandiere.com\/it\/\",\"name\":\"Adria Bandiere\",\"description\":\"\",\"potentialAction\":[{\"@type\":\"SearchAction\",\"target\":{\"@type\":\"EntryPoint\",\"urlTemplate\":\"https:\/\/www.adriabandiere.com\/it\/?s={search_term_string}\"},\"query-input\":\"required name=search_term_string\"}],\"inLanguage\":\"it-IT\"}]}<\/script>\n<!-- \/ Yoast SEO Premium plugin. -->","yoast_head_json":{"title":"PARMA - AdriaBandiere","description":"Scopri la bandiera di Parma e gli altri prodotti di AdriaBandiere. Consulta il nostro catalogo on-line oppure richiedine una copia cartacea.","robots":{"index":"index","follow":"follow","max-snippet":"max-snippet:-1","max-image-preview":"max-image-preview:large","max-video-preview":"max-video-preview:-1"},"canonical":"https:\/\/www.adriabandiere.com\/it\/prodotti\/bandiere\/regioni-e-comuni-italiani\/parma\/","og_locale":"it_IT","og_type":"article","og_title":"PARMA","og_description":"Scopri la bandiera di Parma e gli altri prodotti di AdriaBandiere. Consulta il nostro catalogo on-line oppure richiedine una copia cartacea.","og_url":"https:\/\/www.adriabandiere.com\/it\/prodotti\/bandiere\/regioni-e-comuni-italiani\/parma\/","og_site_name":"Adria Bandiere","article_modified_time":"2025-07-28T10:41:52+00:00","og_image":[{"width":1280,"height":854,"url":"https:\/\/www.adriabandiere.com\/wp-content\/uploads\/2024\/06\/parma.png","type":"image\/png"}],"twitter_card":"summary_large_image","twitter_misc":{"Tempo di lettura stimato":"1 minuto"},"schema":{"@context":"https:\/\/schema.org","@graph":[{"@type":"WebPage","@id":"https:\/\/www.adriabandiere.com\/it\/prodotti\/bandiere\/regioni-e-comuni-italiani\/parma\/","url":"https:\/\/www.adriabandiere.com\/it\/prodotti\/bandiere\/regioni-e-comuni-italiani\/parma\/","name":"PARMA - AdriaBandiere","isPartOf":{"@id":"https:\/\/www.adriabandiere.com\/it\/#website"},"datePublished":"2024-06-27T12:44:36+00:00","dateModified":"2025-07-28T10:41:52+00:00","description":"Scopri la bandiera di Parma e gli altri prodotti di AdriaBandiere. Consulta il nostro catalogo on-line oppure richiedine una copia cartacea.","breadcrumb":{"@id":"https:\/\/www.adriabandiere.com\/it\/prodotti\/bandiere\/regioni-e-comuni-italiani\/parma\/#breadcrumb"},"inLanguage":"it-IT","potentialAction":[{"@type":"ReadAction","target":["https:\/\/www.adriabandiere.com\/it\/prodotti\/bandiere\/regioni-e-comuni-italiani\/parma\/"]}]},{"@type":"BreadcrumbList","@id":"https:\/\/www.adriabandiere.com\/it\/prodotti\/bandiere\/regioni-e-comuni-italiani\/parma\/#breadcrumb","itemListElement":[{"@type":"ListItem","position":1,"name":"Prodotti","item":"https:\/\/www.adriabandiere.com\/it\/prodotti\/"},{"@type":"ListItem","position":2,"name":"PARMA"}]},{"@type":"WebSite","@id":"https:\/\/www.adriabandiere.com\/it\/#website","url":"https:\/\/www.adriabandiere.com\/it\/","name":"Adria Bandiere","description":"","potentialAction":[{"@type":"SearchAction","target":{"@type":"EntryPoint","urlTemplate":"https:\/\/www.adriabandiere.com\/it\/?s={search_term_string}"},"query-input":"required name=search_term_string"}],"inLanguage":"it-IT"}]}},"_links":{"self":[{"href":"https:\/\/www.adriabandiere.com\/it\/wp-json\/wp\/v2\/product\/56174","targetHints":{"allow":["GET"]}}],"collection":[{"href":"https:\/\/www.adriabandiere.com\/it\/wp-json\/wp\/v2\/product"}],"about":[{"href":"https:\/\/www.adriabandiere.com\/it\/wp-json\/wp\/v2\/types\/product"}],"wp:featuredmedia":[{"embeddable":true,"href":"https:\/\/www.adriabandiere.com\/it\/wp-json\/wp\/v2\/media\/56176"}],"wp:attachment":[{"href":"https:\/\/www.adriabandiere.com\/it\/wp-json\/wp\/v2\/media?parent=56174"}],"wp:term":[{"taxonomy":"product_brand","embeddable":true,"href":"https:\/\/www.adriabandiere.com\/it\/wp-json\/wp\/v2\/product_brand?post=56174"},{"taxonomy":"product_cat","embeddable":true,"href":"https:\/\/www.adriabandiere.com\/it\/wp-json\/wp\/v2\/product_cat?post=56174"},{"taxonomy":"product_tag","embeddable":true,"href":"https:\/\/www.adriabandiere.com\/it\/wp-json\/wp\/v2\/product_tag?post=56174"}],"curies":[{"name":"wp","href":"https:\/\/api.w.org\/{rel}","templated":true}]}}