{"id":51352,"date":"2021-01-27T15:20:54","date_gmt":"2021-01-28T15:26:43","guid":{"rendered":"https:\/\/labs.giamaica.app\/webit\/adriabandiere.com\/shop\/non class\u00e9\/base-carree-en-plastique-vide\/"},"modified":"2021-01-28T16:26:43","modified_gmt":"2021-01-28T15:26:43","slug":"base-carree-plastique-creuse","status":"publish","type":"product","link":"https:\/\/www.adriabandiere.com\/fr\/prodotti\/accessoires\/bases-fr\/base-carree-plastique-creuse\/","title":{"rendered":"BASE CARR\u00c9E EN PLASTIQUE VIDE"},"content":{"rendered":"","protected":false},"excerpt":{"rendered":"<p>Base en plastique vide carr\u00e9e \u00e0 remplir mes. 45 x 45 cm<\/p>\n","protected":false},"featured_media":0,"template":"","meta":{"_acf_changed":false,"ngg_post_thumbnail":0},"product_brand":[],"product_cat":[534,535],"product_tag":[],"class_list":{"0":"post-51352","1":"product","2":"type-product","3":"status-publish","5":"product_cat-accessoires","6":"product_cat-bases-fr","8":"first","9":"instock","10":"shipping-taxable","11":"product-type-simple"},"acf":[],"yoast_head":"<!-- This site is optimized with the Yoast SEO Premium plugin v20.11 (Yoast SEO v20.11) - https:\/\/yoast.com\/wordpress\/plugins\/seo\/ -->\n<title>BASE CARR\u00c9E EN PLASTIQUE VIDE - AdriaBandiere<\/title>\n<meta name=\"description\" content=\"Scopri BASE CARR\u00c9E EN PLASTIQUE VIDE e gli altri prodotti del catalogo di AdriaBandiere. Entra nel sito.\" \/>\n<meta name=\"robots\" content=\"index, follow, max-snippet:-1, max-image-preview:large, max-video-preview:-1\" \/>\n<link rel=\"canonical\" href=\"https:\/\/www.adriabandiere.com\/fr\/prodotti\/accessoires\/bases-fr\/base-carree-plastique-creuse\/\" \/>\n<meta property=\"og:locale\" content=\"fr_FR\" \/>\n<meta property=\"og:type\" content=\"article\" \/>\n<meta property=\"og:title\" content=\"BASE CARR\u00c9E EN PLASTIQUE VIDE\" \/>\n<meta property=\"og:description\" content=\"Scopri BASE CARR\u00c9E EN PLASTIQUE VIDE e gli altri prodotti del catalogo di AdriaBandiere. Entra nel sito.\" \/>\n<meta property=\"og:url\" content=\"https:\/\/www.adriabandiere.com\/fr\/prodotti\/accessoires\/bases-fr\/base-carree-plastique-creuse\/\" \/>\n<meta property=\"og:site_name\" content=\"Adria Bandiere\" \/>\n<meta name=\"twitter:card\" content=\"summary_large_image\" \/>\n<script type=\"application\/ld+json\" class=\"yoast-schema-graph\">{\"@context\":\"https:\/\/schema.org\",\"@graph\":[{\"@type\":\"WebPage\",\"@id\":\"https:\/\/www.adriabandiere.com\/fr\/prodotti\/accessoires\/bases-fr\/base-carree-plastique-creuse\/\",\"url\":\"https:\/\/www.adriabandiere.com\/fr\/prodotti\/accessoires\/bases-fr\/base-carree-plastique-creuse\/\",\"name\":\"BASE CARR\u00c9E EN PLASTIQUE VIDE - AdriaBandiere\",\"isPartOf\":{\"@id\":\"https:\/\/www.adriabandiere.com\/fr\/#website\"},\"datePublished\":\"2021-01-28T15:26:43+00:00\",\"dateModified\":\"2021-01-28T15:26:43+00:00\",\"description\":\"Scopri BASE CARR\u00c9E EN PLASTIQUE VIDE e gli altri prodotti del catalogo di AdriaBandiere. Entra nel sito.\",\"breadcrumb\":{\"@id\":\"https:\/\/www.adriabandiere.com\/fr\/prodotti\/accessoires\/bases-fr\/base-carree-plastique-creuse\/#breadcrumb\"},\"inLanguage\":\"fr-FR\",\"potentialAction\":[{\"@type\":\"ReadAction\",\"target\":[\"https:\/\/www.adriabandiere.com\/fr\/prodotti\/accessoires\/bases-fr\/base-carree-plastique-creuse\/\"]}]},{\"@type\":\"BreadcrumbList\",\"@id\":\"https:\/\/www.adriabandiere.com\/fr\/prodotti\/accessoires\/bases-fr\/base-carree-plastique-creuse\/#breadcrumb\",\"itemListElement\":[{\"@type\":\"ListItem\",\"position\":1,\"name\":\"Prodotti\",\"item\":\"https:\/\/www.adriabandiere.com\/it\/prodotti\/\"},{\"@type\":\"ListItem\",\"position\":2,\"name\":\"BASE CARR\u00c9E EN PLASTIQUE VIDE\"}]},{\"@type\":\"WebSite\",\"@id\":\"https:\/\/www.adriabandiere.com\/fr\/#website\",\"url\":\"https:\/\/www.adriabandiere.com\/fr\/\",\"name\":\"Adria Bandiere\",\"description\":\"\",\"potentialAction\":[{\"@type\":\"SearchAction\",\"target\":{\"@type\":\"EntryPoint\",\"urlTemplate\":\"https:\/\/www.adriabandiere.com\/fr\/?s={search_term_string}\"},\"query-input\":\"required name=search_term_string\"}],\"inLanguage\":\"fr-FR\"}]}<\/script>\n<!-- \/ Yoast SEO Premium plugin. -->","yoast_head_json":{"title":"BASE CARR\u00c9E EN PLASTIQUE VIDE - AdriaBandiere","description":"Scopri BASE CARR\u00c9E EN PLASTIQUE VIDE e gli altri prodotti del catalogo di AdriaBandiere. Entra nel sito.","robots":{"index":"index","follow":"follow","max-snippet":"max-snippet:-1","max-image-preview":"max-image-preview:large","max-video-preview":"max-video-preview:-1"},"canonical":"https:\/\/www.adriabandiere.com\/fr\/prodotti\/accessoires\/bases-fr\/base-carree-plastique-creuse\/","og_locale":"fr_FR","og_type":"article","og_title":"BASE CARR\u00c9E EN PLASTIQUE VIDE","og_description":"Scopri BASE CARR\u00c9E EN PLASTIQUE VIDE e gli altri prodotti del catalogo di AdriaBandiere. Entra nel sito.","og_url":"https:\/\/www.adriabandiere.com\/fr\/prodotti\/accessoires\/bases-fr\/base-carree-plastique-creuse\/","og_site_name":"Adria Bandiere","twitter_card":"summary_large_image","schema":{"@context":"https:\/\/schema.org","@graph":[{"@type":"WebPage","@id":"https:\/\/www.adriabandiere.com\/fr\/prodotti\/accessoires\/bases-fr\/base-carree-plastique-creuse\/","url":"https:\/\/www.adriabandiere.com\/fr\/prodotti\/accessoires\/bases-fr\/base-carree-plastique-creuse\/","name":"BASE CARR\u00c9E EN PLASTIQUE VIDE - AdriaBandiere","isPartOf":{"@id":"https:\/\/www.adriabandiere.com\/fr\/#website"},"datePublished":"2021-01-28T15:26:43+00:00","dateModified":"2021-01-28T15:26:43+00:00","description":"Scopri BASE CARR\u00c9E EN PLASTIQUE VIDE e gli altri prodotti del catalogo di AdriaBandiere. Entra nel sito.","breadcrumb":{"@id":"https:\/\/www.adriabandiere.com\/fr\/prodotti\/accessoires\/bases-fr\/base-carree-plastique-creuse\/#breadcrumb"},"inLanguage":"fr-FR","potentialAction":[{"@type":"ReadAction","target":["https:\/\/www.adriabandiere.com\/fr\/prodotti\/accessoires\/bases-fr\/base-carree-plastique-creuse\/"]}]},{"@type":"BreadcrumbList","@id":"https:\/\/www.adriabandiere.com\/fr\/prodotti\/accessoires\/bases-fr\/base-carree-plastique-creuse\/#breadcrumb","itemListElement":[{"@type":"ListItem","position":1,"name":"Prodotti","item":"https:\/\/www.adriabandiere.com\/it\/prodotti\/"},{"@type":"ListItem","position":2,"name":"BASE CARR\u00c9E EN PLASTIQUE VIDE"}]},{"@type":"WebSite","@id":"https:\/\/www.adriabandiere.com\/fr\/#website","url":"https:\/\/www.adriabandiere.com\/fr\/","name":"Adria Bandiere","description":"","potentialAction":[{"@type":"SearchAction","target":{"@type":"EntryPoint","urlTemplate":"https:\/\/www.adriabandiere.com\/fr\/?s={search_term_string}"},"query-input":"required name=search_term_string"}],"inLanguage":"fr-FR"}]}},"_links":{"self":[{"href":"https:\/\/www.adriabandiere.com\/fr\/wp-json\/wp\/v2\/product\/51352","targetHints":{"allow":["GET"]}}],"collection":[{"href":"https:\/\/www.adriabandiere.com\/fr\/wp-json\/wp\/v2\/product"}],"about":[{"href":"https:\/\/www.adriabandiere.com\/fr\/wp-json\/wp\/v2\/types\/product"}],"wp:attachment":[{"href":"https:\/\/www.adriabandiere.com\/fr\/wp-json\/wp\/v2\/media?parent=51352"}],"wp:term":[{"taxonomy":"product_brand","embeddable":true,"href":"https:\/\/www.adriabandiere.com\/fr\/wp-json\/wp\/v2\/product_brand?post=51352"},{"taxonomy":"product_cat","embeddable":true,"href":"https:\/\/www.adriabandiere.com\/fr\/wp-json\/wp\/v2\/product_cat?post=51352"},{"taxonomy":"product_tag","embeddable":true,"href":"https:\/\/www.adriabandiere.com\/fr\/wp-json\/wp\/v2\/product_tag?post=51352"}],"curies":[{"name":"wp","href":"https:\/\/api.w.org\/{rel}","templated":true}]}}