{"id":51347,"date":"2021-01-27T15:20:54","date_gmt":"2021-01-28T15:26:41","guid":{"rendered":"https:\/\/labs.giamaica.app\/webit\/adriabandiere.com\/shop\/non class\u00e9\/base-a-charniere\/"},"modified":"2021-01-28T16:26:41","modified_gmt":"2021-01-28T15:26:41","slug":"a-charniere","status":"publish","type":"product","link":"https:\/\/www.adriabandiere.com\/fr\/prodotti\/accessoires\/bases-fr\/a-charniere\/","title":{"rendered":"BASE \u00c0 CHARNI\u00c8RE"},"content":{"rendered":"","protected":false},"excerpt":{"rendered":"<p>Base \u00e0 charni\u00e8re, en fer galvanis\u00e9 avec tirants (m\u00e2ts de 5 \u00e0 7 m\u00e8tres)<\/p>\n<p>01a19 Base \u00e0 charni\u00e8re en fer galvanis\u00e9 avec tirants (m\u00e2ts 8-10 m\u00e8tres)<\/p>\n","protected":false},"featured_media":46027,"template":"","meta":{"_acf_changed":false,"ngg_post_thumbnail":0},"product_brand":[],"product_cat":[534,535],"product_tag":[],"class_list":{"0":"post-51347","1":"product","2":"type-product","3":"status-publish","4":"has-post-thumbnail","6":"product_cat-accessoires","7":"product_cat-bases-fr","9":"first","10":"outofstock","11":"shipping-taxable","12":"product-type-simple"},"acf":[],"yoast_head":"<!-- This site is optimized with the Yoast SEO Premium plugin v20.11 (Yoast SEO v20.11) - https:\/\/yoast.com\/wordpress\/plugins\/seo\/ -->\n<title>BASE \u00c0 CHARNI\u00c8RE - AdriaBandiere<\/title>\n<meta name=\"description\" content=\"Scopri BASE \u00c0 CHARNI\u00c8RE e gli altri prodotti del catalogo di AdriaBandiere. Entra nel sito.\" \/>\n<meta name=\"robots\" content=\"index, follow, max-snippet:-1, max-image-preview:large, max-video-preview:-1\" \/>\n<link rel=\"canonical\" href=\"https:\/\/www.adriabandiere.com\/fr\/prodotti\/accessoires\/bases-fr\/a-charniere\/\" \/>\n<meta property=\"og:locale\" content=\"fr_FR\" \/>\n<meta property=\"og:type\" content=\"article\" \/>\n<meta property=\"og:title\" content=\"BASE \u00c0 CHARNI\u00c8RE\" \/>\n<meta property=\"og:description\" content=\"Scopri BASE \u00c0 CHARNI\u00c8RE e gli altri prodotti del catalogo di AdriaBandiere. Entra nel sito.\" \/>\n<meta property=\"og:url\" content=\"https:\/\/www.adriabandiere.com\/fr\/prodotti\/accessoires\/bases-fr\/a-charniere\/\" \/>\n<meta property=\"og:site_name\" content=\"Adria Bandiere\" \/>\n<meta property=\"og:image\" content=\"https:\/\/www.adriabandiere.com\/wp-content\/uploads\/2021\/01\/01a18-1-scaled-3.jpg\" \/>\n\t<meta property=\"og:image:width\" content=\"1707\" \/>\n\t<meta property=\"og:image:height\" content=\"2560\" \/>\n\t<meta property=\"og:image:type\" content=\"image\/jpeg\" \/>\n<meta name=\"twitter:card\" content=\"summary_large_image\" \/>\n<script type=\"application\/ld+json\" class=\"yoast-schema-graph\">{\"@context\":\"https:\/\/schema.org\",\"@graph\":[{\"@type\":\"WebPage\",\"@id\":\"https:\/\/www.adriabandiere.com\/fr\/prodotti\/accessoires\/bases-fr\/a-charniere\/\",\"url\":\"https:\/\/www.adriabandiere.com\/fr\/prodotti\/accessoires\/bases-fr\/a-charniere\/\",\"name\":\"BASE \u00c0 CHARNI\u00c8RE - AdriaBandiere\",\"isPartOf\":{\"@id\":\"https:\/\/www.adriabandiere.com\/fr\/#website\"},\"datePublished\":\"2021-01-28T15:26:41+00:00\",\"dateModified\":\"2021-01-28T15:26:41+00:00\",\"description\":\"Scopri BASE \u00c0 CHARNI\u00c8RE e gli altri prodotti del catalogo di AdriaBandiere. Entra nel sito.\",\"breadcrumb\":{\"@id\":\"https:\/\/www.adriabandiere.com\/fr\/prodotti\/accessoires\/bases-fr\/a-charniere\/#breadcrumb\"},\"inLanguage\":\"fr-FR\",\"potentialAction\":[{\"@type\":\"ReadAction\",\"target\":[\"https:\/\/www.adriabandiere.com\/fr\/prodotti\/accessoires\/bases-fr\/a-charniere\/\"]}]},{\"@type\":\"BreadcrumbList\",\"@id\":\"https:\/\/www.adriabandiere.com\/fr\/prodotti\/accessoires\/bases-fr\/a-charniere\/#breadcrumb\",\"itemListElement\":[{\"@type\":\"ListItem\",\"position\":1,\"name\":\"Prodotti\",\"item\":\"https:\/\/www.adriabandiere.com\/it\/prodotti\/\"},{\"@type\":\"ListItem\",\"position\":2,\"name\":\"BASE \u00c0 CHARNI\u00c8RE\"}]},{\"@type\":\"WebSite\",\"@id\":\"https:\/\/www.adriabandiere.com\/fr\/#website\",\"url\":\"https:\/\/www.adriabandiere.com\/fr\/\",\"name\":\"Adria Bandiere\",\"description\":\"\",\"potentialAction\":[{\"@type\":\"SearchAction\",\"target\":{\"@type\":\"EntryPoint\",\"urlTemplate\":\"https:\/\/www.adriabandiere.com\/fr\/?s={search_term_string}\"},\"query-input\":\"required name=search_term_string\"}],\"inLanguage\":\"fr-FR\"}]}<\/script>\n<!-- \/ Yoast SEO Premium plugin. -->","yoast_head_json":{"title":"BASE \u00c0 CHARNI\u00c8RE - AdriaBandiere","description":"Scopri BASE \u00c0 CHARNI\u00c8RE e gli altri prodotti del catalogo di AdriaBandiere. Entra nel sito.","robots":{"index":"index","follow":"follow","max-snippet":"max-snippet:-1","max-image-preview":"max-image-preview:large","max-video-preview":"max-video-preview:-1"},"canonical":"https:\/\/www.adriabandiere.com\/fr\/prodotti\/accessoires\/bases-fr\/a-charniere\/","og_locale":"fr_FR","og_type":"article","og_title":"BASE \u00c0 CHARNI\u00c8RE","og_description":"Scopri BASE \u00c0 CHARNI\u00c8RE e gli altri prodotti del catalogo di AdriaBandiere. Entra nel sito.","og_url":"https:\/\/www.adriabandiere.com\/fr\/prodotti\/accessoires\/bases-fr\/a-charniere\/","og_site_name":"Adria Bandiere","og_image":[{"width":1707,"height":2560,"url":"https:\/\/www.adriabandiere.com\/wp-content\/uploads\/2021\/01\/01a18-1-scaled-3.jpg","type":"image\/jpeg"}],"twitter_card":"summary_large_image","schema":{"@context":"https:\/\/schema.org","@graph":[{"@type":"WebPage","@id":"https:\/\/www.adriabandiere.com\/fr\/prodotti\/accessoires\/bases-fr\/a-charniere\/","url":"https:\/\/www.adriabandiere.com\/fr\/prodotti\/accessoires\/bases-fr\/a-charniere\/","name":"BASE \u00c0 CHARNI\u00c8RE - AdriaBandiere","isPartOf":{"@id":"https:\/\/www.adriabandiere.com\/fr\/#website"},"datePublished":"2021-01-28T15:26:41+00:00","dateModified":"2021-01-28T15:26:41+00:00","description":"Scopri BASE \u00c0 CHARNI\u00c8RE e gli altri prodotti del catalogo di AdriaBandiere. Entra nel sito.","breadcrumb":{"@id":"https:\/\/www.adriabandiere.com\/fr\/prodotti\/accessoires\/bases-fr\/a-charniere\/#breadcrumb"},"inLanguage":"fr-FR","potentialAction":[{"@type":"ReadAction","target":["https:\/\/www.adriabandiere.com\/fr\/prodotti\/accessoires\/bases-fr\/a-charniere\/"]}]},{"@type":"BreadcrumbList","@id":"https:\/\/www.adriabandiere.com\/fr\/prodotti\/accessoires\/bases-fr\/a-charniere\/#breadcrumb","itemListElement":[{"@type":"ListItem","position":1,"name":"Prodotti","item":"https:\/\/www.adriabandiere.com\/it\/prodotti\/"},{"@type":"ListItem","position":2,"name":"BASE \u00c0 CHARNI\u00c8RE"}]},{"@type":"WebSite","@id":"https:\/\/www.adriabandiere.com\/fr\/#website","url":"https:\/\/www.adriabandiere.com\/fr\/","name":"Adria Bandiere","description":"","potentialAction":[{"@type":"SearchAction","target":{"@type":"EntryPoint","urlTemplate":"https:\/\/www.adriabandiere.com\/fr\/?s={search_term_string}"},"query-input":"required name=search_term_string"}],"inLanguage":"fr-FR"}]}},"_links":{"self":[{"href":"https:\/\/www.adriabandiere.com\/fr\/wp-json\/wp\/v2\/product\/51347","targetHints":{"allow":["GET"]}}],"collection":[{"href":"https:\/\/www.adriabandiere.com\/fr\/wp-json\/wp\/v2\/product"}],"about":[{"href":"https:\/\/www.adriabandiere.com\/fr\/wp-json\/wp\/v2\/types\/product"}],"wp:featuredmedia":[{"embeddable":true,"href":"https:\/\/www.adriabandiere.com\/fr\/wp-json\/wp\/v2\/media\/46027"}],"wp:attachment":[{"href":"https:\/\/www.adriabandiere.com\/fr\/wp-json\/wp\/v2\/media?parent=51347"}],"wp:term":[{"taxonomy":"product_brand","embeddable":true,"href":"https:\/\/www.adriabandiere.com\/fr\/wp-json\/wp\/v2\/product_brand?post=51347"},{"taxonomy":"product_cat","embeddable":true,"href":"https:\/\/www.adriabandiere.com\/fr\/wp-json\/wp\/v2\/product_cat?post=51347"},{"taxonomy":"product_tag","embeddable":true,"href":"https:\/\/www.adriabandiere.com\/fr\/wp-json\/wp\/v2\/product_tag?post=51347"}],"curies":[{"name":"wp","href":"https:\/\/api.w.org\/{rel}","templated":true}]}}