{"id":51312,"date":"2021-01-27T15:20:53","date_gmt":"2021-01-28T15:26:24","guid":{"rendered":"https:\/\/labs.giamaica.app\/webit\/adriabandiere.com\/shop\/non class\u00e9\/piston-telescopique-reglable\/"},"modified":"2021-01-28T16:26:24","modified_gmt":"2021-01-28T15:26:24","slug":"mat-reglable-telescopique","status":"publish","type":"product","link":"https:\/\/www.adriabandiere.com\/fr\/prodotti\/accessoires\/mats\/mat-reglable-telescopique\/","title":{"rendered":"PISTON T\u00c9LESCOPIQUE R\u00c9GLABLE"},"content":{"rendered":"","protected":false},"excerpt":{"rendered":"<p>M\u00e2t t\u00e9lescopique r\u00e9glable, bras pivotant 4 m, poids, pinces<br \/>\n34t02 M\u00e2t t\u00e9lescopique r\u00e9glable, bras pivotant de 5,5 m, poids, pinces<\/p>\n","protected":false},"featured_media":45987,"template":"","meta":{"_acf_changed":false,"ngg_post_thumbnail":0},"product_brand":[],"product_cat":[534,567],"product_tag":[],"class_list":{"0":"post-51312","1":"product","2":"type-product","3":"status-publish","4":"has-post-thumbnail","6":"product_cat-accessoires","7":"product_cat-mats","9":"first","10":"instock","11":"shipping-taxable","12":"product-type-simple"},"acf":[],"yoast_head":"<!-- This site is optimized with the Yoast SEO Premium plugin v20.11 (Yoast SEO v20.11) - https:\/\/yoast.com\/wordpress\/plugins\/seo\/ -->\n<title>PISTON T\u00c9LESCOPIQUE R\u00c9GLABLE - AdriaBandiere<\/title>\n<meta name=\"description\" content=\"Scopri PISTON T\u00c9LESCOPIQUE R\u00c9GLABLE e gli altri prodotti del catalogo di AdriaBandiere. Entra nel sito.\" \/>\n<meta name=\"robots\" content=\"index, follow, max-snippet:-1, max-image-preview:large, max-video-preview:-1\" \/>\n<link rel=\"canonical\" href=\"https:\/\/www.adriabandiere.com\/fr\/prodotti\/accessoires\/mats\/mat-reglable-telescopique\/\" \/>\n<meta property=\"og:locale\" content=\"fr_FR\" \/>\n<meta property=\"og:type\" content=\"article\" \/>\n<meta property=\"og:title\" content=\"PISTON T\u00c9LESCOPIQUE R\u00c9GLABLE\" \/>\n<meta property=\"og:description\" content=\"Scopri PISTON T\u00c9LESCOPIQUE R\u00c9GLABLE e gli altri prodotti del catalogo di AdriaBandiere. Entra nel sito.\" \/>\n<meta property=\"og:url\" content=\"https:\/\/www.adriabandiere.com\/fr\/prodotti\/accessoires\/mats\/mat-reglable-telescopique\/\" \/>\n<meta property=\"og:site_name\" content=\"Adria Bandiere\" \/>\n<meta property=\"og:image\" content=\"https:\/\/www.adriabandiere.com\/wp-content\/uploads\/2021\/01\/34t01-1.jpg\" \/>\n\t<meta property=\"og:image:width\" content=\"600\" \/>\n\t<meta property=\"og:image:height\" content=\"1486\" \/>\n\t<meta property=\"og:image:type\" content=\"image\/jpeg\" \/>\n<meta name=\"twitter:card\" content=\"summary_large_image\" \/>\n<script type=\"application\/ld+json\" class=\"yoast-schema-graph\">{\"@context\":\"https:\/\/schema.org\",\"@graph\":[{\"@type\":\"WebPage\",\"@id\":\"https:\/\/www.adriabandiere.com\/fr\/prodotti\/accessoires\/mats\/mat-reglable-telescopique\/\",\"url\":\"https:\/\/www.adriabandiere.com\/fr\/prodotti\/accessoires\/mats\/mat-reglable-telescopique\/\",\"name\":\"PISTON T\u00c9LESCOPIQUE R\u00c9GLABLE - AdriaBandiere\",\"isPartOf\":{\"@id\":\"https:\/\/www.adriabandiere.com\/fr\/#website\"},\"datePublished\":\"2021-01-28T15:26:24+00:00\",\"dateModified\":\"2021-01-28T15:26:24+00:00\",\"description\":\"Scopri PISTON T\u00c9LESCOPIQUE R\u00c9GLABLE e gli altri prodotti del catalogo di AdriaBandiere. Entra nel sito.\",\"breadcrumb\":{\"@id\":\"https:\/\/www.adriabandiere.com\/fr\/prodotti\/accessoires\/mats\/mat-reglable-telescopique\/#breadcrumb\"},\"inLanguage\":\"fr-FR\",\"potentialAction\":[{\"@type\":\"ReadAction\",\"target\":[\"https:\/\/www.adriabandiere.com\/fr\/prodotti\/accessoires\/mats\/mat-reglable-telescopique\/\"]}]},{\"@type\":\"BreadcrumbList\",\"@id\":\"https:\/\/www.adriabandiere.com\/fr\/prodotti\/accessoires\/mats\/mat-reglable-telescopique\/#breadcrumb\",\"itemListElement\":[{\"@type\":\"ListItem\",\"position\":1,\"name\":\"Prodotti\",\"item\":\"https:\/\/www.adriabandiere.com\/it\/prodotti\/\"},{\"@type\":\"ListItem\",\"position\":2,\"name\":\"PISTON T\u00c9LESCOPIQUE R\u00c9GLABLE\"}]},{\"@type\":\"WebSite\",\"@id\":\"https:\/\/www.adriabandiere.com\/fr\/#website\",\"url\":\"https:\/\/www.adriabandiere.com\/fr\/\",\"name\":\"Adria Bandiere\",\"description\":\"\",\"potentialAction\":[{\"@type\":\"SearchAction\",\"target\":{\"@type\":\"EntryPoint\",\"urlTemplate\":\"https:\/\/www.adriabandiere.com\/fr\/?s={search_term_string}\"},\"query-input\":\"required name=search_term_string\"}],\"inLanguage\":\"fr-FR\"}]}<\/script>\n<!-- \/ Yoast SEO Premium plugin. -->","yoast_head_json":{"title":"PISTON T\u00c9LESCOPIQUE R\u00c9GLABLE - AdriaBandiere","description":"Scopri PISTON T\u00c9LESCOPIQUE R\u00c9GLABLE e gli altri prodotti del catalogo di AdriaBandiere. Entra nel sito.","robots":{"index":"index","follow":"follow","max-snippet":"max-snippet:-1","max-image-preview":"max-image-preview:large","max-video-preview":"max-video-preview:-1"},"canonical":"https:\/\/www.adriabandiere.com\/fr\/prodotti\/accessoires\/mats\/mat-reglable-telescopique\/","og_locale":"fr_FR","og_type":"article","og_title":"PISTON T\u00c9LESCOPIQUE R\u00c9GLABLE","og_description":"Scopri PISTON T\u00c9LESCOPIQUE R\u00c9GLABLE e gli altri prodotti del catalogo di AdriaBandiere. Entra nel sito.","og_url":"https:\/\/www.adriabandiere.com\/fr\/prodotti\/accessoires\/mats\/mat-reglable-telescopique\/","og_site_name":"Adria Bandiere","og_image":[{"width":600,"height":1486,"url":"https:\/\/www.adriabandiere.com\/wp-content\/uploads\/2021\/01\/34t01-1.jpg","type":"image\/jpeg"}],"twitter_card":"summary_large_image","schema":{"@context":"https:\/\/schema.org","@graph":[{"@type":"WebPage","@id":"https:\/\/www.adriabandiere.com\/fr\/prodotti\/accessoires\/mats\/mat-reglable-telescopique\/","url":"https:\/\/www.adriabandiere.com\/fr\/prodotti\/accessoires\/mats\/mat-reglable-telescopique\/","name":"PISTON T\u00c9LESCOPIQUE R\u00c9GLABLE - AdriaBandiere","isPartOf":{"@id":"https:\/\/www.adriabandiere.com\/fr\/#website"},"datePublished":"2021-01-28T15:26:24+00:00","dateModified":"2021-01-28T15:26:24+00:00","description":"Scopri PISTON T\u00c9LESCOPIQUE R\u00c9GLABLE e gli altri prodotti del catalogo di AdriaBandiere. Entra nel sito.","breadcrumb":{"@id":"https:\/\/www.adriabandiere.com\/fr\/prodotti\/accessoires\/mats\/mat-reglable-telescopique\/#breadcrumb"},"inLanguage":"fr-FR","potentialAction":[{"@type":"ReadAction","target":["https:\/\/www.adriabandiere.com\/fr\/prodotti\/accessoires\/mats\/mat-reglable-telescopique\/"]}]},{"@type":"BreadcrumbList","@id":"https:\/\/www.adriabandiere.com\/fr\/prodotti\/accessoires\/mats\/mat-reglable-telescopique\/#breadcrumb","itemListElement":[{"@type":"ListItem","position":1,"name":"Prodotti","item":"https:\/\/www.adriabandiere.com\/it\/prodotti\/"},{"@type":"ListItem","position":2,"name":"PISTON T\u00c9LESCOPIQUE R\u00c9GLABLE"}]},{"@type":"WebSite","@id":"https:\/\/www.adriabandiere.com\/fr\/#website","url":"https:\/\/www.adriabandiere.com\/fr\/","name":"Adria Bandiere","description":"","potentialAction":[{"@type":"SearchAction","target":{"@type":"EntryPoint","urlTemplate":"https:\/\/www.adriabandiere.com\/fr\/?s={search_term_string}"},"query-input":"required name=search_term_string"}],"inLanguage":"fr-FR"}]}},"_links":{"self":[{"href":"https:\/\/www.adriabandiere.com\/fr\/wp-json\/wp\/v2\/product\/51312","targetHints":{"allow":["GET"]}}],"collection":[{"href":"https:\/\/www.adriabandiere.com\/fr\/wp-json\/wp\/v2\/product"}],"about":[{"href":"https:\/\/www.adriabandiere.com\/fr\/wp-json\/wp\/v2\/types\/product"}],"wp:featuredmedia":[{"embeddable":true,"href":"https:\/\/www.adriabandiere.com\/fr\/wp-json\/wp\/v2\/media\/45987"}],"wp:attachment":[{"href":"https:\/\/www.adriabandiere.com\/fr\/wp-json\/wp\/v2\/media?parent=51312"}],"wp:term":[{"taxonomy":"product_brand","embeddable":true,"href":"https:\/\/www.adriabandiere.com\/fr\/wp-json\/wp\/v2\/product_brand?post=51312"},{"taxonomy":"product_cat","embeddable":true,"href":"https:\/\/www.adriabandiere.com\/fr\/wp-json\/wp\/v2\/product_cat?post=51312"},{"taxonomy":"product_tag","embeddable":true,"href":"https:\/\/www.adriabandiere.com\/fr\/wp-json\/wp\/v2\/product_tag?post=51312"}],"curies":[{"name":"wp","href":"https:\/\/api.w.org\/{rel}","templated":true}]}}