{"id":49827,"date":"2021-01-27T15:14:30","date_gmt":"2021-01-28T15:13:38","guid":{"rendered":"https:\/\/labs.giamaica.app\/webit\/adriabandiere.com\/shop\/non class\u00e9\/union-europeenne\/"},"modified":"2021-01-28T16:13:38","modified_gmt":"2021-01-28T15:13:38","slug":"union-europeenne","status":"publish","type":"product","link":"https:\/\/www.adriabandiere.com\/fr\/prodotti\/drapeaux\/nations-etrangeres\/union-europeenne\/","title":{"rendered":"UNION EUROP\u00c9ENNE"},"content":{"rendered":"","protected":false},"excerpt":{"rendered":"<p>Union europ\u00e9enne, cm 70&#215;100 ponge polyester \u00e9conomique &lsquo;<br \/>\n04b03ce Union europ\u00e9enne, cm 50&#215;75 ponge polyester \u00e9conomique &lsquo;<br \/>\n100ce Union europ\u00e9enne, 100&#215;150 cm polyester pas cher<br \/>\n101b01 Union europ\u00e9enne, 20&#215;30 cm<br \/>\n101b02 Union europ\u00e9enne, 30&#215;45 cm<br \/>\n101b03 Union europ\u00e9enne, 40&#215;60 cm<br \/>\n101b04 Union europ\u00e9enne, 50&#215;75 cm<br \/>\n101b04px Union europ\u00e9enne, cm 50&#215;75 en polyester nautique<br \/>\n101b05 Union europ\u00e9enne, 70&#215;100 cm<br \/>\n101b05px Union europ\u00e9enne, cm 70&#215;100 polyester nautique<br \/>\n101b06 Union europ\u00e9enne, 80&#215;120 cm<br \/>\n101b06px Union europ\u00e9enne, cm 80&#215;120 polyester nautique<br \/>\n101b07 Union europ\u00e9enne, 100&#215;150 cm<br \/>\n101b07px Union europ\u00e9enne, cm 100&#215;150 polyester nautique<br \/>\n101b07x Union europ\u00e9enne, cm 80&#215;150<br \/>\n101b08 Union europ\u00e9enne, 130&#215;200 cm<br \/>\n101b081 Union europ\u00e9enne, 100&#215;200 cm<br \/>\n101b08p Union europ\u00e9enne, polyester nautique 120&#215;180 cm<br \/>\n101b08px Union europ\u00e9enne, cm 130&#215;200 polyester nautique<br \/>\n101b09 Union europ\u00e9enne, 150&#215;225 cm<br \/>\n101b09px Union europ\u00e9enne, cm 150&#215;225 polyester nautique<br \/>\n101b09x Union europ\u00e9enne, cm 150&#215;230 polyester nautique<br \/>\n101b10 Union europ\u00e9enne, 200&#215;300 cm<br \/>\n101b101p Union europ\u00e9enne, cm 180&#215;260 polyester nautique<br \/>\n101b108p Union europ\u00e9enne, 110&#215;180 cm nautique<br \/>\n101b10px Union europ\u00e9enne, cm 200&#215;300 polyester nautique<br \/>\n101b10x Union europ\u00e9enne, 190&#215;280 cm<br \/>\n101b11 Union europ\u00e9enne, 250&#215;375 cm<br \/>\n101b11px Union europ\u00e9enne, cm 250&#215;375 polyester nautique<br \/>\n101b11x Union europ\u00e9enne, cm 600&#215;150<br \/>\n101b12 Union europ\u00e9enne, 300&#215;450 cm<br \/>\n101b12px Union europ\u00e9enne, cm 300&#215;450 polyester nautique<br \/>\n101b12x Union europ\u00e9enne, cm 500&#215;120<br \/>\n101b13 Union europ\u00e9enne, 400&#215;600 cm<br \/>\n101b13px Union europ\u00e9enne, cm 400&#215;600 polyester nautique<br \/>\n101b13x Union europ\u00e9enne, 500&#215;750 cm<br \/>\n101b14 Union europ\u00e9enne, 550&#215;825 cm<br \/>\n101b17 Union europ\u00e9enne, 150&#215;300 cm<br \/>\n26b21ue Union europ\u00e9enne, cm 210&#215;70 vert.<br \/>\n26b21uex Union europ\u00e9enne, cm 210&#215;70 vert. polyester nautique<br \/>\n26b22ue Union europ\u00e9enne, cm 300&#215;100 vert.<br \/>\n26b22uex Union europ\u00e9enne, cm 300&#215;100 vert. polyester nautique<br \/>\n26b23ue Union europ\u00e9enne, cm 200&#215;100 vert.<br \/>\n26b24ue Union europ\u00e9enne, cm 400&#215;100 vert.<br \/>\n26b24uex Union europ\u00e9enne, cm 100&#215;400 vert. polyester nautique<br \/>\n26b25ue Union europ\u00e9enne, cm 400&#215;150 \/ 120 vert.<br \/>\n26b27ue Union europ\u00e9enne, cm 500&#215;135 vert.<br \/>\n30b01ce Union Europ\u00e9enne, table en polyester 14&#215;21 cm<br \/>\n31b02cee Union europ\u00e9enne, 20&#215;30 cm \u00e0 agiter<br \/>\n32b023ce Union europ\u00e9enne, 16&#215;25 cm<br \/>\n32b024ce Union europ\u00e9enne, 20&#215;30 cm double satin<br \/>\n32b043ce Union europ\u00e9enne, 15,5&#215;23 cm<br \/>\n64b019ce Union europ\u00e9enne, 150&#215;225 cm en soie<br \/>\n64b037ce Union europ\u00e9enne, 100&#215;150 cm en soie brod\u00e9e \u00e0 la main<br \/>\n64b077ce Union europ\u00e9enne, 100&#215;150 cm en satin de polyester sans frange<br \/>\n64b078ce Union europ\u00e9enne, 130&#215;200 cm en satin polyester \u00e9pais<br \/>\n64b128ce Union europ\u00e9enne, soie imprim\u00e9e double cm 130&#215;200<\/p>\n","protected":false},"featured_media":43729,"template":"","meta":{"_acf_changed":false,"ngg_post_thumbnail":0},"product_brand":[],"product_cat":[458,479],"product_tag":[],"class_list":{"0":"post-49827","1":"product","2":"type-product","3":"status-publish","4":"has-post-thumbnail","6":"product_cat-drapeaux","7":"product_cat-nations-etrangeres","9":"first","10":"instock","11":"shipping-taxable","12":"product-type-simple"},"acf":[],"yoast_head":"<!-- This site is optimized with the Yoast SEO Premium plugin v20.11 (Yoast SEO v20.11) - https:\/\/yoast.com\/wordpress\/plugins\/seo\/ -->\n<title>UNION EUROP\u00c9ENNE - AdriaBandiere<\/title>\n<meta name=\"description\" content=\"Scopri UNION EUROP\u00c9ENNE e gli altri prodotti del catalogo di AdriaBandiere. Entra nel sito.\" \/>\n<meta name=\"robots\" content=\"index, follow, max-snippet:-1, max-image-preview:large, max-video-preview:-1\" \/>\n<link rel=\"canonical\" href=\"https:\/\/www.adriabandiere.com\/fr\/prodotti\/drapeaux\/nations-etrangeres\/union-europeenne\/\" \/>\n<meta property=\"og:locale\" content=\"fr_FR\" \/>\n<meta property=\"og:type\" content=\"article\" \/>\n<meta property=\"og:title\" content=\"UNION EUROP\u00c9ENNE\" \/>\n<meta property=\"og:description\" content=\"Scopri UNION EUROP\u00c9ENNE e gli altri prodotti del catalogo di AdriaBandiere. Entra nel sito.\" \/>\n<meta property=\"og:url\" content=\"https:\/\/www.adriabandiere.com\/fr\/prodotti\/drapeaux\/nations-etrangeres\/union-europeenne\/\" \/>\n<meta property=\"og:site_name\" content=\"Adria Bandiere\" \/>\n<meta property=\"og:image\" content=\"https:\/\/www.adriabandiere.com\/wp-content\/uploads\/2021\/01\/04b01ce-1-2.jpg\" \/>\n\t<meta property=\"og:image:width\" content=\"1024\" \/>\n\t<meta property=\"og:image:height\" content=\"683\" \/>\n\t<meta property=\"og:image:type\" content=\"image\/jpeg\" \/>\n<meta name=\"twitter:card\" content=\"summary_large_image\" \/>\n<script type=\"application\/ld+json\" class=\"yoast-schema-graph\">{\"@context\":\"https:\/\/schema.org\",\"@graph\":[{\"@type\":\"WebPage\",\"@id\":\"https:\/\/www.adriabandiere.com\/fr\/prodotti\/drapeaux\/nations-etrangeres\/union-europeenne\/\",\"url\":\"https:\/\/www.adriabandiere.com\/fr\/prodotti\/drapeaux\/nations-etrangeres\/union-europeenne\/\",\"name\":\"UNION EUROP\u00c9ENNE - AdriaBandiere\",\"isPartOf\":{\"@id\":\"https:\/\/www.adriabandiere.com\/fr\/#website\"},\"datePublished\":\"2021-01-28T15:13:38+00:00\",\"dateModified\":\"2021-01-28T15:13:38+00:00\",\"description\":\"Scopri UNION EUROP\u00c9ENNE e gli altri prodotti del catalogo di AdriaBandiere. Entra nel sito.\",\"breadcrumb\":{\"@id\":\"https:\/\/www.adriabandiere.com\/fr\/prodotti\/drapeaux\/nations-etrangeres\/union-europeenne\/#breadcrumb\"},\"inLanguage\":\"fr-FR\",\"potentialAction\":[{\"@type\":\"ReadAction\",\"target\":[\"https:\/\/www.adriabandiere.com\/fr\/prodotti\/drapeaux\/nations-etrangeres\/union-europeenne\/\"]}]},{\"@type\":\"BreadcrumbList\",\"@id\":\"https:\/\/www.adriabandiere.com\/fr\/prodotti\/drapeaux\/nations-etrangeres\/union-europeenne\/#breadcrumb\",\"itemListElement\":[{\"@type\":\"ListItem\",\"position\":1,\"name\":\"Prodotti\",\"item\":\"https:\/\/www.adriabandiere.com\/it\/prodotti\/\"},{\"@type\":\"ListItem\",\"position\":2,\"name\":\"UNION EUROP\u00c9ENNE\"}]},{\"@type\":\"WebSite\",\"@id\":\"https:\/\/www.adriabandiere.com\/fr\/#website\",\"url\":\"https:\/\/www.adriabandiere.com\/fr\/\",\"name\":\"Adria Bandiere\",\"description\":\"\",\"potentialAction\":[{\"@type\":\"SearchAction\",\"target\":{\"@type\":\"EntryPoint\",\"urlTemplate\":\"https:\/\/www.adriabandiere.com\/fr\/?s={search_term_string}\"},\"query-input\":\"required name=search_term_string\"}],\"inLanguage\":\"fr-FR\"}]}<\/script>\n<!-- \/ Yoast SEO Premium plugin. -->","yoast_head_json":{"title":"UNION EUROP\u00c9ENNE - AdriaBandiere","description":"Scopri UNION EUROP\u00c9ENNE e gli altri prodotti del catalogo di AdriaBandiere. Entra nel sito.","robots":{"index":"index","follow":"follow","max-snippet":"max-snippet:-1","max-image-preview":"max-image-preview:large","max-video-preview":"max-video-preview:-1"},"canonical":"https:\/\/www.adriabandiere.com\/fr\/prodotti\/drapeaux\/nations-etrangeres\/union-europeenne\/","og_locale":"fr_FR","og_type":"article","og_title":"UNION EUROP\u00c9ENNE","og_description":"Scopri UNION EUROP\u00c9ENNE e gli altri prodotti del catalogo di AdriaBandiere. Entra nel sito.","og_url":"https:\/\/www.adriabandiere.com\/fr\/prodotti\/drapeaux\/nations-etrangeres\/union-europeenne\/","og_site_name":"Adria Bandiere","og_image":[{"width":1024,"height":683,"url":"https:\/\/www.adriabandiere.com\/wp-content\/uploads\/2021\/01\/04b01ce-1-2.jpg","type":"image\/jpeg"}],"twitter_card":"summary_large_image","schema":{"@context":"https:\/\/schema.org","@graph":[{"@type":"WebPage","@id":"https:\/\/www.adriabandiere.com\/fr\/prodotti\/drapeaux\/nations-etrangeres\/union-europeenne\/","url":"https:\/\/www.adriabandiere.com\/fr\/prodotti\/drapeaux\/nations-etrangeres\/union-europeenne\/","name":"UNION EUROP\u00c9ENNE - AdriaBandiere","isPartOf":{"@id":"https:\/\/www.adriabandiere.com\/fr\/#website"},"datePublished":"2021-01-28T15:13:38+00:00","dateModified":"2021-01-28T15:13:38+00:00","description":"Scopri UNION EUROP\u00c9ENNE e gli altri prodotti del catalogo di AdriaBandiere. Entra nel sito.","breadcrumb":{"@id":"https:\/\/www.adriabandiere.com\/fr\/prodotti\/drapeaux\/nations-etrangeres\/union-europeenne\/#breadcrumb"},"inLanguage":"fr-FR","potentialAction":[{"@type":"ReadAction","target":["https:\/\/www.adriabandiere.com\/fr\/prodotti\/drapeaux\/nations-etrangeres\/union-europeenne\/"]}]},{"@type":"BreadcrumbList","@id":"https:\/\/www.adriabandiere.com\/fr\/prodotti\/drapeaux\/nations-etrangeres\/union-europeenne\/#breadcrumb","itemListElement":[{"@type":"ListItem","position":1,"name":"Prodotti","item":"https:\/\/www.adriabandiere.com\/it\/prodotti\/"},{"@type":"ListItem","position":2,"name":"UNION EUROP\u00c9ENNE"}]},{"@type":"WebSite","@id":"https:\/\/www.adriabandiere.com\/fr\/#website","url":"https:\/\/www.adriabandiere.com\/fr\/","name":"Adria Bandiere","description":"","potentialAction":[{"@type":"SearchAction","target":{"@type":"EntryPoint","urlTemplate":"https:\/\/www.adriabandiere.com\/fr\/?s={search_term_string}"},"query-input":"required name=search_term_string"}],"inLanguage":"fr-FR"}]}},"_links":{"self":[{"href":"https:\/\/www.adriabandiere.com\/fr\/wp-json\/wp\/v2\/product\/49827","targetHints":{"allow":["GET"]}}],"collection":[{"href":"https:\/\/www.adriabandiere.com\/fr\/wp-json\/wp\/v2\/product"}],"about":[{"href":"https:\/\/www.adriabandiere.com\/fr\/wp-json\/wp\/v2\/types\/product"}],"wp:featuredmedia":[{"embeddable":true,"href":"https:\/\/www.adriabandiere.com\/fr\/wp-json\/wp\/v2\/media\/43729"}],"wp:attachment":[{"href":"https:\/\/www.adriabandiere.com\/fr\/wp-json\/wp\/v2\/media?parent=49827"}],"wp:term":[{"taxonomy":"product_brand","embeddable":true,"href":"https:\/\/www.adriabandiere.com\/fr\/wp-json\/wp\/v2\/product_brand?post=49827"},{"taxonomy":"product_cat","embeddable":true,"href":"https:\/\/www.adriabandiere.com\/fr\/wp-json\/wp\/v2\/product_cat?post=49827"},{"taxonomy":"product_tag","embeddable":true,"href":"https:\/\/www.adriabandiere.com\/fr\/wp-json\/wp\/v2\/product_tag?post=49827"}],"curies":[{"name":"wp","href":"https:\/\/api.w.org\/{rel}","templated":true}]}}