{"id":48824,"date":"2021-01-27T15:10:44","date_gmt":"2021-01-28T14:12:36","guid":{"rendered":"https:\/\/labs.giamaica.app\/webit\/adriabandiere.com\/shop\/non class\u00e9\/japanische-militaerflagge\/"},"modified":"2021-01-28T15:12:36","modified_gmt":"2021-01-28T14:12:36","slug":"japonische-militarflagge","status":"publish","type":"product","link":"https:\/\/www.adriabandiere.com\/fr\/prodotti\/drapeaux\/nations-etrangeres\/japonische-militarflagge\/","title":{"rendered":"JAPANISCHE MILIT\u00c4RFLAGGE"},"content":{"rendered":"","protected":false},"excerpt":{"rendered":"<p>Japanische milit\u00c4rflagge, cm 100&#215;150 preisg\u00dcnstiges polyester<br \/>\nbg431 Japon kriegsflagge, 20&#215;30 cm<br \/>\nbg432 Japon kriegsflagge, cm 30&#215;45<br \/>\nbg433 Japon kriegsflagge, 40&#215;60 cm<br \/>\nbg434 Japon kriegsflagge, cm 50&#215;75<br \/>\nbg435 Japon kriegsflagge, 70&#215;100 cm<br \/>\nbg436 Japon kriegsflagge, cm 80&#215;120<br \/>\nbg437 Japon kriegsflagge, cm 100&#215;150<br \/>\nbg438 Japon kriegsflagge, cm 130&#215;200<br \/>\nbg439 Japon kriegsflagge, cm 150&#215;225<br \/>\nbg440 Japon kriegsflagge, cm 200&#215;300<\/p>\n","protected":false},"featured_media":0,"template":"","meta":{"_acf_changed":false,"ngg_post_thumbnail":0},"product_brand":[],"product_cat":[458,479],"product_tag":[],"class_list":{"0":"post-48824","1":"product","2":"type-product","3":"status-publish","5":"product_cat-drapeaux","6":"product_cat-nations-etrangeres","8":"first","9":"instock","10":"shipping-taxable","11":"product-type-simple"},"acf":[],"yoast_head":"<!-- This site is optimized with the Yoast SEO Premium plugin v20.11 (Yoast SEO v20.11) - https:\/\/yoast.com\/wordpress\/plugins\/seo\/ -->\n<title>JAPANISCHE MILIT\u00c4RFLAGGE - AdriaBandiere<\/title>\n<meta name=\"description\" content=\"Scopri JAPANISCHE MILIT\u00c4RFLAGGE e gli altri prodotti del catalogo di AdriaBandiere. Entra nel sito.\" \/>\n<meta name=\"robots\" content=\"index, follow, max-snippet:-1, max-image-preview:large, max-video-preview:-1\" \/>\n<link rel=\"canonical\" href=\"https:\/\/www.adriabandiere.com\/fr\/prodotti\/drapeaux\/nations-etrangeres\/japonische-militarflagge\/\" \/>\n<meta property=\"og:locale\" content=\"fr_FR\" \/>\n<meta property=\"og:type\" content=\"article\" \/>\n<meta property=\"og:title\" content=\"JAPANISCHE MILIT\u00c4RFLAGGE\" \/>\n<meta property=\"og:description\" content=\"Scopri JAPANISCHE MILIT\u00c4RFLAGGE e gli altri prodotti del catalogo di AdriaBandiere. Entra nel sito.\" \/>\n<meta property=\"og:url\" content=\"https:\/\/www.adriabandiere.com\/fr\/prodotti\/drapeaux\/nations-etrangeres\/japonische-militarflagge\/\" \/>\n<meta property=\"og:site_name\" content=\"Adria Bandiere\" \/>\n<meta name=\"twitter:card\" content=\"summary_large_image\" \/>\n<script type=\"application\/ld+json\" class=\"yoast-schema-graph\">{\"@context\":\"https:\/\/schema.org\",\"@graph\":[{\"@type\":\"WebPage\",\"@id\":\"https:\/\/www.adriabandiere.com\/fr\/prodotti\/drapeaux\/nations-etrangeres\/japonische-militarflagge\/\",\"url\":\"https:\/\/www.adriabandiere.com\/fr\/prodotti\/drapeaux\/nations-etrangeres\/japonische-militarflagge\/\",\"name\":\"JAPANISCHE MILIT\u00c4RFLAGGE - AdriaBandiere\",\"isPartOf\":{\"@id\":\"https:\/\/www.adriabandiere.com\/fr\/#website\"},\"datePublished\":\"2021-01-28T14:12:36+00:00\",\"dateModified\":\"2021-01-28T14:12:36+00:00\",\"description\":\"Scopri JAPANISCHE MILIT\u00c4RFLAGGE e gli altri prodotti del catalogo di AdriaBandiere. Entra nel sito.\",\"breadcrumb\":{\"@id\":\"https:\/\/www.adriabandiere.com\/fr\/prodotti\/drapeaux\/nations-etrangeres\/japonische-militarflagge\/#breadcrumb\"},\"inLanguage\":\"fr-FR\",\"potentialAction\":[{\"@type\":\"ReadAction\",\"target\":[\"https:\/\/www.adriabandiere.com\/fr\/prodotti\/drapeaux\/nations-etrangeres\/japonische-militarflagge\/\"]}]},{\"@type\":\"BreadcrumbList\",\"@id\":\"https:\/\/www.adriabandiere.com\/fr\/prodotti\/drapeaux\/nations-etrangeres\/japonische-militarflagge\/#breadcrumb\",\"itemListElement\":[{\"@type\":\"ListItem\",\"position\":1,\"name\":\"Prodotti\",\"item\":\"https:\/\/www.adriabandiere.com\/it\/prodotti\/\"},{\"@type\":\"ListItem\",\"position\":2,\"name\":\"JAPANISCHE MILIT\u00c4RFLAGGE\"}]},{\"@type\":\"WebSite\",\"@id\":\"https:\/\/www.adriabandiere.com\/fr\/#website\",\"url\":\"https:\/\/www.adriabandiere.com\/fr\/\",\"name\":\"Adria Bandiere\",\"description\":\"\",\"potentialAction\":[{\"@type\":\"SearchAction\",\"target\":{\"@type\":\"EntryPoint\",\"urlTemplate\":\"https:\/\/www.adriabandiere.com\/fr\/?s={search_term_string}\"},\"query-input\":\"required name=search_term_string\"}],\"inLanguage\":\"fr-FR\"}]}<\/script>\n<!-- \/ Yoast SEO Premium plugin. -->","yoast_head_json":{"title":"JAPANISCHE MILIT\u00c4RFLAGGE - AdriaBandiere","description":"Scopri JAPANISCHE MILIT\u00c4RFLAGGE e gli altri prodotti del catalogo di AdriaBandiere. Entra nel sito.","robots":{"index":"index","follow":"follow","max-snippet":"max-snippet:-1","max-image-preview":"max-image-preview:large","max-video-preview":"max-video-preview:-1"},"canonical":"https:\/\/www.adriabandiere.com\/fr\/prodotti\/drapeaux\/nations-etrangeres\/japonische-militarflagge\/","og_locale":"fr_FR","og_type":"article","og_title":"JAPANISCHE MILIT\u00c4RFLAGGE","og_description":"Scopri JAPANISCHE MILIT\u00c4RFLAGGE e gli altri prodotti del catalogo di AdriaBandiere. Entra nel sito.","og_url":"https:\/\/www.adriabandiere.com\/fr\/prodotti\/drapeaux\/nations-etrangeres\/japonische-militarflagge\/","og_site_name":"Adria Bandiere","twitter_card":"summary_large_image","schema":{"@context":"https:\/\/schema.org","@graph":[{"@type":"WebPage","@id":"https:\/\/www.adriabandiere.com\/fr\/prodotti\/drapeaux\/nations-etrangeres\/japonische-militarflagge\/","url":"https:\/\/www.adriabandiere.com\/fr\/prodotti\/drapeaux\/nations-etrangeres\/japonische-militarflagge\/","name":"JAPANISCHE MILIT\u00c4RFLAGGE - AdriaBandiere","isPartOf":{"@id":"https:\/\/www.adriabandiere.com\/fr\/#website"},"datePublished":"2021-01-28T14:12:36+00:00","dateModified":"2021-01-28T14:12:36+00:00","description":"Scopri JAPANISCHE MILIT\u00c4RFLAGGE e gli altri prodotti del catalogo di AdriaBandiere. Entra nel sito.","breadcrumb":{"@id":"https:\/\/www.adriabandiere.com\/fr\/prodotti\/drapeaux\/nations-etrangeres\/japonische-militarflagge\/#breadcrumb"},"inLanguage":"fr-FR","potentialAction":[{"@type":"ReadAction","target":["https:\/\/www.adriabandiere.com\/fr\/prodotti\/drapeaux\/nations-etrangeres\/japonische-militarflagge\/"]}]},{"@type":"BreadcrumbList","@id":"https:\/\/www.adriabandiere.com\/fr\/prodotti\/drapeaux\/nations-etrangeres\/japonische-militarflagge\/#breadcrumb","itemListElement":[{"@type":"ListItem","position":1,"name":"Prodotti","item":"https:\/\/www.adriabandiere.com\/it\/prodotti\/"},{"@type":"ListItem","position":2,"name":"JAPANISCHE MILIT\u00c4RFLAGGE"}]},{"@type":"WebSite","@id":"https:\/\/www.adriabandiere.com\/fr\/#website","url":"https:\/\/www.adriabandiere.com\/fr\/","name":"Adria Bandiere","description":"","potentialAction":[{"@type":"SearchAction","target":{"@type":"EntryPoint","urlTemplate":"https:\/\/www.adriabandiere.com\/fr\/?s={search_term_string}"},"query-input":"required name=search_term_string"}],"inLanguage":"fr-FR"}]}},"_links":{"self":[{"href":"https:\/\/www.adriabandiere.com\/fr\/wp-json\/wp\/v2\/product\/48824","targetHints":{"allow":["GET"]}}],"collection":[{"href":"https:\/\/www.adriabandiere.com\/fr\/wp-json\/wp\/v2\/product"}],"about":[{"href":"https:\/\/www.adriabandiere.com\/fr\/wp-json\/wp\/v2\/types\/product"}],"wp:attachment":[{"href":"https:\/\/www.adriabandiere.com\/fr\/wp-json\/wp\/v2\/media?parent=48824"}],"wp:term":[{"taxonomy":"product_brand","embeddable":true,"href":"https:\/\/www.adriabandiere.com\/fr\/wp-json\/wp\/v2\/product_brand?post=48824"},{"taxonomy":"product_cat","embeddable":true,"href":"https:\/\/www.adriabandiere.com\/fr\/wp-json\/wp\/v2\/product_cat?post=48824"},{"taxonomy":"product_tag","embeddable":true,"href":"https:\/\/www.adriabandiere.com\/fr\/wp-json\/wp\/v2\/product_tag?post=48824"}],"curies":[{"name":"wp","href":"https:\/\/api.w.org\/{rel}","templated":true}]}}