{"id":47939,"date":"2021-01-27T15:16:18","date_gmt":"2021-01-28T13:28:59","guid":{"rendered":"https:\/\/labs.giamaica.app\/webit\/adriabandiere.com\/shop\/non class\u00e9\/general-de-la-brigade-de-lair\/"},"modified":"2021-01-28T14:28:59","modified_gmt":"2021-01-28T13:28:59","slug":"general-de-brigade-air","status":"publish","type":"product","link":"https:\/\/www.adriabandiere.com\/fr\/prodotti\/drapeaux\/militaire\/general-de-brigade-air\/","title":{"rendered":"G\u00c9N\u00c9RAL DE LA BRIGADE DE L&rsquo;AIR"},"content":{"rendered":"","protected":false},"excerpt":{"rendered":"<p>G\u00e9n\u00e9ral de brigade a\u00e9rienne, 9 ^ gr. 20&#215;30 cm<br \/>\n59b42 G\u00e9n\u00e9ral de brigade a\u00e9rienne, 8 ^ gr. 30&#215;45 cm<br \/>\n59b43 G\u00e9n\u00e9ral de brigade a\u00e9rienne, 7 ^ gr. 35&#215;52 cm<br \/>\n59b44 G\u00e9n\u00e9ral de brigade a\u00e9rienne, 6e gr. 55&#215;80 centim\u00e8tres<br \/>\n59b45 G\u00e9n\u00e9ral de brigade a\u00e9rienne, 5e gr. 80&#215;120 centim\u00e8tres<br \/>\n59b46 G\u00e9n\u00e9ral de brigade a\u00e9rienne, 4e gr. 120&#215;180 centim\u00e8tres<br \/>\n59b47 G\u00e9n\u00e9ral de brigade a\u00e9rienne, 3e gr. 200 x 300 cm<\/p>\n","protected":false},"featured_media":44441,"template":"","meta":{"_acf_changed":false,"ngg_post_thumbnail":0},"product_brand":[],"product_cat":[458,466],"product_tag":[],"class_list":{"0":"post-47939","1":"product","2":"type-product","3":"status-publish","4":"has-post-thumbnail","6":"product_cat-drapeaux","7":"product_cat-militaire","9":"first","10":"instock","11":"shipping-taxable","12":"product-type-simple"},"acf":[],"yoast_head":"<!-- This site is optimized with the Yoast SEO Premium plugin v20.11 (Yoast SEO v20.11) - https:\/\/yoast.com\/wordpress\/plugins\/seo\/ -->\n<title>G\u00c9N\u00c9RAL DE LA BRIGADE DE L&#039;AIR - AdriaBandiere<\/title>\n<meta name=\"description\" content=\"Scopri G\u00c9N\u00c9RAL DE LA BRIGADE DE L&#039;AIR e gli altri prodotti del catalogo di AdriaBandiere. Entra nel sito.\" \/>\n<meta name=\"robots\" content=\"index, follow, max-snippet:-1, max-image-preview:large, max-video-preview:-1\" \/>\n<link rel=\"canonical\" href=\"https:\/\/www.adriabandiere.com\/fr\/prodotti\/drapeaux\/militaire\/general-de-brigade-air\/\" \/>\n<meta property=\"og:locale\" content=\"fr_FR\" \/>\n<meta property=\"og:type\" content=\"article\" \/>\n<meta property=\"og:title\" content=\"G\u00c9N\u00c9RAL DE LA BRIGADE DE L&#039;AIR\" \/>\n<meta property=\"og:description\" content=\"Scopri G\u00c9N\u00c9RAL DE LA BRIGADE DE L&#039;AIR e gli altri prodotti del catalogo di AdriaBandiere. Entra nel sito.\" \/>\n<meta property=\"og:url\" content=\"https:\/\/www.adriabandiere.com\/fr\/prodotti\/drapeaux\/militaire\/general-de-brigade-air\/\" \/>\n<meta property=\"og:site_name\" content=\"Adria Bandiere\" \/>\n<meta property=\"og:image\" content=\"https:\/\/www.adriabandiere.com\/wp-content\/uploads\/2021\/01\/59b41-1.jpg\" \/>\n\t<meta property=\"og:image:width\" content=\"1024\" \/>\n\t<meta property=\"og:image:height\" content=\"690\" \/>\n\t<meta property=\"og:image:type\" content=\"image\/jpeg\" \/>\n<meta name=\"twitter:card\" content=\"summary_large_image\" \/>\n<script type=\"application\/ld+json\" class=\"yoast-schema-graph\">{\"@context\":\"https:\/\/schema.org\",\"@graph\":[{\"@type\":\"WebPage\",\"@id\":\"https:\/\/www.adriabandiere.com\/fr\/prodotti\/drapeaux\/militaire\/general-de-brigade-air\/\",\"url\":\"https:\/\/www.adriabandiere.com\/fr\/prodotti\/drapeaux\/militaire\/general-de-brigade-air\/\",\"name\":\"G\u00c9N\u00c9RAL DE LA BRIGADE DE L'AIR - AdriaBandiere\",\"isPartOf\":{\"@id\":\"https:\/\/www.adriabandiere.com\/fr\/#website\"},\"datePublished\":\"2021-01-28T13:28:59+00:00\",\"dateModified\":\"2021-01-28T13:28:59+00:00\",\"description\":\"Scopri G\u00c9N\u00c9RAL DE LA BRIGADE DE L'AIR e gli altri prodotti del catalogo di AdriaBandiere. Entra nel sito.\",\"breadcrumb\":{\"@id\":\"https:\/\/www.adriabandiere.com\/fr\/prodotti\/drapeaux\/militaire\/general-de-brigade-air\/#breadcrumb\"},\"inLanguage\":\"fr-FR\",\"potentialAction\":[{\"@type\":\"ReadAction\",\"target\":[\"https:\/\/www.adriabandiere.com\/fr\/prodotti\/drapeaux\/militaire\/general-de-brigade-air\/\"]}]},{\"@type\":\"BreadcrumbList\",\"@id\":\"https:\/\/www.adriabandiere.com\/fr\/prodotti\/drapeaux\/militaire\/general-de-brigade-air\/#breadcrumb\",\"itemListElement\":[{\"@type\":\"ListItem\",\"position\":1,\"name\":\"Prodotti\",\"item\":\"https:\/\/www.adriabandiere.com\/it\/prodotti\/\"},{\"@type\":\"ListItem\",\"position\":2,\"name\":\"G\u00c9N\u00c9RAL DE LA BRIGADE DE L&#8217;AIR\"}]},{\"@type\":\"WebSite\",\"@id\":\"https:\/\/www.adriabandiere.com\/fr\/#website\",\"url\":\"https:\/\/www.adriabandiere.com\/fr\/\",\"name\":\"Adria Bandiere\",\"description\":\"\",\"potentialAction\":[{\"@type\":\"SearchAction\",\"target\":{\"@type\":\"EntryPoint\",\"urlTemplate\":\"https:\/\/www.adriabandiere.com\/fr\/?s={search_term_string}\"},\"query-input\":\"required name=search_term_string\"}],\"inLanguage\":\"fr-FR\"}]}<\/script>\n<!-- \/ Yoast SEO Premium plugin. -->","yoast_head_json":{"title":"G\u00c9N\u00c9RAL DE LA BRIGADE DE L'AIR - AdriaBandiere","description":"Scopri G\u00c9N\u00c9RAL DE LA BRIGADE DE L'AIR e gli altri prodotti del catalogo di AdriaBandiere. Entra nel sito.","robots":{"index":"index","follow":"follow","max-snippet":"max-snippet:-1","max-image-preview":"max-image-preview:large","max-video-preview":"max-video-preview:-1"},"canonical":"https:\/\/www.adriabandiere.com\/fr\/prodotti\/drapeaux\/militaire\/general-de-brigade-air\/","og_locale":"fr_FR","og_type":"article","og_title":"G\u00c9N\u00c9RAL DE LA BRIGADE DE L'AIR","og_description":"Scopri G\u00c9N\u00c9RAL DE LA BRIGADE DE L'AIR e gli altri prodotti del catalogo di AdriaBandiere. Entra nel sito.","og_url":"https:\/\/www.adriabandiere.com\/fr\/prodotti\/drapeaux\/militaire\/general-de-brigade-air\/","og_site_name":"Adria Bandiere","og_image":[{"width":1024,"height":690,"url":"https:\/\/www.adriabandiere.com\/wp-content\/uploads\/2021\/01\/59b41-1.jpg","type":"image\/jpeg"}],"twitter_card":"summary_large_image","schema":{"@context":"https:\/\/schema.org","@graph":[{"@type":"WebPage","@id":"https:\/\/www.adriabandiere.com\/fr\/prodotti\/drapeaux\/militaire\/general-de-brigade-air\/","url":"https:\/\/www.adriabandiere.com\/fr\/prodotti\/drapeaux\/militaire\/general-de-brigade-air\/","name":"G\u00c9N\u00c9RAL DE LA BRIGADE DE L'AIR - AdriaBandiere","isPartOf":{"@id":"https:\/\/www.adriabandiere.com\/fr\/#website"},"datePublished":"2021-01-28T13:28:59+00:00","dateModified":"2021-01-28T13:28:59+00:00","description":"Scopri G\u00c9N\u00c9RAL DE LA BRIGADE DE L'AIR e gli altri prodotti del catalogo di AdriaBandiere. Entra nel sito.","breadcrumb":{"@id":"https:\/\/www.adriabandiere.com\/fr\/prodotti\/drapeaux\/militaire\/general-de-brigade-air\/#breadcrumb"},"inLanguage":"fr-FR","potentialAction":[{"@type":"ReadAction","target":["https:\/\/www.adriabandiere.com\/fr\/prodotti\/drapeaux\/militaire\/general-de-brigade-air\/"]}]},{"@type":"BreadcrumbList","@id":"https:\/\/www.adriabandiere.com\/fr\/prodotti\/drapeaux\/militaire\/general-de-brigade-air\/#breadcrumb","itemListElement":[{"@type":"ListItem","position":1,"name":"Prodotti","item":"https:\/\/www.adriabandiere.com\/it\/prodotti\/"},{"@type":"ListItem","position":2,"name":"G\u00c9N\u00c9RAL DE LA BRIGADE DE L&#8217;AIR"}]},{"@type":"WebSite","@id":"https:\/\/www.adriabandiere.com\/fr\/#website","url":"https:\/\/www.adriabandiere.com\/fr\/","name":"Adria Bandiere","description":"","potentialAction":[{"@type":"SearchAction","target":{"@type":"EntryPoint","urlTemplate":"https:\/\/www.adriabandiere.com\/fr\/?s={search_term_string}"},"query-input":"required name=search_term_string"}],"inLanguage":"fr-FR"}]}},"_links":{"self":[{"href":"https:\/\/www.adriabandiere.com\/fr\/wp-json\/wp\/v2\/product\/47939","targetHints":{"allow":["GET"]}}],"collection":[{"href":"https:\/\/www.adriabandiere.com\/fr\/wp-json\/wp\/v2\/product"}],"about":[{"href":"https:\/\/www.adriabandiere.com\/fr\/wp-json\/wp\/v2\/types\/product"}],"wp:featuredmedia":[{"embeddable":true,"href":"https:\/\/www.adriabandiere.com\/fr\/wp-json\/wp\/v2\/media\/44441"}],"wp:attachment":[{"href":"https:\/\/www.adriabandiere.com\/fr\/wp-json\/wp\/v2\/media?parent=47939"}],"wp:term":[{"taxonomy":"product_brand","embeddable":true,"href":"https:\/\/www.adriabandiere.com\/fr\/wp-json\/wp\/v2\/product_brand?post=47939"},{"taxonomy":"product_cat","embeddable":true,"href":"https:\/\/www.adriabandiere.com\/fr\/wp-json\/wp\/v2\/product_cat?post=47939"},{"taxonomy":"product_tag","embeddable":true,"href":"https:\/\/www.adriabandiere.com\/fr\/wp-json\/wp\/v2\/product_tag?post=47939"}],"curies":[{"name":"wp","href":"https:\/\/api.w.org\/{rel}","templated":true}]}}