{"id":46597,"date":"2021-01-28T10:57:36","date_gmt":"2021-01-28T09:57:36","guid":{"rendered":"https:\/\/labs.giamaica.app\/webit\/adriabandiere.com\/accueil\/"},"modified":"2023-06-13T17:59:55","modified_gmt":"2023-06-13T15:59:55","slug":"accueil","status":"publish","type":"page","link":"https:\/\/www.adriabandiere.com\/fr\/","title":{"rendered":"Accueil"},"content":{"rendered":"<div class=\"wpb-content-wrapper\">[vc_row full_width=\u00a0\u00bbstretch_row_content_no_spaces\u00a0\u00bb css_animation=\u00a0\u00bbfadeIn\u00a0\u00bb][vc_column]\t\t\t<script src=\"\/\/www.adriabandiere.com\/wp-content\/plugins\/revslider\/sr6\/assets\/js\/rbtools.min.js?rev=6.7.40\"><\/script>\n\t\t\t<script src=\"\/\/www.adriabandiere.com\/wp-content\/plugins\/revslider\/sr6\/assets\/js\/rs6.min.js?rev=6.7.40\"><\/script>\n\n\t\t\t<!-- START Homepage REVOLUTION SLIDER 6.7.40 --><p class=\"rs-p-wp-fix\"><\/p>\n\t\t\t<rs-module-wrap id=\"rev_slider_1_1_wrapper\" data-source=\"gallery\" style=\"visibility:hidden;background:#eeeeee;padding:0;\">\n\t\t\t\t<rs-module id=\"rev_slider_1_1\" style=\"\" data-version=\"6.7.40\">\n\t\t\t\t\t<rs-slides style=\"overflow: hidden; position: absolute;\">\n\t\t\t\t\t\t<rs-slide style=\"position: absolute;\" data-key=\"rs-5\" data-title=\"Video\" data-anim=\"adpr:false;\" data-in=\"o:0;\" data-out=\"a:false;\">\n\t\t\t\t\t\t\t<img decoding=\"async\" src=\"\/\/www.adriabandiere.com\/wp-content\/plugins\/revslider\/sr6\/assets\/assets\/dummy.png\" alt=\"Video\" title=\"Accueil\" class=\"rev-slidebg tp-rs-img rs-lazyload\" data-lazyload=\"\/\/www.adriabandiere.com\/wp-content\/plugins\/revslider\/sr6\/assets\/assets\/transparent.png\" data-bg=\"p:center top;\" data-parallax=\"off\" data-no-retina>\n<!--\n\t\t\t\t\t\t\t--><rs-layer\n\t\t\t\t\t\t\t\tid=\"slider-1-slide-5-layer-0\" \n\t\t\t\t\t\t\t\tdata-type=\"image\"\n\t\t\t\t\t\t\t\tdata-rsp_ch=\"on\"\n\t\t\t\t\t\t\t\tdata-xy=\"x:c;y:m;\"\n\t\t\t\t\t\t\t\tdata-text=\"w:normal;s:20,17,12,7;l:0,22,16,9;\"\n\t\t\t\t\t\t\t\tdata-dim=\"w:2560px,2299px,1746px,1960px;h:1440px,1293px,982px,1320px;\"\n\t\t\t\t\t\t\t\tdata-frame_999=\"o:0;st:w;\"\n\t\t\t\t\t\t\t\tstyle=\"z-index:9;\"\n\t\t\t\t\t\t\t><img decoding=\"async\" src=\"\/\/www.adriabandiere.com\/wp-content\/plugins\/revslider\/sr6\/assets\/assets\/dummy.png\" alt=\"\" class=\"tp-rs-img rs-lazyload\" width=\"1900\" height=\"1280\" data-lazyload=\"\/\/www.adriabandiere.com\/wp-content\/uploads\/revslider\/homepage\/bg_gradient_AB.png\" data-no-retina> \n\t\t\t\t\t\t\t<\/rs-layer><!--\n\n\t\t\t\t\t\t\t--><rs-layer\n\t\t\t\t\t\t\t\tid=\"slider-1-slide-5-layer-1\" \n\t\t\t\t\t\t\t\tclass=\"custom-slider-text rs-pxl-3\"\n\t\t\t\t\t\t\t\tdata-type=\"text\"\n\t\t\t\t\t\t\t\tdata-color=\"rgba(255, 255, 255, 1)\"\n\t\t\t\t\t\t\t\tdata-rsp_ch=\"on\"\n\t\t\t\t\t\t\t\tdata-xy=\"x:c;y:m;\"\n\t\t\t\t\t\t\t\tdata-text=\"w:normal;s:54,24,24,42;l:28;ls:1px;fw:700,300,300,700;a:center;\"\n\t\t\t\t\t\t\t\tdata-dim=\"w:800px,800px,750px,460px;h:50px,80px,auto,163px;\"\n\t\t\t\t\t\t\t\tdata-frame_0=\"o:1;\"\n\t\t\t\t\t\t\t\tdata-frame_0_lines=\"d:10;y:50px;o:0;\"\n\t\t\t\t\t\t\t\tdata-frame_1=\"e:easeOutCirc;st:1400;sR:1400;\"\n\t\t\t\t\t\t\t\tdata-frame_1_lines=\"d:10;\"\n\t\t\t\t\t\t\t\tdata-frame_999=\"st:w;sR:7300;auto:true;\"\n\t\t\t\t\t\t\t\tstyle=\"z-index:12;font-family:'Source Sans Pro';\"\n\t\t\t\t\t\t\t>Adria Bandiere \n\t\t\t\t\t\t\t<\/rs-layer><!--\n\n\t\t\t\t\t\t\t--><rs-layer\n\t\t\t\t\t\t\t\tid=\"slider-1-slide-5-layer-3\" \n\t\t\t\t\t\t\t\tclass=\"slider-text rs-pxl-3\"\n\t\t\t\t\t\t\t\tdata-type=\"text\"\n\t\t\t\t\t\t\t\tdata-color=\"rgba(255, 255, 255, 1)\"\n\t\t\t\t\t\t\t\tdata-rsp_ch=\"on\"\n\t\t\t\t\t\t\t\tdata-xy=\"x:c;y:m;yo:68px,35px,33px,77px;\"\n\t\t\t\t\t\t\t\tdata-text=\"w:normal;s:24;l:28;fw:300;a:center;\"\n\t\t\t\t\t\t\t\tdata-dim=\"w:800px,800px,750px,460px;h:80px,80px,auto,163px;\"\n\t\t\t\t\t\t\t\tdata-frame_0=\"o:1;\"\n\t\t\t\t\t\t\t\tdata-frame_0_lines=\"d:10;y:50px;o:0;\"\n\t\t\t\t\t\t\t\tdata-frame_1=\"e:easeOutCirc;st:1400;sR:1400;\"\n\t\t\t\t\t\t\t\tdata-frame_1_lines=\"d:10;\"\n\t\t\t\t\t\t\t\tdata-frame_999=\"st:w;sR:7300;auto:true;\"\n\t\t\t\t\t\t\t\tstyle=\"z-index:11;font-family:'Roboto';\"\n\t\t\t\t\t\t\t>Leader dans la Fabrication de Drapeaux. \n\t\t\t\t\t\t\t<\/rs-layer><!--\n\n\t\t\t\t\t\t\t--><rs-layer\n\t\t\t\t\t\t\t\tid=\"slider-1-slide-5-layer-6\" \n\t\t\t\t\t\t\t\tclass=\"rs-layer-video intrinsic-ignore\"\n\t\t\t\t\t\t\t\tdata-type=\"video\"\n\t\t\t\t\t\t\t\tdata-rsp_ch=\"on\"\n\t\t\t\t\t\t\t\tdata-xy=\"x:c;y:m;\"\n\t\t\t\t\t\t\t\tdata-text=\"w:normal;s:20,17,12,7;l:0,22,16,9;\"\n\t\t\t\t\t\t\t\tdata-dim=\"w:2560px,2299px,1960px,2600px;h:1440px,1293px,1103px,1463px;\"\n\t\t\t\t\t\t\t\tdata-video=\"vd:100;l:true;ptimer:false;nse:f;\"\n\t\t\t\t\t\t\t\tdata-ytid=\"K_MRVvUXS4o\"\n\t\t\t\t\t\t\t\tdata-vatr=\"version=3&amp;enablejsapi=1&amp;html5=1&amp;hd=1&amp;wmode=opaque&amp;showinfo=0&amp;rel=0&amp;origin=https:\/\/www.adriabandiere.com;\"\n\t\t\t\t\t\t\t\tdata-frame_999=\"o:0;st:w;\"\n\t\t\t\t\t\t\t\tstyle=\"z-index:8;\"\n\t\t\t\t\t\t\t>\n\t\t\t\t\t\t\t<\/rs-layer><!--\n\n\t\t\t\t\t\t\t--><rs-layer\n\t\t\t\t\t\t\t\tid=\"slider-1-slide-5-layer-14\" \n\t\t\t\t\t\t\t\tclass=\"rev-scroll-btn rev-b-span-light\"\n\t\t\t\t\t\t\t\tdata-type=\"button\"\n\t\t\t\t\t\t\t\tdata-rsp_ch=\"on\"\n\t\t\t\t\t\t\t\tdata-xy=\"x:c;y:b;\"\n\t\t\t\t\t\t\t\tdata-text=\"w:normal;s:13,11,8,4;l:16,14,10,6;ls:1,0,0,0;\"\n\t\t\t\t\t\t\t\tdata-dim=\"w:27,24,18,11;h:43,38,28,17;minw:27,none,none,none;minh:43,none,none,none;\"\n\t\t\t\t\t\t\t\tdata-vbility=\"t,t,f,f\"\n\t\t\t\t\t\t\t\tdata-actions='o:click;a:scrollbelow;sp:1000ms;e:power1.inOut;'\n\t\t\t\t\t\t\t\tdata-padding=\"t:17,15,11,7;r:11,10,8,5;b:17,15,11,7;l:11,10,8,5;\"\n\t\t\t\t\t\t\t\tdata-border=\"bos:solid;boc:rgba(255,255,255,0.75);bow:3px,3px,3px,3px;bor:18px,18px,18px,18px;\"\n\t\t\t\t\t\t\t\tdata-frame_999=\"o:0;st:w;\"\n\t\t\t\t\t\t\t\tstyle=\"z-index:10;font-family:'Roboto';text-transform:uppercase;\"\n\t\t\t\t\t\t\t><span><\/span><span><\/span><span><\/span> \n\t\t\t\t\t\t\t<\/rs-layer><!--\n-->\t\t\t\t\t<\/rs-slide>\n\t\t\t\t\t<\/rs-slides>\n\t\t\t\t\t<rs-static-layers><!--\n\n\t\t\t\t\t\t\t--><rs-layer\n\t\t\t\t\t\t\t\tid=\"slider-1-slide-1-layer-2\" \n\t\t\t\t\t\t\t\tclass=\"rs-layer-static\"\n\t\t\t\t\t\t\t\tdata-type=\"image\"\n\t\t\t\t\t\t\t\tdata-rsp_ch=\"on\"\n\t\t\t\t\t\t\t\tdata-xy=\"x:c;y:m;yo:-180px,-180px,-136px,-160px;\"\n\t\t\t\t\t\t\t\tdata-text=\"w:normal;s:20,17,12,7;l:0,22,16,9;\"\n\t\t\t\t\t\t\t\tdata-dim=\"w:180px,161px,122px,75px;h:186px,167px,126px,77px;\"\n\t\t\t\t\t\t\t\tdata-onslides=\"s:1;\"\n\t\t\t\t\t\t\t\tdata-border=\"bor:12px,12px,12px,12px;\"\n\t\t\t\t\t\t\t\tdata-frame_1=\"sp:500;\"\n\t\t\t\t\t\t\t\tdata-frame_999=\"o:0;st:w;\"\n\t\t\t\t\t\t\t\tstyle=\"z-index:5;\"\n\t\t\t\t\t\t\t><img decoding=\"async\" src=\"\/\/www.adriabandiere.com\/wp-content\/plugins\/revslider\/sr6\/assets\/assets\/dummy.png\" alt=\"\" class=\"tp-rs-img rs-lazyload\" width=\"600\" height=\"620\" data-lazyload=\"\/\/www.adriabandiere.com\/wp-content\/uploads\/2023\/10\/50esimoNUOVO-ORO-NOLOGO.jpg\" data-no-retina> \n\t\t\t\t\t\t\t<\/rs-layer><!--\n\t\t\t\t\t--><\/rs-static-layers>\n\t\t\t\t<\/rs-module>\n\t\t\t\t<script>\n\t\t\t\t\tsetREVStartSize({c: 'rev_slider_1_1',rl:[1240,1024,778,480],el:[700,768,960,720],gw:[1140,1024,778,480],gh:[700,768,960,720],type:'standard',justify:'',layout:'fullscreen',offsetContainer:'',offset:'',mh:\"0\"});if (window.RS_MODULES!==undefined && window.RS_MODULES.modules!==undefined && window.RS_MODULES.modules[\"revslider11\"]!==undefined) {window.RS_MODULES.modules[\"revslider11\"].once = false;window.revapi1 = undefined;if (window.RS_MODULES.checkMinimal!==undefined) window.RS_MODULES.checkMinimal()}\n\t\t\t\t<\/script>\n\t\t\t<\/rs-module-wrap>\n\t\t\t<!-- END REVOLUTION SLIDER -->\n[\/vc_column][\/vc_row][vc_row css=\u00a0\u00bb.vc_custom_1611694599473{margin-top: 70px !important;}\u00a0\u00bb][vc_column][lab_heading title=\u00a0\u00bbProduits\u00a0\u00bb]Consultez le catalogue en ligne de drapeaux, accessoires pour drapeaux, linge de maison brod\u00e9 et articles personnalis\u00e9s. Tous nos drapeaux sont produits avec passion en Italie.[\/lab_heading][vc_row_inner][vc_column_inner width=\u00a0\u00bb1\/2&Prime;][vc_hoverbox image=\u00a0\u00bb46494&Prime; primary_title=\u00a0\u00bbACCESSOIRES\u00a0\u00bb hover_title=\u00a0\u00bbACCESSOIRES\u00a0\u00bb shape=\u00a0\u00bbsquare\u00a0\u00bb hover_btn_title=\u00a0\u00bbAller aux accessoires\u00a0\u00bb hover_btn_style=\u00a0\u00bbcustom\u00a0\u00bb hover_btn_custom_background=\u00a0\u00bb#0f2053&Prime; hover_btn_custom_text=\u00a0\u00bb#ffffff\u00a0\u00bb hover_btn_shape=\u00a0\u00bbsquare\u00a0\u00bb hover_btn_size=\u00a0\u00bblg\u00a0\u00bb css_animation=\u00a0\u00bbfadeIn\u00a0\u00bb hover_add_button=\u00a0\u00bbtrue\u00a0\u00bb css=\u00a0\u00bb.vc_custom_1612354697328{margin-top: 30px !important;margin-bottom: 30px !important;}\u00a0\u00bb hover_btn_link=\u00a0\u00bburl:https%3A%2F%2Fwww.adriabandiere.com%2Ffr%2Fcategorie-produit%2Faccessoires%2F|\u00a0\u00bb][\/vc_hoverbox][\/vc_column_inner][vc_column_inner width=\u00a0\u00bb1\/2&Prime;][vc_hoverbox image=\u00a0\u00bb46499&Prime; primary_title=\u00a0\u00bbDRAPEAUX\u00a0\u00bb hover_title=\u00a0\u00bbDRAPEAUX\u00a0\u00bb shape=\u00a0\u00bbsquare\u00a0\u00bb hover_btn_title=\u00a0\u00bbAller aux drapeaux\u00a0\u00bb hover_btn_style=\u00a0\u00bbcustom\u00a0\u00bb hover_btn_custom_background=\u00a0\u00bb#0f2053&Prime; hover_btn_custom_text=\u00a0\u00bb#ffffff\u00a0\u00bb hover_btn_shape=\u00a0\u00bbsquare\u00a0\u00bb hover_btn_size=\u00a0\u00bblg\u00a0\u00bb css_animation=\u00a0\u00bbfadeIn\u00a0\u00bb hover_add_button=\u00a0\u00bbtrue\u00a0\u00bb css=\u00a0\u00bb.vc_custom_1612354708209{margin-top: 30px !important;margin-bottom: 30px !important;}\u00a0\u00bb hover_btn_link=\u00a0\u00bburl:https%3A%2F%2Fwww.adriabandiere.com%2Ffr%2Fcategorie-produit%2Fdrapeaux%2F|\u00a0\u00bb][\/vc_hoverbox][\/vc_column_inner][\/vc_row_inner][vc_row_inner][vc_column_inner width=\u00a0\u00bb1\/2&Prime;][vc_hoverbox image=\u00a0\u00bb46505&Prime; primary_title=\u00a0\u00bbLIN BROD\u00c9 NAUTIQUE\u00a0\u00bb hover_title=\u00a0\u00bbLIN BROD\u00c9 NAUTIQUE\u00a0\u00bb shape=\u00a0\u00bbsquare\u00a0\u00bb hover_btn_title=\u00a0\u00bbAller \u00e0 Lin brod\u00e9 nautique\u00a0\u00bb hover_btn_style=\u00a0\u00bbcustom\u00a0\u00bb hover_btn_custom_background=\u00a0\u00bb#0f2053&Prime; hover_btn_custom_text=\u00a0\u00bb#ffffff\u00a0\u00bb hover_btn_shape=\u00a0\u00bbsquare\u00a0\u00bb hover_btn_size=\u00a0\u00bblg\u00a0\u00bb css_animation=\u00a0\u00bbfadeIn\u00a0\u00bb hover_add_button=\u00a0\u00bbtrue\u00a0\u00bb css=\u00a0\u00bb.vc_custom_1612354721103{margin-top: 30px !important;margin-bottom: 30px !important;}\u00a0\u00bb hover_btn_link=\u00a0\u00bburl:https%3A%2F%2Fwww.adriabandiere.com%2Ffr%2Fcategorie-produit%2Flin-brode-nautique%2F|\u00a0\u00bb][\/vc_hoverbox][\/vc_column_inner][vc_column_inner width=\u00a0\u00bb1\/2&Prime;][vc_hoverbox image=\u00a0\u00bb46510&Prime; primary_title=\u00a0\u00bbARTICLES PERSONNALIS\u00c9S\u00a0\u00bb hover_title=\u00a0\u00bbARTICLES PERSONNALIS\u00c9S\u00a0\u00bb shape=\u00a0\u00bbsquare\u00a0\u00bb hover_btn_title=\u00a0\u00bbAller aux articles personnalis\u00e9s\u00a0\u00bb hover_btn_style=\u00a0\u00bbcustom\u00a0\u00bb hover_btn_custom_background=\u00a0\u00bb#0f2053&Prime; hover_btn_custom_text=\u00a0\u00bb#ffffff\u00a0\u00bb hover_btn_shape=\u00a0\u00bbsquare\u00a0\u00bb hover_btn_size=\u00a0\u00bblg\u00a0\u00bb css_animation=\u00a0\u00bbfadeIn\u00a0\u00bb hover_add_button=\u00a0\u00bbtrue\u00a0\u00bb css=\u00a0\u00bb.vc_custom_1612354732301{margin-top: 30px !important;margin-bottom: 30px !important;}\u00a0\u00bb hover_btn_link=\u00a0\u00bburl:https%3A%2F%2Fwww.adriabandiere.com%2Ffr%2Fcategorie-produit%2Farticles-personnalises%2F|\u00a0\u00bb][\/vc_hoverbox][\/vc_column_inner][\/vc_row_inner][vc_btn title=\u00a0\u00bbVOIR TOUS LES PRODUITS\u00a0\u00bb style=\u00a0\u00bbcustom\u00a0\u00bb custom_background=\u00a0\u00bb#0f2053&Prime; custom_text=\u00a0\u00bb#ffffff\u00a0\u00bb shape=\u00a0\u00bbsquare\u00a0\u00bb size=\u00a0\u00bblg\u00a0\u00bb align=\u00a0\u00bbcenter\u00a0\u00bb css_animation=\u00a0\u00bbfadeIn\u00a0\u00bb link=\u00a0\u00bburl:https%3A%2F%2Fwww.adriabandiere.com%2Ffr%2Fproduits%2F|title:Produits|\u00a0\u00bb][vc_empty_space height=\u00a0\u00bb30px\u00a0\u00bb][\/vc_column][\/vc_row][vc_row][vc_column width=\u00a0\u00bb1\/2&Prime;][vc_btn title=\u00a0\u00bbDEMANDER LE CATALOGUE\u00a0\u00bb style=\u00a0\u00bbcustom\u00a0\u00bb custom_background=\u00a0\u00bb#0f2053&Prime; custom_text=\u00a0\u00bb#ffffff\u00a0\u00bb shape=\u00a0\u00bbsquare\u00a0\u00bb size=\u00a0\u00bblg\u00a0\u00bb align=\u00a0\u00bbcenter\u00a0\u00bb i_icon_fontawesome=\u00a0\u00bbfas fa-file-alt\u00a0\u00bb css_animation=\u00a0\u00bbfadeIn\u00a0\u00bb button_block=\u00a0\u00bbtrue\u00a0\u00bb add_icon=\u00a0\u00bbtrue\u00a0\u00bb link=\u00a0\u00bburl:https%3A%2F%2Fwww.adriabandiere.com%2Ffr%2Fcatalogue%2F|title:Catalogue|\u00a0\u00bb][\/vc_column][vc_column width=\u00a0\u00bb1\/2&Prime;][vc_btn title=\u00a0\u00bbNOUS CONTACTER\u00a0\u00bb style=\u00a0\u00bbcustom\u00a0\u00bb custom_background=\u00a0\u00bb#0f2053&Prime; custom_text=\u00a0\u00bb#ffffff\u00a0\u00bb shape=\u00a0\u00bbsquare\u00a0\u00bb size=\u00a0\u00bblg\u00a0\u00bb align=\u00a0\u00bbcenter\u00a0\u00bb i_icon_fontawesome=\u00a0\u00bbfas fa-envelope\u00a0\u00bb css_animation=\u00a0\u00bbfadeIn\u00a0\u00bb button_block=\u00a0\u00bbtrue\u00a0\u00bb add_icon=\u00a0\u00bbtrue\u00a0\u00bb link=\u00a0\u00bburl:https%3A%2F%2Fwww.adriabandiere.com%2Ffr%2Fcontacts%2F|title:Contacts|\u00a0\u00bb][\/vc_column][\/vc_row][vc_row][vc_column][lab_heading title=\u00a0\u00bbMagazine Adria Flags\u00a0\u00bb]\u00c9v\u00e9nements, nouvelles et mises \u00e0 jour sur Adria Bandiere et sur la production de drapeaux Made in Italy.[\/lab_heading][lab_blog_posts blog_posts_options=\u00a0\u00bb\u00a0\u00bb hover_layer_icon=\u00a0\u00bbcustom\u00a0\u00bb blog_query=\u00a0\u00bbsize:6|order_by:date|post_type:post\u00a0\u00bb el_class=\u00a0\u00bbclass-custom-news\u00a0\u00bb][vc_btn title=\u00a0\u00bbLISEZ TOUTES LES ACTUALIT\u00c9S\u00a0\u00bb style=\u00a0\u00bbcustom\u00a0\u00bb custom_background=\u00a0\u00bb#0f2053&Prime; custom_text=\u00a0\u00bb#ffffff\u00a0\u00bb shape=\u00a0\u00bbsquare\u00a0\u00bb size=\u00a0\u00bblg\u00a0\u00bb align=\u00a0\u00bbcenter\u00a0\u00bb css_animation=\u00a0\u00bbfadeIn\u00a0\u00bb link=\u00a0\u00bburl:https%3A%2F%2Fwww.adriabandiere.com%2Ffr%2Fmagazine%2F|title:Magazine|\u00a0\u00bb][\/vc_column][\/vc_row]\n<\/div>","protected":false},"excerpt":{"rendered":"<p>[vc_row full_width=\u00a0\u00bbstretch_row_content_no_spaces\u00a0\u00bb css_animation=\u00a0\u00bbfadeIn\u00a0\u00bb][vc_column][\/vc_column][\/vc_row][vc_row css=\u00a0\u00bb.vc_custom_1611694599473{margin-top: 70px !important;}\u00a0\u00bb][vc_column][lab_heading title=\u00a0\u00bbProduits\u00a0\u00bb]Consultez le catalogue en ligne de drapeaux, accessoires pour drapeaux, linge de maison brod\u00e9 et articles personnalis\u00e9s. Tous nos drapeaux sont produits avec passion en Italie.[\/lab_heading][vc_row_inner][vc_column_inner width=\u00a0\u00bb1\/2&Prime;][vc_hoverbox image=\u00a0\u00bb46494&Prime; primary_title=\u00a0\u00bbACCESSOIRES\u00a0\u00bb hover_title=\u00a0\u00bbACCESSOIRES\u00a0\u00bb shape=\u00a0\u00bbsquare\u00a0\u00bb hover_btn_title=\u00a0\u00bbAller aux accessoires\u00a0\u00bb hover_btn_style=\u00a0\u00bbcustom\u00a0\u00bb hover_btn_custom_background=\u00a0\u00bb#0f2053&Prime; hover_btn_custom_text=\u00a0\u00bb#ffffff\u00a0\u00bb hover_btn_shape=\u00a0\u00bbsquare\u00a0\u00bb hover_btn_size=\u00a0\u00bblg\u00a0\u00bb css_animation=\u00a0\u00bbfadeIn\u00a0\u00bb hover_add_button=\u00a0\u00bbtrue\u00a0\u00bb css=\u00a0\u00bb.vc_custom_1612354697328{margin-top: 30px !important;margin-bottom: 30px !important;}\u00a0\u00bb hover_btn_link=\u00a0\u00bburl:https%3A%2F%2Fwww.adriabandiere.com%2Ffr%2Fcategorie-produit%2Faccessoires%2F|\u00a0\u00bb][\/vc_hoverbox][\/vc_column_inner][vc_column_inner width=\u00a0\u00bb1\/2&Prime;][vc_hoverbox image=\u00a0\u00bb46499&Prime;&hellip;<\/p>\n","protected":false},"author":19,"featured_media":0,"parent":0,"menu_order":0,"comment_status":"closed","ping_status":"closed","template":"","meta":{"_acf_changed":false,"ngg_post_thumbnail":0,"footnotes":""},"class_list":["post-46597","page","type-page","status-publish","hentry"],"acf":[],"yoast_head":"<!-- This site is optimized with the Yoast SEO Premium plugin v20.11 (Yoast SEO v20.11) - https:\/\/yoast.com\/wordpress\/plugins\/seo\/ -->\n<title>Adria Bandiere<\/title>\n<meta name=\"description\" content=\"Production et vente de drapeaux et d&#039;accessoires personnalis\u00e9s pour drapeaux produits en Italie par Adria Banidiere. Regardez le catalogue en ligne.\" \/>\n<meta name=\"robots\" content=\"index, follow, max-snippet:-1, max-image-preview:large, max-video-preview:-1\" \/>\n<link rel=\"canonical\" href=\"https:\/\/www.adriabandiere.com\/fr\/\" \/>\n<meta property=\"og:locale\" content=\"fr_FR\" \/>\n<meta property=\"og:type\" content=\"article\" \/>\n<meta property=\"og:title\" content=\"Accueil\" \/>\n<meta property=\"og:description\" content=\"Production et vente de drapeaux et d&#039;accessoires personnalis\u00e9s pour drapeaux produits en Italie par Adria Banidiere. Regardez le catalogue en ligne.\" \/>\n<meta property=\"og:url\" content=\"https:\/\/www.adriabandiere.com\/fr\/\" \/>\n<meta property=\"og:site_name\" content=\"Adria Bandiere\" \/>\n<meta property=\"article:modified_time\" content=\"2023-06-13T15:59:55+00:00\" \/>\n<meta name=\"twitter:card\" content=\"summary_large_image\" \/>\n<meta name=\"twitter:label1\" content=\"Dur\u00e9e de lecture estim\u00e9e\" \/>\n\t<meta name=\"twitter:data1\" content=\"1 minute\" \/>\n<script type=\"application\/ld+json\" class=\"yoast-schema-graph\">{\"@context\":\"https:\/\/schema.org\",\"@graph\":[{\"@type\":\"WebPage\",\"@id\":\"https:\/\/www.adriabandiere.com\/fr\/\",\"url\":\"https:\/\/www.adriabandiere.com\/fr\/\",\"name\":\"Adria Bandiere\",\"isPartOf\":{\"@id\":\"https:\/\/www.adriabandiere.com\/fr\/#website\"},\"datePublished\":\"2021-01-28T09:57:36+00:00\",\"dateModified\":\"2023-06-13T15:59:55+00:00\",\"description\":\"Production et vente de drapeaux et d'accessoires personnalis\u00e9s pour drapeaux produits en Italie par Adria Banidiere. Regardez le catalogue en ligne.\",\"inLanguage\":\"fr-FR\",\"potentialAction\":[{\"@type\":\"ReadAction\",\"target\":[\"https:\/\/www.adriabandiere.com\/fr\/\"]}]},{\"@type\":\"WebSite\",\"@id\":\"https:\/\/www.adriabandiere.com\/fr\/#website\",\"url\":\"https:\/\/www.adriabandiere.com\/fr\/\",\"name\":\"Adria Bandiere\",\"description\":\"\",\"potentialAction\":[{\"@type\":\"SearchAction\",\"target\":{\"@type\":\"EntryPoint\",\"urlTemplate\":\"https:\/\/www.adriabandiere.com\/fr\/?s={search_term_string}\"},\"query-input\":\"required name=search_term_string\"}],\"inLanguage\":\"fr-FR\"}]}<\/script>\n<!-- \/ Yoast SEO Premium plugin. -->","yoast_head_json":{"title":"Adria Bandiere","description":"Production et vente de drapeaux et d'accessoires personnalis\u00e9s pour drapeaux produits en Italie par Adria Banidiere. Regardez le catalogue en ligne.","robots":{"index":"index","follow":"follow","max-snippet":"max-snippet:-1","max-image-preview":"max-image-preview:large","max-video-preview":"max-video-preview:-1"},"canonical":"https:\/\/www.adriabandiere.com\/fr\/","og_locale":"fr_FR","og_type":"article","og_title":"Accueil","og_description":"Production et vente de drapeaux et d'accessoires personnalis\u00e9s pour drapeaux produits en Italie par Adria Banidiere. Regardez le catalogue en ligne.","og_url":"https:\/\/www.adriabandiere.com\/fr\/","og_site_name":"Adria Bandiere","article_modified_time":"2023-06-13T15:59:55+00:00","twitter_card":"summary_large_image","twitter_misc":{"Dur\u00e9e de lecture estim\u00e9e":"1 minute"},"schema":{"@context":"https:\/\/schema.org","@graph":[{"@type":"WebPage","@id":"https:\/\/www.adriabandiere.com\/fr\/","url":"https:\/\/www.adriabandiere.com\/fr\/","name":"Adria Bandiere","isPartOf":{"@id":"https:\/\/www.adriabandiere.com\/fr\/#website"},"datePublished":"2021-01-28T09:57:36+00:00","dateModified":"2023-06-13T15:59:55+00:00","description":"Production et vente de drapeaux et d'accessoires personnalis\u00e9s pour drapeaux produits en Italie par Adria Banidiere. Regardez le catalogue en ligne.","inLanguage":"fr-FR","potentialAction":[{"@type":"ReadAction","target":["https:\/\/www.adriabandiere.com\/fr\/"]}]},{"@type":"WebSite","@id":"https:\/\/www.adriabandiere.com\/fr\/#website","url":"https:\/\/www.adriabandiere.com\/fr\/","name":"Adria Bandiere","description":"","potentialAction":[{"@type":"SearchAction","target":{"@type":"EntryPoint","urlTemplate":"https:\/\/www.adriabandiere.com\/fr\/?s={search_term_string}"},"query-input":"required name=search_term_string"}],"inLanguage":"fr-FR"}]}},"_links":{"self":[{"href":"https:\/\/www.adriabandiere.com\/fr\/wp-json\/wp\/v2\/pages\/46597","targetHints":{"allow":["GET"]}}],"collection":[{"href":"https:\/\/www.adriabandiere.com\/fr\/wp-json\/wp\/v2\/pages"}],"about":[{"href":"https:\/\/www.adriabandiere.com\/fr\/wp-json\/wp\/v2\/types\/page"}],"author":[{"embeddable":true,"href":"https:\/\/www.adriabandiere.com\/fr\/wp-json\/wp\/v2\/users\/19"}],"replies":[{"embeddable":true,"href":"https:\/\/www.adriabandiere.com\/fr\/wp-json\/wp\/v2\/comments?post=46597"}],"version-history":[{"count":34,"href":"https:\/\/www.adriabandiere.com\/fr\/wp-json\/wp\/v2\/pages\/46597\/revisions"}],"predecessor-version":[{"id":55467,"href":"https:\/\/www.adriabandiere.com\/fr\/wp-json\/wp\/v2\/pages\/46597\/revisions\/55467"}],"wp:attachment":[{"href":"https:\/\/www.adriabandiere.com\/fr\/wp-json\/wp\/v2\/media?parent=46597"}],"curies":[{"name":"wp","href":"https:\/\/api.w.org\/{rel}","templated":true}]}}