{"id":51512,"date":"2021-01-27T15:21:16","date_gmt":"2021-01-28T15:29:58","guid":{"rendered":"https:\/\/labs.giamaica.app\/webit\/adriabandiere.com\/shop\/sin categor\u00eda\/cruz-de-laton-cromado\/"},"modified":"2021-01-28T16:29:58","modified_gmt":"2021-01-28T15:29:58","slug":"travesano-de-laton-cromado","status":"publish","type":"product","link":"https:\/\/www.adriabandiere.com\/es\/prodotti\/accesorios\/accesorios-para-pancartas\/travesano-de-laton-cromado\/","title":{"rendered":"CRUZ DE LAT\u00d3N CROMADO"},"content":{"rendered":"","protected":false},"excerpt":{"rendered":"<p>Travesa\u00f1o de lat\u00f3n cromado, cm 60 diam. 15 mm con pomos<br \/>\n79b02 Travesa\u00f1o de lat\u00f3n cromado, 70 cm di\u00e1m. 15 mm con pomos<br \/>\n79b03 Travesa\u00f1o de lat\u00f3n cromado, 80 cm de di\u00e1metro 15 mm con pomos<br \/>\n79b04 Travesa\u00f1o de lat\u00f3n cromado, 90 cm di\u00e1m. 22 mm con pomos<br \/>\n79b05 Travesa\u00f1o de lat\u00f3n cromado, cm 100 di\u00e1m. 22 mm con pomos<br \/>\n79b06 Travesa\u00f1o de lat\u00f3n cromado, 110 cm di\u00e1m. 22 mm con pomos<\/p>\n","protected":false},"featured_media":46199,"template":"","meta":{"_acf_changed":false,"ngg_post_thumbnail":0},"product_brand":[],"product_cat":[532,600],"product_tag":[],"class_list":{"0":"post-51512","1":"product","2":"type-product","3":"status-publish","4":"has-post-thumbnail","6":"product_cat-accesorios","7":"product_cat-accesorios-para-pancartas","9":"first","10":"instock","11":"shipping-taxable","12":"product-type-simple"},"acf":[],"yoast_head":"<!-- This site is optimized with the Yoast SEO Premium plugin v20.11 (Yoast SEO v20.11) - https:\/\/yoast.com\/wordpress\/plugins\/seo\/ -->\n<title>CRUZ DE LAT\u00d3N CROMADO - AdriaBandiere<\/title>\n<meta name=\"description\" content=\"Scopri CRUZ DE LAT\u00d3N CROMADO e gli altri prodotti del catalogo di AdriaBandiere. Entra nel sito.\" \/>\n<meta name=\"robots\" content=\"index, follow, max-snippet:-1, max-image-preview:large, max-video-preview:-1\" \/>\n<link rel=\"canonical\" href=\"https:\/\/www.adriabandiere.com\/es\/prodotti\/accesorios\/accesorios-para-pancartas\/travesano-de-laton-cromado\/\" \/>\n<meta property=\"og:locale\" content=\"es_ES\" \/>\n<meta property=\"og:type\" content=\"article\" \/>\n<meta property=\"og:title\" content=\"CRUZ DE LAT\u00d3N CROMADO\" \/>\n<meta property=\"og:description\" content=\"Scopri CRUZ DE LAT\u00d3N CROMADO e gli altri prodotti del catalogo di AdriaBandiere. Entra nel sito.\" \/>\n<meta property=\"og:url\" content=\"https:\/\/www.adriabandiere.com\/es\/prodotti\/accesorios\/accesorios-para-pancartas\/travesano-de-laton-cromado\/\" \/>\n<meta property=\"og:site_name\" content=\"Adria Bandiere\" \/>\n<meta property=\"og:image\" content=\"https:\/\/www.adriabandiere.com\/wp-content\/uploads\/2021\/01\/79b01-1.jpg\" \/>\n\t<meta property=\"og:image:width\" content=\"1024\" \/>\n\t<meta property=\"og:image:height\" content=\"137\" \/>\n\t<meta property=\"og:image:type\" content=\"image\/jpeg\" \/>\n<meta name=\"twitter:card\" content=\"summary_large_image\" \/>\n<script type=\"application\/ld+json\" class=\"yoast-schema-graph\">{\"@context\":\"https:\/\/schema.org\",\"@graph\":[{\"@type\":\"WebPage\",\"@id\":\"https:\/\/www.adriabandiere.com\/es\/prodotti\/accesorios\/accesorios-para-pancartas\/travesano-de-laton-cromado\/\",\"url\":\"https:\/\/www.adriabandiere.com\/es\/prodotti\/accesorios\/accesorios-para-pancartas\/travesano-de-laton-cromado\/\",\"name\":\"CRUZ DE LAT\u00d3N CROMADO - AdriaBandiere\",\"isPartOf\":{\"@id\":\"https:\/\/www.adriabandiere.com\/es\/#website\"},\"datePublished\":\"2021-01-28T15:29:58+00:00\",\"dateModified\":\"2021-01-28T15:29:58+00:00\",\"description\":\"Scopri CRUZ DE LAT\u00d3N CROMADO e gli altri prodotti del catalogo di AdriaBandiere. Entra nel sito.\",\"breadcrumb\":{\"@id\":\"https:\/\/www.adriabandiere.com\/es\/prodotti\/accesorios\/accesorios-para-pancartas\/travesano-de-laton-cromado\/#breadcrumb\"},\"inLanguage\":\"es\",\"potentialAction\":[{\"@type\":\"ReadAction\",\"target\":[\"https:\/\/www.adriabandiere.com\/es\/prodotti\/accesorios\/accesorios-para-pancartas\/travesano-de-laton-cromado\/\"]}]},{\"@type\":\"BreadcrumbList\",\"@id\":\"https:\/\/www.adriabandiere.com\/es\/prodotti\/accesorios\/accesorios-para-pancartas\/travesano-de-laton-cromado\/#breadcrumb\",\"itemListElement\":[{\"@type\":\"ListItem\",\"position\":1,\"name\":\"Prodotti\",\"item\":\"https:\/\/www.adriabandiere.com\/it\/prodotti\/\"},{\"@type\":\"ListItem\",\"position\":2,\"name\":\"CRUZ DE LAT\u00d3N CROMADO\"}]},{\"@type\":\"WebSite\",\"@id\":\"https:\/\/www.adriabandiere.com\/es\/#website\",\"url\":\"https:\/\/www.adriabandiere.com\/es\/\",\"name\":\"Adria Bandiere\",\"description\":\"\",\"potentialAction\":[{\"@type\":\"SearchAction\",\"target\":{\"@type\":\"EntryPoint\",\"urlTemplate\":\"https:\/\/www.adriabandiere.com\/es\/?s={search_term_string}\"},\"query-input\":\"required name=search_term_string\"}],\"inLanguage\":\"es\"}]}<\/script>\n<!-- \/ Yoast SEO Premium plugin. -->","yoast_head_json":{"title":"CRUZ DE LAT\u00d3N CROMADO - AdriaBandiere","description":"Scopri CRUZ DE LAT\u00d3N CROMADO e gli altri prodotti del catalogo di AdriaBandiere. Entra nel sito.","robots":{"index":"index","follow":"follow","max-snippet":"max-snippet:-1","max-image-preview":"max-image-preview:large","max-video-preview":"max-video-preview:-1"},"canonical":"https:\/\/www.adriabandiere.com\/es\/prodotti\/accesorios\/accesorios-para-pancartas\/travesano-de-laton-cromado\/","og_locale":"es_ES","og_type":"article","og_title":"CRUZ DE LAT\u00d3N CROMADO","og_description":"Scopri CRUZ DE LAT\u00d3N CROMADO e gli altri prodotti del catalogo di AdriaBandiere. Entra nel sito.","og_url":"https:\/\/www.adriabandiere.com\/es\/prodotti\/accesorios\/accesorios-para-pancartas\/travesano-de-laton-cromado\/","og_site_name":"Adria Bandiere","og_image":[{"width":1024,"height":137,"url":"https:\/\/www.adriabandiere.com\/wp-content\/uploads\/2021\/01\/79b01-1.jpg","type":"image\/jpeg"}],"twitter_card":"summary_large_image","schema":{"@context":"https:\/\/schema.org","@graph":[{"@type":"WebPage","@id":"https:\/\/www.adriabandiere.com\/es\/prodotti\/accesorios\/accesorios-para-pancartas\/travesano-de-laton-cromado\/","url":"https:\/\/www.adriabandiere.com\/es\/prodotti\/accesorios\/accesorios-para-pancartas\/travesano-de-laton-cromado\/","name":"CRUZ DE LAT\u00d3N CROMADO - AdriaBandiere","isPartOf":{"@id":"https:\/\/www.adriabandiere.com\/es\/#website"},"datePublished":"2021-01-28T15:29:58+00:00","dateModified":"2021-01-28T15:29:58+00:00","description":"Scopri CRUZ DE LAT\u00d3N CROMADO e gli altri prodotti del catalogo di AdriaBandiere. Entra nel sito.","breadcrumb":{"@id":"https:\/\/www.adriabandiere.com\/es\/prodotti\/accesorios\/accesorios-para-pancartas\/travesano-de-laton-cromado\/#breadcrumb"},"inLanguage":"es","potentialAction":[{"@type":"ReadAction","target":["https:\/\/www.adriabandiere.com\/es\/prodotti\/accesorios\/accesorios-para-pancartas\/travesano-de-laton-cromado\/"]}]},{"@type":"BreadcrumbList","@id":"https:\/\/www.adriabandiere.com\/es\/prodotti\/accesorios\/accesorios-para-pancartas\/travesano-de-laton-cromado\/#breadcrumb","itemListElement":[{"@type":"ListItem","position":1,"name":"Prodotti","item":"https:\/\/www.adriabandiere.com\/it\/prodotti\/"},{"@type":"ListItem","position":2,"name":"CRUZ DE LAT\u00d3N CROMADO"}]},{"@type":"WebSite","@id":"https:\/\/www.adriabandiere.com\/es\/#website","url":"https:\/\/www.adriabandiere.com\/es\/","name":"Adria Bandiere","description":"","potentialAction":[{"@type":"SearchAction","target":{"@type":"EntryPoint","urlTemplate":"https:\/\/www.adriabandiere.com\/es\/?s={search_term_string}"},"query-input":"required name=search_term_string"}],"inLanguage":"es"}]}},"_links":{"self":[{"href":"https:\/\/www.adriabandiere.com\/es\/wp-json\/wp\/v2\/product\/51512","targetHints":{"allow":["GET"]}}],"collection":[{"href":"https:\/\/www.adriabandiere.com\/es\/wp-json\/wp\/v2\/product"}],"about":[{"href":"https:\/\/www.adriabandiere.com\/es\/wp-json\/wp\/v2\/types\/product"}],"wp:featuredmedia":[{"embeddable":true,"href":"https:\/\/www.adriabandiere.com\/es\/wp-json\/wp\/v2\/media\/46199"}],"wp:attachment":[{"href":"https:\/\/www.adriabandiere.com\/es\/wp-json\/wp\/v2\/media?parent=51512"}],"wp:term":[{"taxonomy":"product_brand","embeddable":true,"href":"https:\/\/www.adriabandiere.com\/es\/wp-json\/wp\/v2\/product_brand?post=51512"},{"taxonomy":"product_cat","embeddable":true,"href":"https:\/\/www.adriabandiere.com\/es\/wp-json\/wp\/v2\/product_cat?post=51512"},{"taxonomy":"product_tag","embeddable":true,"href":"https:\/\/www.adriabandiere.com\/es\/wp-json\/wp\/v2\/product_tag?post=51512"}],"curies":[{"name":"wp","href":"https:\/\/api.w.org\/{rel}","templated":true}]}}