{"id":50221,"date":"2021-01-27T15:15:20","date_gmt":"2021-01-28T15:16:41","guid":{"rendered":"https:\/\/labs.giamaica.app\/webit\/adriabandiere.com\/shop\/sin categor\u00eda\/senalizacion-roja\/"},"modified":"2021-01-28T16:16:41","modified_gmt":"2021-01-28T15:16:41","slug":"senalizacion-roja","status":"publish","type":"product","link":"https:\/\/www.adriabandiere.com\/es\/prodotti\/banderas\/banderas-de-senales-nauticas\/senalizacion-roja\/","title":{"rendered":"SE\u00d1ALIZACI\u00d3N ROJA"},"content":{"rendered":"","protected":false},"excerpt":{"rendered":"<p>Se\u00f1alizaci\u00f3n roja, 20&#215;30 cm<br \/>\n17b21t Letrero rojo, triangular 20&#215;30 cm<br \/>\n17b22 Se\u00f1alizaci\u00f3n roja, 30&#215;45 cm<br \/>\n17b22t Letrero rojo, triangular 30&#215;45 cm<br \/>\n17b22x Se\u00f1alizaci\u00f3n roja, 30&#215;60 cm<br \/>\n17b23 Se\u00f1alizaci\u00f3n roja, 40&#215;60 cm<br \/>\n17b231 Se\u00f1alizaci\u00f3n roja, 40&#215;40 cm<br \/>\n17b232 Se\u00f1alizaci\u00f3n roja, 40&#215;47 cm<br \/>\n17b23t Cartel rojo, cm 40&#215;60 triangular<br \/>\n17b24 Se\u00f1alizaci\u00f3n roja, cm 50&#215;75<br \/>\n17b241 Se\u00f1alizaci\u00f3n roja, cm 60&#215;60<br \/>\n17b241px Rojo se\u00f1al, cm 60&#215;60 n\u00e1utico<br \/>\n17b24t Letrero rojo, cm 50&#215;75 triangular<br \/>\n17b25 Se\u00f1alizaci\u00f3n roja, 70&#215;100 cm<br \/>\n17b251 Se\u00f1alizaci\u00f3n roja, 70&#215;70 cm<br \/>\n17b25x Se\u00f1alizaci\u00f3n roja, cm 80&#215;100<br \/>\n17b26 Se\u00f1alizaci\u00f3n roja, cm 80&#215;120<br \/>\n17b26t Se\u00f1alizaci\u00f3n roja, cm 80&#215;120 triangular<br \/>\n17b27 Se\u00f1alizaci\u00f3n roja, 100&#215;150 cm<br \/>\n17b27px Se\u00f1alizaci\u00f3n roja, cm 100&#215;150<br \/>\n17b28 Se\u00f1alizaci\u00f3n roja, 130&#215;200 cm<br \/>\n17b29 Se\u00f1alizaci\u00f3n roja, cm 150&#215;225<br \/>\n17b30 Se\u00f1alizaci\u00f3n roja, cm 200&#215;300<\/p>\n","protected":false},"featured_media":44068,"template":"","meta":{"_acf_changed":false,"ngg_post_thumbnail":0},"product_brand":[],"product_cat":[460,492],"product_tag":[],"class_list":{"0":"post-50221","1":"product","2":"type-product","3":"status-publish","4":"has-post-thumbnail","6":"product_cat-banderas","7":"product_cat-banderas-de-senales-nauticas","9":"first","10":"instock","11":"shipping-taxable","12":"product-type-simple"},"acf":[],"yoast_head":"<!-- This site is optimized with the Yoast SEO Premium plugin v20.11 (Yoast SEO v20.11) - https:\/\/yoast.com\/wordpress\/plugins\/seo\/ -->\n<title>SE\u00d1ALIZACI\u00d3N ROJA - AdriaBandiere<\/title>\n<meta name=\"description\" content=\"Scopri SE\u00d1ALIZACI\u00d3N ROJA e gli altri prodotti del catalogo di AdriaBandiere. Entra nel sito.\" \/>\n<meta name=\"robots\" content=\"index, follow, max-snippet:-1, max-image-preview:large, max-video-preview:-1\" \/>\n<link rel=\"canonical\" href=\"https:\/\/www.adriabandiere.com\/es\/prodotti\/banderas\/banderas-de-senales-nauticas\/senalizacion-roja\/\" \/>\n<meta property=\"og:locale\" content=\"es_ES\" \/>\n<meta property=\"og:type\" content=\"article\" \/>\n<meta property=\"og:title\" content=\"SE\u00d1ALIZACI\u00d3N ROJA\" \/>\n<meta property=\"og:description\" content=\"Scopri SE\u00d1ALIZACI\u00d3N ROJA e gli altri prodotti del catalogo di AdriaBandiere. Entra nel sito.\" \/>\n<meta property=\"og:url\" content=\"https:\/\/www.adriabandiere.com\/es\/prodotti\/banderas\/banderas-de-senales-nauticas\/senalizacion-roja\/\" \/>\n<meta property=\"og:site_name\" content=\"Adria Bandiere\" \/>\n<meta property=\"og:image\" content=\"https:\/\/www.adriabandiere.com\/wp-content\/uploads\/2021\/01\/17b21-1.jpg\" \/>\n\t<meta property=\"og:image:width\" content=\"1024\" \/>\n\t<meta property=\"og:image:height\" content=\"682\" \/>\n\t<meta property=\"og:image:type\" content=\"image\/jpeg\" \/>\n<meta name=\"twitter:card\" content=\"summary_large_image\" \/>\n<script type=\"application\/ld+json\" class=\"yoast-schema-graph\">{\"@context\":\"https:\/\/schema.org\",\"@graph\":[{\"@type\":\"WebPage\",\"@id\":\"https:\/\/www.adriabandiere.com\/es\/prodotti\/banderas\/banderas-de-senales-nauticas\/senalizacion-roja\/\",\"url\":\"https:\/\/www.adriabandiere.com\/es\/prodotti\/banderas\/banderas-de-senales-nauticas\/senalizacion-roja\/\",\"name\":\"SE\u00d1ALIZACI\u00d3N ROJA - AdriaBandiere\",\"isPartOf\":{\"@id\":\"https:\/\/www.adriabandiere.com\/es\/#website\"},\"datePublished\":\"2021-01-28T15:16:41+00:00\",\"dateModified\":\"2021-01-28T15:16:41+00:00\",\"description\":\"Scopri SE\u00d1ALIZACI\u00d3N ROJA e gli altri prodotti del catalogo di AdriaBandiere. Entra nel sito.\",\"breadcrumb\":{\"@id\":\"https:\/\/www.adriabandiere.com\/es\/prodotti\/banderas\/banderas-de-senales-nauticas\/senalizacion-roja\/#breadcrumb\"},\"inLanguage\":\"es\",\"potentialAction\":[{\"@type\":\"ReadAction\",\"target\":[\"https:\/\/www.adriabandiere.com\/es\/prodotti\/banderas\/banderas-de-senales-nauticas\/senalizacion-roja\/\"]}]},{\"@type\":\"BreadcrumbList\",\"@id\":\"https:\/\/www.adriabandiere.com\/es\/prodotti\/banderas\/banderas-de-senales-nauticas\/senalizacion-roja\/#breadcrumb\",\"itemListElement\":[{\"@type\":\"ListItem\",\"position\":1,\"name\":\"Prodotti\",\"item\":\"https:\/\/www.adriabandiere.com\/it\/prodotti\/\"},{\"@type\":\"ListItem\",\"position\":2,\"name\":\"SE\u00d1ALIZACI\u00d3N ROJA\"}]},{\"@type\":\"WebSite\",\"@id\":\"https:\/\/www.adriabandiere.com\/es\/#website\",\"url\":\"https:\/\/www.adriabandiere.com\/es\/\",\"name\":\"Adria Bandiere\",\"description\":\"\",\"potentialAction\":[{\"@type\":\"SearchAction\",\"target\":{\"@type\":\"EntryPoint\",\"urlTemplate\":\"https:\/\/www.adriabandiere.com\/es\/?s={search_term_string}\"},\"query-input\":\"required name=search_term_string\"}],\"inLanguage\":\"es\"}]}<\/script>\n<!-- \/ Yoast SEO Premium plugin. -->","yoast_head_json":{"title":"SE\u00d1ALIZACI\u00d3N ROJA - AdriaBandiere","description":"Scopri SE\u00d1ALIZACI\u00d3N ROJA e gli altri prodotti del catalogo di AdriaBandiere. Entra nel sito.","robots":{"index":"index","follow":"follow","max-snippet":"max-snippet:-1","max-image-preview":"max-image-preview:large","max-video-preview":"max-video-preview:-1"},"canonical":"https:\/\/www.adriabandiere.com\/es\/prodotti\/banderas\/banderas-de-senales-nauticas\/senalizacion-roja\/","og_locale":"es_ES","og_type":"article","og_title":"SE\u00d1ALIZACI\u00d3N ROJA","og_description":"Scopri SE\u00d1ALIZACI\u00d3N ROJA e gli altri prodotti del catalogo di AdriaBandiere. Entra nel sito.","og_url":"https:\/\/www.adriabandiere.com\/es\/prodotti\/banderas\/banderas-de-senales-nauticas\/senalizacion-roja\/","og_site_name":"Adria Bandiere","og_image":[{"width":1024,"height":682,"url":"https:\/\/www.adriabandiere.com\/wp-content\/uploads\/2021\/01\/17b21-1.jpg","type":"image\/jpeg"}],"twitter_card":"summary_large_image","schema":{"@context":"https:\/\/schema.org","@graph":[{"@type":"WebPage","@id":"https:\/\/www.adriabandiere.com\/es\/prodotti\/banderas\/banderas-de-senales-nauticas\/senalizacion-roja\/","url":"https:\/\/www.adriabandiere.com\/es\/prodotti\/banderas\/banderas-de-senales-nauticas\/senalizacion-roja\/","name":"SE\u00d1ALIZACI\u00d3N ROJA - AdriaBandiere","isPartOf":{"@id":"https:\/\/www.adriabandiere.com\/es\/#website"},"datePublished":"2021-01-28T15:16:41+00:00","dateModified":"2021-01-28T15:16:41+00:00","description":"Scopri SE\u00d1ALIZACI\u00d3N ROJA e gli altri prodotti del catalogo di AdriaBandiere. Entra nel sito.","breadcrumb":{"@id":"https:\/\/www.adriabandiere.com\/es\/prodotti\/banderas\/banderas-de-senales-nauticas\/senalizacion-roja\/#breadcrumb"},"inLanguage":"es","potentialAction":[{"@type":"ReadAction","target":["https:\/\/www.adriabandiere.com\/es\/prodotti\/banderas\/banderas-de-senales-nauticas\/senalizacion-roja\/"]}]},{"@type":"BreadcrumbList","@id":"https:\/\/www.adriabandiere.com\/es\/prodotti\/banderas\/banderas-de-senales-nauticas\/senalizacion-roja\/#breadcrumb","itemListElement":[{"@type":"ListItem","position":1,"name":"Prodotti","item":"https:\/\/www.adriabandiere.com\/it\/prodotti\/"},{"@type":"ListItem","position":2,"name":"SE\u00d1ALIZACI\u00d3N ROJA"}]},{"@type":"WebSite","@id":"https:\/\/www.adriabandiere.com\/es\/#website","url":"https:\/\/www.adriabandiere.com\/es\/","name":"Adria Bandiere","description":"","potentialAction":[{"@type":"SearchAction","target":{"@type":"EntryPoint","urlTemplate":"https:\/\/www.adriabandiere.com\/es\/?s={search_term_string}"},"query-input":"required name=search_term_string"}],"inLanguage":"es"}]}},"_links":{"self":[{"href":"https:\/\/www.adriabandiere.com\/es\/wp-json\/wp\/v2\/product\/50221","targetHints":{"allow":["GET"]}}],"collection":[{"href":"https:\/\/www.adriabandiere.com\/es\/wp-json\/wp\/v2\/product"}],"about":[{"href":"https:\/\/www.adriabandiere.com\/es\/wp-json\/wp\/v2\/types\/product"}],"wp:featuredmedia":[{"embeddable":true,"href":"https:\/\/www.adriabandiere.com\/es\/wp-json\/wp\/v2\/media\/44068"}],"wp:attachment":[{"href":"https:\/\/www.adriabandiere.com\/es\/wp-json\/wp\/v2\/media?parent=50221"}],"wp:term":[{"taxonomy":"product_brand","embeddable":true,"href":"https:\/\/www.adriabandiere.com\/es\/wp-json\/wp\/v2\/product_brand?post=50221"},{"taxonomy":"product_cat","embeddable":true,"href":"https:\/\/www.adriabandiere.com\/es\/wp-json\/wp\/v2\/product_cat?post=50221"},{"taxonomy":"product_tag","embeddable":true,"href":"https:\/\/www.adriabandiere.com\/es\/wp-json\/wp\/v2\/product_tag?post=50221"}],"curies":[{"name":"wp","href":"https:\/\/api.w.org\/{rel}","templated":true}]}}