{"id":50193,"date":"2021-01-27T15:15:19","date_gmt":"2021-01-28T15:16:26","guid":{"rendered":"https:\/\/labs.giamaica.app\/webit\/adriabandiere.com\/shop\/sin categor\u00eda\/numero-9-ci\/"},"modified":"2021-01-28T16:16:26","modified_gmt":"2021-01-28T15:16:26","slug":"numero-9-ci-2","status":"publish","type":"product","link":"https:\/\/www.adriabandiere.com\/es\/prodotti\/banderas\/banderas-de-senales-nauticas\/numero-9-ci-2\/","title":{"rendered":"N\u00daMERO 9 CI"},"content":{"rendered":"","protected":false},"excerpt":{"rendered":"<p>N\u00famero 9 ah\u00ed, 20&#215;30 cm<br \/>\n17b02-09 N\u00famero 9 ci, 30&#215;45 cm<br \/>\n17b03-09 N\u00famero 9 ci, 40&#215;60 cm<br \/>\n17b04-09 N\u00famero 9 ci, 50&#215;70 cm<br \/>\n17b05-09 N\u00famero 9 ci, 60&#215;73 cm<br \/>\n17b06-09 N\u00famero 9 ci, 80&#215;98 cm<br \/>\n17b07-09 N\u00famero 9 ci, 80&#215;120 cm<br \/>\n17b08-09 N\u00famero 9 ci, 100&#215;150 cm<br \/>\n17b09-09 N\u00famero 9 ci, 120&#215;160 cm<br \/>\n17b10-09 N\u00famero 9 ci, 140&#215;170 cm<\/p>\n","protected":false},"featured_media":44048,"template":"","meta":{"_acf_changed":false,"ngg_post_thumbnail":0},"product_brand":[],"product_cat":[460,492],"product_tag":[],"class_list":{"0":"post-50193","1":"product","2":"type-product","3":"status-publish","4":"has-post-thumbnail","6":"product_cat-banderas","7":"product_cat-banderas-de-senales-nauticas","9":"first","10":"instock","11":"shipping-taxable","12":"product-type-simple"},"acf":[],"yoast_head":"<!-- This site is optimized with the Yoast SEO Premium plugin v20.11 (Yoast SEO v20.11) - https:\/\/yoast.com\/wordpress\/plugins\/seo\/ -->\n<title>N\u00daMERO 9 CI - AdriaBandiere<\/title>\n<meta name=\"description\" content=\"Scopri N\u00daMERO 9 CI e gli altri prodotti del catalogo di AdriaBandiere. Entra nel sito.\" \/>\n<meta name=\"robots\" content=\"index, follow, max-snippet:-1, max-image-preview:large, max-video-preview:-1\" \/>\n<link rel=\"canonical\" href=\"https:\/\/www.adriabandiere.com\/es\/prodotti\/banderas\/banderas-de-senales-nauticas\/numero-9-ci-2\/\" \/>\n<meta property=\"og:locale\" content=\"es_ES\" \/>\n<meta property=\"og:type\" content=\"article\" \/>\n<meta property=\"og:title\" content=\"N\u00daMERO 9 CI\" \/>\n<meta property=\"og:description\" content=\"Scopri N\u00daMERO 9 CI e gli altri prodotti del catalogo di AdriaBandiere. Entra nel sito.\" \/>\n<meta property=\"og:url\" content=\"https:\/\/www.adriabandiere.com\/es\/prodotti\/banderas\/banderas-de-senales-nauticas\/numero-9-ci-2\/\" \/>\n<meta property=\"og:site_name\" content=\"Adria Bandiere\" \/>\n<meta property=\"og:image\" content=\"https:\/\/www.adriabandiere.com\/wp-content\/uploads\/2021\/01\/17b01-09-1.jpg\" \/>\n\t<meta property=\"og:image:width\" content=\"1024\" \/>\n\t<meta property=\"og:image:height\" content=\"429\" \/>\n\t<meta property=\"og:image:type\" content=\"image\/jpeg\" \/>\n<meta name=\"twitter:card\" content=\"summary_large_image\" \/>\n<script type=\"application\/ld+json\" class=\"yoast-schema-graph\">{\"@context\":\"https:\/\/schema.org\",\"@graph\":[{\"@type\":\"WebPage\",\"@id\":\"https:\/\/www.adriabandiere.com\/es\/prodotti\/banderas\/banderas-de-senales-nauticas\/numero-9-ci-2\/\",\"url\":\"https:\/\/www.adriabandiere.com\/es\/prodotti\/banderas\/banderas-de-senales-nauticas\/numero-9-ci-2\/\",\"name\":\"N\u00daMERO 9 CI - AdriaBandiere\",\"isPartOf\":{\"@id\":\"https:\/\/www.adriabandiere.com\/es\/#website\"},\"datePublished\":\"2021-01-28T15:16:26+00:00\",\"dateModified\":\"2021-01-28T15:16:26+00:00\",\"description\":\"Scopri N\u00daMERO 9 CI e gli altri prodotti del catalogo di AdriaBandiere. Entra nel sito.\",\"breadcrumb\":{\"@id\":\"https:\/\/www.adriabandiere.com\/es\/prodotti\/banderas\/banderas-de-senales-nauticas\/numero-9-ci-2\/#breadcrumb\"},\"inLanguage\":\"es\",\"potentialAction\":[{\"@type\":\"ReadAction\",\"target\":[\"https:\/\/www.adriabandiere.com\/es\/prodotti\/banderas\/banderas-de-senales-nauticas\/numero-9-ci-2\/\"]}]},{\"@type\":\"BreadcrumbList\",\"@id\":\"https:\/\/www.adriabandiere.com\/es\/prodotti\/banderas\/banderas-de-senales-nauticas\/numero-9-ci-2\/#breadcrumb\",\"itemListElement\":[{\"@type\":\"ListItem\",\"position\":1,\"name\":\"Prodotti\",\"item\":\"https:\/\/www.adriabandiere.com\/it\/prodotti\/\"},{\"@type\":\"ListItem\",\"position\":2,\"name\":\"N\u00daMERO 9 CI\"}]},{\"@type\":\"WebSite\",\"@id\":\"https:\/\/www.adriabandiere.com\/es\/#website\",\"url\":\"https:\/\/www.adriabandiere.com\/es\/\",\"name\":\"Adria Bandiere\",\"description\":\"\",\"potentialAction\":[{\"@type\":\"SearchAction\",\"target\":{\"@type\":\"EntryPoint\",\"urlTemplate\":\"https:\/\/www.adriabandiere.com\/es\/?s={search_term_string}\"},\"query-input\":\"required name=search_term_string\"}],\"inLanguage\":\"es\"}]}<\/script>\n<!-- \/ Yoast SEO Premium plugin. -->","yoast_head_json":{"title":"N\u00daMERO 9 CI - AdriaBandiere","description":"Scopri N\u00daMERO 9 CI e gli altri prodotti del catalogo di AdriaBandiere. Entra nel sito.","robots":{"index":"index","follow":"follow","max-snippet":"max-snippet:-1","max-image-preview":"max-image-preview:large","max-video-preview":"max-video-preview:-1"},"canonical":"https:\/\/www.adriabandiere.com\/es\/prodotti\/banderas\/banderas-de-senales-nauticas\/numero-9-ci-2\/","og_locale":"es_ES","og_type":"article","og_title":"N\u00daMERO 9 CI","og_description":"Scopri N\u00daMERO 9 CI e gli altri prodotti del catalogo di AdriaBandiere. Entra nel sito.","og_url":"https:\/\/www.adriabandiere.com\/es\/prodotti\/banderas\/banderas-de-senales-nauticas\/numero-9-ci-2\/","og_site_name":"Adria Bandiere","og_image":[{"width":1024,"height":429,"url":"https:\/\/www.adriabandiere.com\/wp-content\/uploads\/2021\/01\/17b01-09-1.jpg","type":"image\/jpeg"}],"twitter_card":"summary_large_image","schema":{"@context":"https:\/\/schema.org","@graph":[{"@type":"WebPage","@id":"https:\/\/www.adriabandiere.com\/es\/prodotti\/banderas\/banderas-de-senales-nauticas\/numero-9-ci-2\/","url":"https:\/\/www.adriabandiere.com\/es\/prodotti\/banderas\/banderas-de-senales-nauticas\/numero-9-ci-2\/","name":"N\u00daMERO 9 CI - AdriaBandiere","isPartOf":{"@id":"https:\/\/www.adriabandiere.com\/es\/#website"},"datePublished":"2021-01-28T15:16:26+00:00","dateModified":"2021-01-28T15:16:26+00:00","description":"Scopri N\u00daMERO 9 CI e gli altri prodotti del catalogo di AdriaBandiere. Entra nel sito.","breadcrumb":{"@id":"https:\/\/www.adriabandiere.com\/es\/prodotti\/banderas\/banderas-de-senales-nauticas\/numero-9-ci-2\/#breadcrumb"},"inLanguage":"es","potentialAction":[{"@type":"ReadAction","target":["https:\/\/www.adriabandiere.com\/es\/prodotti\/banderas\/banderas-de-senales-nauticas\/numero-9-ci-2\/"]}]},{"@type":"BreadcrumbList","@id":"https:\/\/www.adriabandiere.com\/es\/prodotti\/banderas\/banderas-de-senales-nauticas\/numero-9-ci-2\/#breadcrumb","itemListElement":[{"@type":"ListItem","position":1,"name":"Prodotti","item":"https:\/\/www.adriabandiere.com\/it\/prodotti\/"},{"@type":"ListItem","position":2,"name":"N\u00daMERO 9 CI"}]},{"@type":"WebSite","@id":"https:\/\/www.adriabandiere.com\/es\/#website","url":"https:\/\/www.adriabandiere.com\/es\/","name":"Adria Bandiere","description":"","potentialAction":[{"@type":"SearchAction","target":{"@type":"EntryPoint","urlTemplate":"https:\/\/www.adriabandiere.com\/es\/?s={search_term_string}"},"query-input":"required name=search_term_string"}],"inLanguage":"es"}]}},"_links":{"self":[{"href":"https:\/\/www.adriabandiere.com\/es\/wp-json\/wp\/v2\/product\/50193","targetHints":{"allow":["GET"]}}],"collection":[{"href":"https:\/\/www.adriabandiere.com\/es\/wp-json\/wp\/v2\/product"}],"about":[{"href":"https:\/\/www.adriabandiere.com\/es\/wp-json\/wp\/v2\/types\/product"}],"wp:featuredmedia":[{"embeddable":true,"href":"https:\/\/www.adriabandiere.com\/es\/wp-json\/wp\/v2\/media\/44048"}],"wp:attachment":[{"href":"https:\/\/www.adriabandiere.com\/es\/wp-json\/wp\/v2\/media?parent=50193"}],"wp:term":[{"taxonomy":"product_brand","embeddable":true,"href":"https:\/\/www.adriabandiere.com\/es\/wp-json\/wp\/v2\/product_brand?post=50193"},{"taxonomy":"product_cat","embeddable":true,"href":"https:\/\/www.adriabandiere.com\/es\/wp-json\/wp\/v2\/product_cat?post=50193"},{"taxonomy":"product_tag","embeddable":true,"href":"https:\/\/www.adriabandiere.com\/es\/wp-json\/wp\/v2\/product_tag?post=50193"}],"curies":[{"name":"wp","href":"https:\/\/api.w.org\/{rel}","templated":true}]}}