{"id":49828,"date":"2021-01-27T15:14:30","date_gmt":"2021-01-28T15:13:39","guid":{"rendered":"https:\/\/labs.giamaica.app\/webit\/adriabandiere.com\/shop\/sin categor\u00eda\/union-europea\/"},"modified":"2021-01-28T16:13:39","modified_gmt":"2021-01-28T15:13:39","slug":"union-europea","status":"publish","type":"product","link":"https:\/\/www.adriabandiere.com\/es\/prodotti\/banderas\/naciones-extranjeras\/union-europea\/","title":{"rendered":"UNI\u00d3N EUROPEA"},"content":{"rendered":"","protected":false},"excerpt":{"rendered":"<p>Uni\u00f3n Europea, cm 70&#215;100 poli\u00e9ster econ\u00f3mico ponge &#8216;<br \/>\n04b03ce Uni\u00f3n Europea, cm 50&#215;75 poli\u00e9ster econ\u00f3mico ponge &#8216;<br \/>\n100ce Uni\u00f3n Europea, poli\u00e9ster barato 100&#215;150 cm<br \/>\n101b01 Uni\u00f3n Europea, 20&#215;30 cm<br \/>\n101b02 Uni\u00f3n Europea, 30&#215;45 cm<br \/>\n101b03 Uni\u00f3n Europea, 40&#215;60 cm<br \/>\n101b04 Uni\u00f3n Europea, 50&#215;75 cm<br \/>\n101b04px Uni\u00f3n Europea, cm 50&#215;75 en poli\u00e9ster n\u00e1utico<br \/>\n101b05 Uni\u00f3n Europea, 70&#215;100 cm<br \/>\n101b05px Uni\u00f3n Europea, cm 70&#215;100 poli\u00e9ster n\u00e1utico<br \/>\n101b06 Uni\u00f3n Europea, 80&#215;120 cm<br \/>\n101b06px Uni\u00f3n Europea, cm 80&#215;120 poli\u00e9ster n\u00e1utico<br \/>\n101b07 Uni\u00f3n Europea, 100&#215;150 cm<br \/>\n101b07px Uni\u00f3n Europea, cm 100&#215;150 poli\u00e9ster n\u00e1utico<br \/>\n101b07x Uni\u00f3n Europea, cm 80&#215;150<br \/>\n101b08 Uni\u00f3n Europea, 130&#215;200 cm<br \/>\n101b081 Uni\u00f3n Europea, 100&#215;200 cm<br \/>\n101b08p Uni\u00f3n Europea, poli\u00e9ster n\u00e1utico 120&#215;180 cm<br \/>\n101b08px Uni\u00f3n Europea, cm 130&#215;200 poli\u00e9ster n\u00e1utico<br \/>\n101b09 Uni\u00f3n Europea, 150&#215;225 cm<br \/>\n101b09px Uni\u00f3n Europea, cm 150&#215;225 poli\u00e9ster n\u00e1utico<br \/>\n101b09x Uni\u00f3n Europea, cm 150&#215;230 poli\u00e9ster n\u00e1utico<br \/>\n101b10 Uni\u00f3n Europea, 200&#215;300 cm<br \/>\n101b101p Uni\u00f3n Europea, cm 180&#215;260 poli\u00e9ster n\u00e1utico<br \/>\n101b108p Uni\u00f3n Europea, 110&#215;180 cm n\u00e1utico<br \/>\n101b10px Uni\u00f3n Europea, cm 200&#215;300 poli\u00e9ster n\u00e1utico<br \/>\n101b10x Uni\u00f3n Europea, 190&#215;280 cm<br \/>\n101b11 Uni\u00f3n Europea, 250&#215;375 cm<br \/>\n101b11px Uni\u00f3n Europea, cm 250&#215;375 poli\u00e9ster n\u00e1utico<br \/>\n101b11x Uni\u00f3n Europea, cm 600&#215;150<br \/>\n101b12 Uni\u00f3n Europea, 300&#215;450 cm<br \/>\n101b12px Uni\u00f3n Europea, cm 300&#215;450 poli\u00e9ster n\u00e1utico<br \/>\n101b12x Uni\u00f3n Europea, cm 500&#215;120<br \/>\n101b13 Uni\u00f3n Europea, 400&#215;600 cm<br \/>\n101b13px Uni\u00f3n Europea, cm 400&#215;600 poli\u00e9ster n\u00e1utico<br \/>\n101b13x Uni\u00f3n Europea, 500&#215;750 cm<br \/>\n101b14 Uni\u00f3n Europea, 550&#215;825 cm<br \/>\n101b17 Uni\u00f3n Europea, 150&#215;300 cm<br \/>\n26b21ue Uni\u00f3n Europea, cm 210&#215;70 vert.<br \/>\n26b21uex Uni\u00f3n Europea, cm 210&#215;70 vert. poli\u00e9ster n\u00e1utico<br \/>\n26b22ue Uni\u00f3n Europea, cm 300&#215;100 vert.<br \/>\n26b22uex Uni\u00f3n Europea, cm 300&#215;100 vert. poli\u00e9ster n\u00e1utico<br \/>\n26b23ue Uni\u00f3n Europea, cm 200&#215;100 vert.<br \/>\n26b24ue Uni\u00f3n Europea, cm 400&#215;100 vert.<br \/>\n26b24uex Uni\u00f3n Europea, cm 100&#215;400 vert. poli\u00e9ster n\u00e1utico<br \/>\n26b25ue Uni\u00f3n Europea, cm 400&#215;150 \/ 120 vert.<br \/>\n26b27ue Uni\u00f3n Europea, cm 500&#215;135 vert.<br \/>\n30b01ce Uni\u00f3n Europea, mesa de poli\u00e9ster 14&#215;21 cm<br \/>\n31b02cee Uni\u00f3n Europea, 20&#215;30 cm para ondular<br \/>\n32b023ce Uni\u00f3n Europea, 16&#215;25 cm<br \/>\n32b024ce Uni\u00f3n Europea, doble satinado 20&#215;30 cm<br \/>\n32b043ce uni\u00f3n europea, 15,5&#215;23 cm<br \/>\n64b019ce Uni\u00f3n Europea, 150&#215;225 cm en seda<br \/>\n64b037ce Uni\u00f3n Europea, 100&#215;150 cm en seda bordada a mano<br \/>\n64b077ce Uni\u00f3n Europea, 100&#215;150 cm en poli\u00e9ster satinado sin flecos<br \/>\n64b078ce uni\u00f3n europea, 130&#215;200 cm en sat\u00e9n de poli\u00e9ster pesado<br \/>\n64b128ce Uni\u00f3n Europea, cm 130&#215;200 seda estampada doble<\/p>\n","protected":false},"featured_media":43731,"template":"","meta":{"_acf_changed":false,"ngg_post_thumbnail":0},"product_brand":[],"product_cat":[460,480],"product_tag":[],"class_list":{"0":"post-49828","1":"product","2":"type-product","3":"status-publish","4":"has-post-thumbnail","6":"product_cat-banderas","7":"product_cat-naciones-extranjeras","9":"first","10":"instock","11":"shipping-taxable","12":"product-type-simple"},"acf":[],"yoast_head":"<!-- This site is optimized with the Yoast SEO Premium plugin v20.11 (Yoast SEO v20.11) - https:\/\/yoast.com\/wordpress\/plugins\/seo\/ -->\n<title>UNI\u00d3N EUROPEA - AdriaBandiere<\/title>\n<meta name=\"description\" content=\"Scopri UNI\u00d3N EUROPEA e gli altri prodotti del catalogo di AdriaBandiere. Entra nel sito.\" \/>\n<meta name=\"robots\" content=\"index, follow, max-snippet:-1, max-image-preview:large, max-video-preview:-1\" \/>\n<link rel=\"canonical\" href=\"https:\/\/www.adriabandiere.com\/es\/prodotti\/banderas\/naciones-extranjeras\/union-europea\/\" \/>\n<meta property=\"og:locale\" content=\"es_ES\" \/>\n<meta property=\"og:type\" content=\"article\" \/>\n<meta property=\"og:title\" content=\"UNI\u00d3N EUROPEA\" \/>\n<meta property=\"og:description\" content=\"Scopri UNI\u00d3N EUROPEA e gli altri prodotti del catalogo di AdriaBandiere. Entra nel sito.\" \/>\n<meta property=\"og:url\" content=\"https:\/\/www.adriabandiere.com\/es\/prodotti\/banderas\/naciones-extranjeras\/union-europea\/\" \/>\n<meta property=\"og:site_name\" content=\"Adria Bandiere\" \/>\n<meta property=\"og:image\" content=\"https:\/\/www.adriabandiere.com\/wp-content\/uploads\/2021\/01\/04b01ce-1-2.jpg\" \/>\n\t<meta property=\"og:image:width\" content=\"1024\" \/>\n\t<meta property=\"og:image:height\" content=\"683\" \/>\n\t<meta property=\"og:image:type\" content=\"image\/jpeg\" \/>\n<meta name=\"twitter:card\" content=\"summary_large_image\" \/>\n<script type=\"application\/ld+json\" class=\"yoast-schema-graph\">{\"@context\":\"https:\/\/schema.org\",\"@graph\":[{\"@type\":\"WebPage\",\"@id\":\"https:\/\/www.adriabandiere.com\/es\/prodotti\/banderas\/naciones-extranjeras\/union-europea\/\",\"url\":\"https:\/\/www.adriabandiere.com\/es\/prodotti\/banderas\/naciones-extranjeras\/union-europea\/\",\"name\":\"UNI\u00d3N EUROPEA - AdriaBandiere\",\"isPartOf\":{\"@id\":\"https:\/\/www.adriabandiere.com\/es\/#website\"},\"datePublished\":\"2021-01-28T15:13:39+00:00\",\"dateModified\":\"2021-01-28T15:13:39+00:00\",\"description\":\"Scopri UNI\u00d3N EUROPEA e gli altri prodotti del catalogo di AdriaBandiere. Entra nel sito.\",\"breadcrumb\":{\"@id\":\"https:\/\/www.adriabandiere.com\/es\/prodotti\/banderas\/naciones-extranjeras\/union-europea\/#breadcrumb\"},\"inLanguage\":\"es\",\"potentialAction\":[{\"@type\":\"ReadAction\",\"target\":[\"https:\/\/www.adriabandiere.com\/es\/prodotti\/banderas\/naciones-extranjeras\/union-europea\/\"]}]},{\"@type\":\"BreadcrumbList\",\"@id\":\"https:\/\/www.adriabandiere.com\/es\/prodotti\/banderas\/naciones-extranjeras\/union-europea\/#breadcrumb\",\"itemListElement\":[{\"@type\":\"ListItem\",\"position\":1,\"name\":\"Prodotti\",\"item\":\"https:\/\/www.adriabandiere.com\/it\/prodotti\/\"},{\"@type\":\"ListItem\",\"position\":2,\"name\":\"UNI\u00d3N EUROPEA\"}]},{\"@type\":\"WebSite\",\"@id\":\"https:\/\/www.adriabandiere.com\/es\/#website\",\"url\":\"https:\/\/www.adriabandiere.com\/es\/\",\"name\":\"Adria Bandiere\",\"description\":\"\",\"potentialAction\":[{\"@type\":\"SearchAction\",\"target\":{\"@type\":\"EntryPoint\",\"urlTemplate\":\"https:\/\/www.adriabandiere.com\/es\/?s={search_term_string}\"},\"query-input\":\"required name=search_term_string\"}],\"inLanguage\":\"es\"}]}<\/script>\n<!-- \/ Yoast SEO Premium plugin. -->","yoast_head_json":{"title":"UNI\u00d3N EUROPEA - AdriaBandiere","description":"Scopri UNI\u00d3N EUROPEA e gli altri prodotti del catalogo di AdriaBandiere. Entra nel sito.","robots":{"index":"index","follow":"follow","max-snippet":"max-snippet:-1","max-image-preview":"max-image-preview:large","max-video-preview":"max-video-preview:-1"},"canonical":"https:\/\/www.adriabandiere.com\/es\/prodotti\/banderas\/naciones-extranjeras\/union-europea\/","og_locale":"es_ES","og_type":"article","og_title":"UNI\u00d3N EUROPEA","og_description":"Scopri UNI\u00d3N EUROPEA e gli altri prodotti del catalogo di AdriaBandiere. Entra nel sito.","og_url":"https:\/\/www.adriabandiere.com\/es\/prodotti\/banderas\/naciones-extranjeras\/union-europea\/","og_site_name":"Adria Bandiere","og_image":[{"width":1024,"height":683,"url":"https:\/\/www.adriabandiere.com\/wp-content\/uploads\/2021\/01\/04b01ce-1-2.jpg","type":"image\/jpeg"}],"twitter_card":"summary_large_image","schema":{"@context":"https:\/\/schema.org","@graph":[{"@type":"WebPage","@id":"https:\/\/www.adriabandiere.com\/es\/prodotti\/banderas\/naciones-extranjeras\/union-europea\/","url":"https:\/\/www.adriabandiere.com\/es\/prodotti\/banderas\/naciones-extranjeras\/union-europea\/","name":"UNI\u00d3N EUROPEA - AdriaBandiere","isPartOf":{"@id":"https:\/\/www.adriabandiere.com\/es\/#website"},"datePublished":"2021-01-28T15:13:39+00:00","dateModified":"2021-01-28T15:13:39+00:00","description":"Scopri UNI\u00d3N EUROPEA e gli altri prodotti del catalogo di AdriaBandiere. Entra nel sito.","breadcrumb":{"@id":"https:\/\/www.adriabandiere.com\/es\/prodotti\/banderas\/naciones-extranjeras\/union-europea\/#breadcrumb"},"inLanguage":"es","potentialAction":[{"@type":"ReadAction","target":["https:\/\/www.adriabandiere.com\/es\/prodotti\/banderas\/naciones-extranjeras\/union-europea\/"]}]},{"@type":"BreadcrumbList","@id":"https:\/\/www.adriabandiere.com\/es\/prodotti\/banderas\/naciones-extranjeras\/union-europea\/#breadcrumb","itemListElement":[{"@type":"ListItem","position":1,"name":"Prodotti","item":"https:\/\/www.adriabandiere.com\/it\/prodotti\/"},{"@type":"ListItem","position":2,"name":"UNI\u00d3N EUROPEA"}]},{"@type":"WebSite","@id":"https:\/\/www.adriabandiere.com\/es\/#website","url":"https:\/\/www.adriabandiere.com\/es\/","name":"Adria Bandiere","description":"","potentialAction":[{"@type":"SearchAction","target":{"@type":"EntryPoint","urlTemplate":"https:\/\/www.adriabandiere.com\/es\/?s={search_term_string}"},"query-input":"required name=search_term_string"}],"inLanguage":"es"}]}},"_links":{"self":[{"href":"https:\/\/www.adriabandiere.com\/es\/wp-json\/wp\/v2\/product\/49828","targetHints":{"allow":["GET"]}}],"collection":[{"href":"https:\/\/www.adriabandiere.com\/es\/wp-json\/wp\/v2\/product"}],"about":[{"href":"https:\/\/www.adriabandiere.com\/es\/wp-json\/wp\/v2\/types\/product"}],"wp:featuredmedia":[{"embeddable":true,"href":"https:\/\/www.adriabandiere.com\/es\/wp-json\/wp\/v2\/media\/43731"}],"wp:attachment":[{"href":"https:\/\/www.adriabandiere.com\/es\/wp-json\/wp\/v2\/media?parent=49828"}],"wp:term":[{"taxonomy":"product_brand","embeddable":true,"href":"https:\/\/www.adriabandiere.com\/es\/wp-json\/wp\/v2\/product_brand?post=49828"},{"taxonomy":"product_cat","embeddable":true,"href":"https:\/\/www.adriabandiere.com\/es\/wp-json\/wp\/v2\/product_cat?post=49828"},{"taxonomy":"product_tag","embeddable":true,"href":"https:\/\/www.adriabandiere.com\/es\/wp-json\/wp\/v2\/product_tag?post=49828"}],"curies":[{"name":"wp","href":"https:\/\/api.w.org\/{rel}","templated":true}]}}