{"id":49781,"date":"2021-01-27T15:14:07","date_gmt":"2021-01-28T15:13:17","guid":{"rendered":"https:\/\/labs.giamaica.app\/webit\/adriabandiere.com\/shop\/sin categor\u00eda\/tunez\/"},"modified":"2021-01-28T16:13:17","modified_gmt":"2021-01-28T15:13:17","slug":"tunez","status":"publish","type":"product","link":"https:\/\/www.adriabandiere.com\/es\/prodotti\/banderas\/naciones-extranjeras\/tunez\/","title":{"rendered":"T\u00daNEZ"},"content":{"rendered":"","protected":false},"excerpt":{"rendered":"<p>T\u00fanez, poli\u00e9ster barato 100&#215;150 cm<br \/>\n30b01tun Tunisia, cm 14&#215;21 para mesa en poli\u00e9ster<br \/>\n31b01tun Tunisia, 20&#215;30 cm para ondular poli\u00e9ster<br \/>\n31b02tun T\u00fanez, 20&#215;30 cm para ondular<br \/>\n32b043tn T\u00fanez, 15,5&#215;23 cm<br \/>\n64b017tn T\u00fanez, 100&#215;150 cm de seda<br \/>\nbt051 T\u00fanez, 20&#215;30 cm<br \/>\nbt052 T\u00fanez, 30&#215;45 cm<br \/>\nbt053 T\u00fanez, 40&#215;60 cm<br \/>\nbt054 T\u00fanez, 50&#215;75 cm<br \/>\nbt054xpx T\u00fanez, cm 60&#215;90 poli\u00e9ster n\u00e1utico<br \/>\nbt055 T\u00fanez, 70&#215;100 cm<br \/>\nbt056 T\u00fanez, 80&#215;120 cm<br \/>\nbt057 T\u00fanez, 100&#215;150 cm<br \/>\nbt057px T\u00fanez, cm 100&#215;150 poli\u00e9ster n\u00e1utico<br \/>\nbt058 T\u00fanez, 130&#215;200 cm<br \/>\nbt059 T\u00fanez, 150&#215;225 cm<br \/>\nbt059px T\u00fanez, cm 150&#215;225 poli\u00e9ster n\u00e1utico<br \/>\nbt060 T\u00fanez, 200&#215;300 cm<br \/>\nbt060xx T\u00fanez, 300&#215;450 cm<\/p>\n","protected":false},"featured_media":43643,"template":"","meta":{"_acf_changed":false,"ngg_post_thumbnail":0},"product_brand":[],"product_cat":[460,480],"product_tag":[],"class_list":{"0":"post-49781","1":"product","2":"type-product","3":"status-publish","4":"has-post-thumbnail","6":"product_cat-banderas","7":"product_cat-naciones-extranjeras","9":"first","10":"instock","11":"shipping-taxable","12":"product-type-simple"},"acf":[],"yoast_head":"<!-- This site is optimized with the Yoast SEO Premium plugin v20.11 (Yoast SEO v20.11) - https:\/\/yoast.com\/wordpress\/plugins\/seo\/ -->\n<title>T\u00daNEZ - AdriaBandiere<\/title>\n<meta name=\"description\" content=\"Scopri T\u00daNEZ e gli altri prodotti del catalogo di AdriaBandiere. Entra nel sito.\" \/>\n<meta name=\"robots\" content=\"index, follow, max-snippet:-1, max-image-preview:large, max-video-preview:-1\" \/>\n<link rel=\"canonical\" href=\"https:\/\/www.adriabandiere.com\/es\/prodotti\/banderas\/naciones-extranjeras\/tunez\/\" \/>\n<meta property=\"og:locale\" content=\"es_ES\" \/>\n<meta property=\"og:type\" content=\"article\" \/>\n<meta property=\"og:title\" content=\"T\u00daNEZ\" \/>\n<meta property=\"og:description\" content=\"Scopri T\u00daNEZ e gli altri prodotti del catalogo di AdriaBandiere. Entra nel sito.\" \/>\n<meta property=\"og:url\" content=\"https:\/\/www.adriabandiere.com\/es\/prodotti\/banderas\/naciones-extranjeras\/tunez\/\" \/>\n<meta property=\"og:site_name\" content=\"Adria Bandiere\" \/>\n<meta property=\"og:image\" content=\"https:\/\/www.adriabandiere.com\/wp-content\/uploads\/2021\/01\/100tu-1.jpg\" \/>\n\t<meta property=\"og:image:width\" content=\"1024\" \/>\n\t<meta property=\"og:image:height\" content=\"683\" \/>\n\t<meta property=\"og:image:type\" content=\"image\/jpeg\" \/>\n<meta name=\"twitter:card\" content=\"summary_large_image\" \/>\n<script type=\"application\/ld+json\" class=\"yoast-schema-graph\">{\"@context\":\"https:\/\/schema.org\",\"@graph\":[{\"@type\":\"WebPage\",\"@id\":\"https:\/\/www.adriabandiere.com\/es\/prodotti\/banderas\/naciones-extranjeras\/tunez\/\",\"url\":\"https:\/\/www.adriabandiere.com\/es\/prodotti\/banderas\/naciones-extranjeras\/tunez\/\",\"name\":\"T\u00daNEZ - AdriaBandiere\",\"isPartOf\":{\"@id\":\"https:\/\/www.adriabandiere.com\/es\/#website\"},\"datePublished\":\"2021-01-28T15:13:17+00:00\",\"dateModified\":\"2021-01-28T15:13:17+00:00\",\"description\":\"Scopri T\u00daNEZ e gli altri prodotti del catalogo di AdriaBandiere. Entra nel sito.\",\"breadcrumb\":{\"@id\":\"https:\/\/www.adriabandiere.com\/es\/prodotti\/banderas\/naciones-extranjeras\/tunez\/#breadcrumb\"},\"inLanguage\":\"es\",\"potentialAction\":[{\"@type\":\"ReadAction\",\"target\":[\"https:\/\/www.adriabandiere.com\/es\/prodotti\/banderas\/naciones-extranjeras\/tunez\/\"]}]},{\"@type\":\"BreadcrumbList\",\"@id\":\"https:\/\/www.adriabandiere.com\/es\/prodotti\/banderas\/naciones-extranjeras\/tunez\/#breadcrumb\",\"itemListElement\":[{\"@type\":\"ListItem\",\"position\":1,\"name\":\"Prodotti\",\"item\":\"https:\/\/www.adriabandiere.com\/it\/prodotti\/\"},{\"@type\":\"ListItem\",\"position\":2,\"name\":\"T\u00daNEZ\"}]},{\"@type\":\"WebSite\",\"@id\":\"https:\/\/www.adriabandiere.com\/es\/#website\",\"url\":\"https:\/\/www.adriabandiere.com\/es\/\",\"name\":\"Adria Bandiere\",\"description\":\"\",\"potentialAction\":[{\"@type\":\"SearchAction\",\"target\":{\"@type\":\"EntryPoint\",\"urlTemplate\":\"https:\/\/www.adriabandiere.com\/es\/?s={search_term_string}\"},\"query-input\":\"required name=search_term_string\"}],\"inLanguage\":\"es\"}]}<\/script>\n<!-- \/ Yoast SEO Premium plugin. -->","yoast_head_json":{"title":"T\u00daNEZ - AdriaBandiere","description":"Scopri T\u00daNEZ e gli altri prodotti del catalogo di AdriaBandiere. Entra nel sito.","robots":{"index":"index","follow":"follow","max-snippet":"max-snippet:-1","max-image-preview":"max-image-preview:large","max-video-preview":"max-video-preview:-1"},"canonical":"https:\/\/www.adriabandiere.com\/es\/prodotti\/banderas\/naciones-extranjeras\/tunez\/","og_locale":"es_ES","og_type":"article","og_title":"T\u00daNEZ","og_description":"Scopri T\u00daNEZ e gli altri prodotti del catalogo di AdriaBandiere. Entra nel sito.","og_url":"https:\/\/www.adriabandiere.com\/es\/prodotti\/banderas\/naciones-extranjeras\/tunez\/","og_site_name":"Adria Bandiere","og_image":[{"width":1024,"height":683,"url":"https:\/\/www.adriabandiere.com\/wp-content\/uploads\/2021\/01\/100tu-1.jpg","type":"image\/jpeg"}],"twitter_card":"summary_large_image","schema":{"@context":"https:\/\/schema.org","@graph":[{"@type":"WebPage","@id":"https:\/\/www.adriabandiere.com\/es\/prodotti\/banderas\/naciones-extranjeras\/tunez\/","url":"https:\/\/www.adriabandiere.com\/es\/prodotti\/banderas\/naciones-extranjeras\/tunez\/","name":"T\u00daNEZ - AdriaBandiere","isPartOf":{"@id":"https:\/\/www.adriabandiere.com\/es\/#website"},"datePublished":"2021-01-28T15:13:17+00:00","dateModified":"2021-01-28T15:13:17+00:00","description":"Scopri T\u00daNEZ e gli altri prodotti del catalogo di AdriaBandiere. Entra nel sito.","breadcrumb":{"@id":"https:\/\/www.adriabandiere.com\/es\/prodotti\/banderas\/naciones-extranjeras\/tunez\/#breadcrumb"},"inLanguage":"es","potentialAction":[{"@type":"ReadAction","target":["https:\/\/www.adriabandiere.com\/es\/prodotti\/banderas\/naciones-extranjeras\/tunez\/"]}]},{"@type":"BreadcrumbList","@id":"https:\/\/www.adriabandiere.com\/es\/prodotti\/banderas\/naciones-extranjeras\/tunez\/#breadcrumb","itemListElement":[{"@type":"ListItem","position":1,"name":"Prodotti","item":"https:\/\/www.adriabandiere.com\/it\/prodotti\/"},{"@type":"ListItem","position":2,"name":"T\u00daNEZ"}]},{"@type":"WebSite","@id":"https:\/\/www.adriabandiere.com\/es\/#website","url":"https:\/\/www.adriabandiere.com\/es\/","name":"Adria Bandiere","description":"","potentialAction":[{"@type":"SearchAction","target":{"@type":"EntryPoint","urlTemplate":"https:\/\/www.adriabandiere.com\/es\/?s={search_term_string}"},"query-input":"required name=search_term_string"}],"inLanguage":"es"}]}},"_links":{"self":[{"href":"https:\/\/www.adriabandiere.com\/es\/wp-json\/wp\/v2\/product\/49781","targetHints":{"allow":["GET"]}}],"collection":[{"href":"https:\/\/www.adriabandiere.com\/es\/wp-json\/wp\/v2\/product"}],"about":[{"href":"https:\/\/www.adriabandiere.com\/es\/wp-json\/wp\/v2\/types\/product"}],"wp:featuredmedia":[{"embeddable":true,"href":"https:\/\/www.adriabandiere.com\/es\/wp-json\/wp\/v2\/media\/43643"}],"wp:attachment":[{"href":"https:\/\/www.adriabandiere.com\/es\/wp-json\/wp\/v2\/media?parent=49781"}],"wp:term":[{"taxonomy":"product_brand","embeddable":true,"href":"https:\/\/www.adriabandiere.com\/es\/wp-json\/wp\/v2\/product_brand?post=49781"},{"taxonomy":"product_cat","embeddable":true,"href":"https:\/\/www.adriabandiere.com\/es\/wp-json\/wp\/v2\/product_cat?post=49781"},{"taxonomy":"product_tag","embeddable":true,"href":"https:\/\/www.adriabandiere.com\/es\/wp-json\/wp\/v2\/product_tag?post=49781"}],"curies":[{"name":"wp","href":"https:\/\/api.w.org\/{rel}","templated":true}]}}