{"id":49551,"date":"2021-01-27T15:13:44","date_gmt":"2021-01-28T15:08:36","guid":{"rendered":"https:\/\/labs.giamaica.app\/webit\/adriabandiere.com\/shop\/sin categor\u00eda\/sur-de-sudan\/"},"modified":"2021-01-28T16:08:36","modified_gmt":"2021-01-28T15:08:36","slug":"sudan-del-sur","status":"publish","type":"product","link":"https:\/\/www.adriabandiere.com\/es\/prodotti\/banderas\/naciones-extranjeras\/sudan-del-sur\/","title":{"rendered":"SUR DE SUD\u00c1N"},"content":{"rendered":"","protected":false},"excerpt":{"rendered":"<p>Sud\u00e1n del Sur, poli\u00e9ster barato 100&#215;150 cm<br \/>\nbs551 Sud\u00e1n del Sur, 20&#215;30 cm<br \/>\nbs554 Sud\u00e1n del Sur, 50&#215;75 cm<br \/>\nbs557 Sud\u00e1n del Sur, 100&#215;150 cm<\/p>\n","protected":false},"featured_media":43489,"template":"","meta":{"_acf_changed":false,"ngg_post_thumbnail":0},"product_brand":[],"product_cat":[460,480],"product_tag":[],"class_list":{"0":"post-49551","1":"product","2":"type-product","3":"status-publish","4":"has-post-thumbnail","6":"product_cat-banderas","7":"product_cat-naciones-extranjeras","9":"first","10":"instock","11":"shipping-taxable","12":"product-type-simple"},"acf":[],"yoast_head":"<!-- This site is optimized with the Yoast SEO Premium plugin v20.11 (Yoast SEO v20.11) - https:\/\/yoast.com\/wordpress\/plugins\/seo\/ -->\n<title>SUR DE SUD\u00c1N - AdriaBandiere<\/title>\n<meta name=\"description\" content=\"Scopri SUR DE SUD\u00c1N e gli altri prodotti del catalogo di AdriaBandiere. Entra nel sito.\" \/>\n<meta name=\"robots\" content=\"index, follow, max-snippet:-1, max-image-preview:large, max-video-preview:-1\" \/>\n<link rel=\"canonical\" href=\"https:\/\/www.adriabandiere.com\/es\/prodotti\/banderas\/naciones-extranjeras\/sudan-del-sur\/\" \/>\n<meta property=\"og:locale\" content=\"es_ES\" \/>\n<meta property=\"og:type\" content=\"article\" \/>\n<meta property=\"og:title\" content=\"SUR DE SUD\u00c1N\" \/>\n<meta property=\"og:description\" content=\"Scopri SUR DE SUD\u00c1N e gli altri prodotti del catalogo di AdriaBandiere. Entra nel sito.\" \/>\n<meta property=\"og:url\" content=\"https:\/\/www.adriabandiere.com\/es\/prodotti\/banderas\/naciones-extranjeras\/sudan-del-sur\/\" \/>\n<meta property=\"og:site_name\" content=\"Adria Bandiere\" \/>\n<meta property=\"og:image\" content=\"https:\/\/www.adriabandiere.com\/wp-content\/uploads\/2021\/01\/100sus-1.jpg\" \/>\n\t<meta property=\"og:image:width\" content=\"1153\" \/>\n\t<meta property=\"og:image:height\" content=\"768\" \/>\n\t<meta property=\"og:image:type\" content=\"image\/jpeg\" \/>\n<meta name=\"twitter:card\" content=\"summary_large_image\" \/>\n<script type=\"application\/ld+json\" class=\"yoast-schema-graph\">{\"@context\":\"https:\/\/schema.org\",\"@graph\":[{\"@type\":\"WebPage\",\"@id\":\"https:\/\/www.adriabandiere.com\/es\/prodotti\/banderas\/naciones-extranjeras\/sudan-del-sur\/\",\"url\":\"https:\/\/www.adriabandiere.com\/es\/prodotti\/banderas\/naciones-extranjeras\/sudan-del-sur\/\",\"name\":\"SUR DE SUD\u00c1N - AdriaBandiere\",\"isPartOf\":{\"@id\":\"https:\/\/www.adriabandiere.com\/es\/#website\"},\"datePublished\":\"2021-01-28T15:08:36+00:00\",\"dateModified\":\"2021-01-28T15:08:36+00:00\",\"description\":\"Scopri SUR DE SUD\u00c1N e gli altri prodotti del catalogo di AdriaBandiere. Entra nel sito.\",\"breadcrumb\":{\"@id\":\"https:\/\/www.adriabandiere.com\/es\/prodotti\/banderas\/naciones-extranjeras\/sudan-del-sur\/#breadcrumb\"},\"inLanguage\":\"es\",\"potentialAction\":[{\"@type\":\"ReadAction\",\"target\":[\"https:\/\/www.adriabandiere.com\/es\/prodotti\/banderas\/naciones-extranjeras\/sudan-del-sur\/\"]}]},{\"@type\":\"BreadcrumbList\",\"@id\":\"https:\/\/www.adriabandiere.com\/es\/prodotti\/banderas\/naciones-extranjeras\/sudan-del-sur\/#breadcrumb\",\"itemListElement\":[{\"@type\":\"ListItem\",\"position\":1,\"name\":\"Prodotti\",\"item\":\"https:\/\/www.adriabandiere.com\/it\/prodotti\/\"},{\"@type\":\"ListItem\",\"position\":2,\"name\":\"SUR DE SUD\u00c1N\"}]},{\"@type\":\"WebSite\",\"@id\":\"https:\/\/www.adriabandiere.com\/es\/#website\",\"url\":\"https:\/\/www.adriabandiere.com\/es\/\",\"name\":\"Adria Bandiere\",\"description\":\"\",\"potentialAction\":[{\"@type\":\"SearchAction\",\"target\":{\"@type\":\"EntryPoint\",\"urlTemplate\":\"https:\/\/www.adriabandiere.com\/es\/?s={search_term_string}\"},\"query-input\":\"required name=search_term_string\"}],\"inLanguage\":\"es\"}]}<\/script>\n<!-- \/ Yoast SEO Premium plugin. -->","yoast_head_json":{"title":"SUR DE SUD\u00c1N - AdriaBandiere","description":"Scopri SUR DE SUD\u00c1N e gli altri prodotti del catalogo di AdriaBandiere. Entra nel sito.","robots":{"index":"index","follow":"follow","max-snippet":"max-snippet:-1","max-image-preview":"max-image-preview:large","max-video-preview":"max-video-preview:-1"},"canonical":"https:\/\/www.adriabandiere.com\/es\/prodotti\/banderas\/naciones-extranjeras\/sudan-del-sur\/","og_locale":"es_ES","og_type":"article","og_title":"SUR DE SUD\u00c1N","og_description":"Scopri SUR DE SUD\u00c1N e gli altri prodotti del catalogo di AdriaBandiere. Entra nel sito.","og_url":"https:\/\/www.adriabandiere.com\/es\/prodotti\/banderas\/naciones-extranjeras\/sudan-del-sur\/","og_site_name":"Adria Bandiere","og_image":[{"width":1153,"height":768,"url":"https:\/\/www.adriabandiere.com\/wp-content\/uploads\/2021\/01\/100sus-1.jpg","type":"image\/jpeg"}],"twitter_card":"summary_large_image","schema":{"@context":"https:\/\/schema.org","@graph":[{"@type":"WebPage","@id":"https:\/\/www.adriabandiere.com\/es\/prodotti\/banderas\/naciones-extranjeras\/sudan-del-sur\/","url":"https:\/\/www.adriabandiere.com\/es\/prodotti\/banderas\/naciones-extranjeras\/sudan-del-sur\/","name":"SUR DE SUD\u00c1N - AdriaBandiere","isPartOf":{"@id":"https:\/\/www.adriabandiere.com\/es\/#website"},"datePublished":"2021-01-28T15:08:36+00:00","dateModified":"2021-01-28T15:08:36+00:00","description":"Scopri SUR DE SUD\u00c1N e gli altri prodotti del catalogo di AdriaBandiere. Entra nel sito.","breadcrumb":{"@id":"https:\/\/www.adriabandiere.com\/es\/prodotti\/banderas\/naciones-extranjeras\/sudan-del-sur\/#breadcrumb"},"inLanguage":"es","potentialAction":[{"@type":"ReadAction","target":["https:\/\/www.adriabandiere.com\/es\/prodotti\/banderas\/naciones-extranjeras\/sudan-del-sur\/"]}]},{"@type":"BreadcrumbList","@id":"https:\/\/www.adriabandiere.com\/es\/prodotti\/banderas\/naciones-extranjeras\/sudan-del-sur\/#breadcrumb","itemListElement":[{"@type":"ListItem","position":1,"name":"Prodotti","item":"https:\/\/www.adriabandiere.com\/it\/prodotti\/"},{"@type":"ListItem","position":2,"name":"SUR DE SUD\u00c1N"}]},{"@type":"WebSite","@id":"https:\/\/www.adriabandiere.com\/es\/#website","url":"https:\/\/www.adriabandiere.com\/es\/","name":"Adria Bandiere","description":"","potentialAction":[{"@type":"SearchAction","target":{"@type":"EntryPoint","urlTemplate":"https:\/\/www.adriabandiere.com\/es\/?s={search_term_string}"},"query-input":"required name=search_term_string"}],"inLanguage":"es"}]}},"_links":{"self":[{"href":"https:\/\/www.adriabandiere.com\/es\/wp-json\/wp\/v2\/product\/49551","targetHints":{"allow":["GET"]}}],"collection":[{"href":"https:\/\/www.adriabandiere.com\/es\/wp-json\/wp\/v2\/product"}],"about":[{"href":"https:\/\/www.adriabandiere.com\/es\/wp-json\/wp\/v2\/types\/product"}],"wp:featuredmedia":[{"embeddable":true,"href":"https:\/\/www.adriabandiere.com\/es\/wp-json\/wp\/v2\/media\/43489"}],"wp:attachment":[{"href":"https:\/\/www.adriabandiere.com\/es\/wp-json\/wp\/v2\/media?parent=49551"}],"wp:term":[{"taxonomy":"product_brand","embeddable":true,"href":"https:\/\/www.adriabandiere.com\/es\/wp-json\/wp\/v2\/product_brand?post=49551"},{"taxonomy":"product_cat","embeddable":true,"href":"https:\/\/www.adriabandiere.com\/es\/wp-json\/wp\/v2\/product_cat?post=49551"},{"taxonomy":"product_tag","embeddable":true,"href":"https:\/\/www.adriabandiere.com\/es\/wp-json\/wp\/v2\/product_tag?post=49551"}],"curies":[{"name":"wp","href":"https:\/\/api.w.org\/{rel}","templated":true}]}}