{"id":49346,"date":"2021-01-27T15:12:58","date_gmt":"2021-01-28T15:07:24","guid":{"rendered":"https:\/\/labs.giamaica.app\/webit\/adriabandiere.com\/shop\/sin categor\u00eda\/reps-checo\/"},"modified":"2021-01-28T16:07:24","modified_gmt":"2021-01-28T15:07:24","slug":"republica-checa","status":"publish","type":"product","link":"https:\/\/www.adriabandiere.com\/es\/prodotti\/banderas\/naciones-extranjeras\/republica-checa\/","title":{"rendered":"REPS. CHECO"},"content":{"rendered":"","protected":false},"excerpt":{"rendered":"<p>Rep. Checa, Cm 100&#215;150 poli\u00e9ster barato<br \/>\n30b01cz Rep. Checa, Cm 14&#215;21 para mesa en poli\u00e9ster<br \/>\n31b01rep Rep. Checa, Cm 20&#215;30 para ondular<br \/>\n32b021cz Rep. Checa, Cm 9&#215;13 satinado con base<br \/>\n32b043cz Rep\u00fablica Checa, 15,5&#215;23 cm<br \/>\n64b057cz Rep. Checa, sarga bordada de 100&#215;150 cm<br \/>\nbc061 Rep\u00fablica Checa, 20&#215;30 cm<br \/>\nbc062 Rep\u00fablica Checa, 30&#215;45 cm<br \/>\nbc063 Rep\u00fablica Checa, 40&#215;60 cm<br \/>\nbc064 Rep\u00fablica Checa, 50&#215;75 cm<br \/>\nbc064x Rep\u00fablica Checa, 60&#215;90 cm<br \/>\nbc065 Rep\u00fablica Checa, 70&#215;100 cm<br \/>\nbc066 Rep\u00fablica Checa, 80&#215;120 cm<br \/>\nbc067 Rep\u00fablica Checa, 100&#215;150 cm<br \/>\nbc067x Rep\u00fablica Checa, 120&#215;180 cm<br \/>\nbc068 Rep\u00fablica Checa, 130&#215;200 cm<br \/>\nbc069 Rep\u00fablica Checa, 150&#215;225 cm<br \/>\nbc069px Rep\u00fablica Checa, cm 150&#215;225 poli\u00e9ster n\u00e1utico<br \/>\nbc070 Rep\u00fablica Checa, 200&#215;300 cm<br \/>\nbc070d Rep. Checa, cm 200&#215;300 doble<\/p>\n","protected":false},"featured_media":43185,"template":"","meta":{"_acf_changed":false,"ngg_post_thumbnail":0},"product_brand":[],"product_cat":[460,480],"product_tag":[],"class_list":{"0":"post-49346","1":"product","2":"type-product","3":"status-publish","4":"has-post-thumbnail","6":"product_cat-banderas","7":"product_cat-naciones-extranjeras","9":"first","10":"instock","11":"shipping-taxable","12":"product-type-simple"},"acf":[],"yoast_head":"<!-- This site is optimized with the Yoast SEO Premium plugin v20.11 (Yoast SEO v20.11) - https:\/\/yoast.com\/wordpress\/plugins\/seo\/ -->\n<title>REPS. CHECO - AdriaBandiere<\/title>\n<meta name=\"description\" content=\"Scopri REPS. CHECO e gli altri prodotti del catalogo di AdriaBandiere. Entra nel sito.\" \/>\n<meta name=\"robots\" content=\"index, follow, max-snippet:-1, max-image-preview:large, max-video-preview:-1\" \/>\n<link rel=\"canonical\" href=\"https:\/\/www.adriabandiere.com\/es\/prodotti\/banderas\/naciones-extranjeras\/republica-checa\/\" \/>\n<meta property=\"og:locale\" content=\"es_ES\" \/>\n<meta property=\"og:type\" content=\"article\" \/>\n<meta property=\"og:title\" content=\"REPS. CHECO\" \/>\n<meta property=\"og:description\" content=\"Scopri REPS. CHECO e gli altri prodotti del catalogo di AdriaBandiere. Entra nel sito.\" \/>\n<meta property=\"og:url\" content=\"https:\/\/www.adriabandiere.com\/es\/prodotti\/banderas\/naciones-extranjeras\/republica-checa\/\" \/>\n<meta property=\"og:site_name\" content=\"Adria Bandiere\" \/>\n<meta property=\"og:image\" content=\"https:\/\/www.adriabandiere.com\/wp-content\/uploads\/2021\/01\/100cz-1-2.jpg\" \/>\n\t<meta property=\"og:image:width\" content=\"1024\" \/>\n\t<meta property=\"og:image:height\" content=\"626\" \/>\n\t<meta property=\"og:image:type\" content=\"image\/jpeg\" \/>\n<meta name=\"twitter:card\" content=\"summary_large_image\" \/>\n<script type=\"application\/ld+json\" class=\"yoast-schema-graph\">{\"@context\":\"https:\/\/schema.org\",\"@graph\":[{\"@type\":\"WebPage\",\"@id\":\"https:\/\/www.adriabandiere.com\/es\/prodotti\/banderas\/naciones-extranjeras\/republica-checa\/\",\"url\":\"https:\/\/www.adriabandiere.com\/es\/prodotti\/banderas\/naciones-extranjeras\/republica-checa\/\",\"name\":\"REPS. CHECO - AdriaBandiere\",\"isPartOf\":{\"@id\":\"https:\/\/www.adriabandiere.com\/es\/#website\"},\"datePublished\":\"2021-01-28T15:07:24+00:00\",\"dateModified\":\"2021-01-28T15:07:24+00:00\",\"description\":\"Scopri REPS. CHECO e gli altri prodotti del catalogo di AdriaBandiere. Entra nel sito.\",\"breadcrumb\":{\"@id\":\"https:\/\/www.adriabandiere.com\/es\/prodotti\/banderas\/naciones-extranjeras\/republica-checa\/#breadcrumb\"},\"inLanguage\":\"es\",\"potentialAction\":[{\"@type\":\"ReadAction\",\"target\":[\"https:\/\/www.adriabandiere.com\/es\/prodotti\/banderas\/naciones-extranjeras\/republica-checa\/\"]}]},{\"@type\":\"BreadcrumbList\",\"@id\":\"https:\/\/www.adriabandiere.com\/es\/prodotti\/banderas\/naciones-extranjeras\/republica-checa\/#breadcrumb\",\"itemListElement\":[{\"@type\":\"ListItem\",\"position\":1,\"name\":\"Prodotti\",\"item\":\"https:\/\/www.adriabandiere.com\/it\/prodotti\/\"},{\"@type\":\"ListItem\",\"position\":2,\"name\":\"REPS. CHECO\"}]},{\"@type\":\"WebSite\",\"@id\":\"https:\/\/www.adriabandiere.com\/es\/#website\",\"url\":\"https:\/\/www.adriabandiere.com\/es\/\",\"name\":\"Adria Bandiere\",\"description\":\"\",\"potentialAction\":[{\"@type\":\"SearchAction\",\"target\":{\"@type\":\"EntryPoint\",\"urlTemplate\":\"https:\/\/www.adriabandiere.com\/es\/?s={search_term_string}\"},\"query-input\":\"required name=search_term_string\"}],\"inLanguage\":\"es\"}]}<\/script>\n<!-- \/ Yoast SEO Premium plugin. -->","yoast_head_json":{"title":"REPS. CHECO - AdriaBandiere","description":"Scopri REPS. CHECO e gli altri prodotti del catalogo di AdriaBandiere. Entra nel sito.","robots":{"index":"index","follow":"follow","max-snippet":"max-snippet:-1","max-image-preview":"max-image-preview:large","max-video-preview":"max-video-preview:-1"},"canonical":"https:\/\/www.adriabandiere.com\/es\/prodotti\/banderas\/naciones-extranjeras\/republica-checa\/","og_locale":"es_ES","og_type":"article","og_title":"REPS. CHECO","og_description":"Scopri REPS. CHECO e gli altri prodotti del catalogo di AdriaBandiere. Entra nel sito.","og_url":"https:\/\/www.adriabandiere.com\/es\/prodotti\/banderas\/naciones-extranjeras\/republica-checa\/","og_site_name":"Adria Bandiere","og_image":[{"width":1024,"height":626,"url":"https:\/\/www.adriabandiere.com\/wp-content\/uploads\/2021\/01\/100cz-1-2.jpg","type":"image\/jpeg"}],"twitter_card":"summary_large_image","schema":{"@context":"https:\/\/schema.org","@graph":[{"@type":"WebPage","@id":"https:\/\/www.adriabandiere.com\/es\/prodotti\/banderas\/naciones-extranjeras\/republica-checa\/","url":"https:\/\/www.adriabandiere.com\/es\/prodotti\/banderas\/naciones-extranjeras\/republica-checa\/","name":"REPS. CHECO - AdriaBandiere","isPartOf":{"@id":"https:\/\/www.adriabandiere.com\/es\/#website"},"datePublished":"2021-01-28T15:07:24+00:00","dateModified":"2021-01-28T15:07:24+00:00","description":"Scopri REPS. CHECO e gli altri prodotti del catalogo di AdriaBandiere. Entra nel sito.","breadcrumb":{"@id":"https:\/\/www.adriabandiere.com\/es\/prodotti\/banderas\/naciones-extranjeras\/republica-checa\/#breadcrumb"},"inLanguage":"es","potentialAction":[{"@type":"ReadAction","target":["https:\/\/www.adriabandiere.com\/es\/prodotti\/banderas\/naciones-extranjeras\/republica-checa\/"]}]},{"@type":"BreadcrumbList","@id":"https:\/\/www.adriabandiere.com\/es\/prodotti\/banderas\/naciones-extranjeras\/republica-checa\/#breadcrumb","itemListElement":[{"@type":"ListItem","position":1,"name":"Prodotti","item":"https:\/\/www.adriabandiere.com\/it\/prodotti\/"},{"@type":"ListItem","position":2,"name":"REPS. CHECO"}]},{"@type":"WebSite","@id":"https:\/\/www.adriabandiere.com\/es\/#website","url":"https:\/\/www.adriabandiere.com\/es\/","name":"Adria Bandiere","description":"","potentialAction":[{"@type":"SearchAction","target":{"@type":"EntryPoint","urlTemplate":"https:\/\/www.adriabandiere.com\/es\/?s={search_term_string}"},"query-input":"required name=search_term_string"}],"inLanguage":"es"}]}},"_links":{"self":[{"href":"https:\/\/www.adriabandiere.com\/es\/wp-json\/wp\/v2\/product\/49346","targetHints":{"allow":["GET"]}}],"collection":[{"href":"https:\/\/www.adriabandiere.com\/es\/wp-json\/wp\/v2\/product"}],"about":[{"href":"https:\/\/www.adriabandiere.com\/es\/wp-json\/wp\/v2\/types\/product"}],"wp:featuredmedia":[{"embeddable":true,"href":"https:\/\/www.adriabandiere.com\/es\/wp-json\/wp\/v2\/media\/43185"}],"wp:attachment":[{"href":"https:\/\/www.adriabandiere.com\/es\/wp-json\/wp\/v2\/media?parent=49346"}],"wp:term":[{"taxonomy":"product_brand","embeddable":true,"href":"https:\/\/www.adriabandiere.com\/es\/wp-json\/wp\/v2\/product_brand?post=49346"},{"taxonomy":"product_cat","embeddable":true,"href":"https:\/\/www.adriabandiere.com\/es\/wp-json\/wp\/v2\/product_cat?post=49346"},{"taxonomy":"product_tag","embeddable":true,"href":"https:\/\/www.adriabandiere.com\/es\/wp-json\/wp\/v2\/product_tag?post=49346"}],"curies":[{"name":"wp","href":"https:\/\/api.w.org\/{rel}","templated":true}]}}