{"id":48409,"date":"2021-01-27T15:09:26","date_gmt":"2021-01-28T14:07:33","guid":{"rendered":"https:\/\/labs.giamaica.app\/webit\/adriabandiere.com\/shop\/sin categor\u00eda\/belgica\/"},"modified":"2021-01-28T15:07:33","modified_gmt":"2021-01-28T14:07:33","slug":"belgica","status":"publish","type":"product","link":"https:\/\/www.adriabandiere.com\/es\/prodotti\/banderas\/naciones-extranjeras\/belgica\/","title":{"rendered":"B\u00c9LGICA"},"content":{"rendered":"","protected":false},"excerpt":{"rendered":"<p>B\u00e9lgica, poli\u00e9ster barato 100&#215;150 cm<br \/>\n26b11be B\u00e9lgica, cm 210&#215;70 vert.<br \/>\n26b12be B\u00e9lgica, cm 300&#215;100 vert.<br \/>\n26b14be B\u00e9lgica, cm 400&#215;100 vert.<br \/>\n30b01be B\u00e9lgica, mesa de poli\u00e9ster 14&#215;21 cm<br \/>\n32b03be B\u00e9lgica, cm 9&#215;13 poli\u00e9ster n\u00e1utico<br \/>\n32b043be B\u00e9lgica, 15,5&#215;23 cm<br \/>\n64b057be B\u00e9lgica, sarga bordada de 100&#215;150 cm<br \/>\nbb051 B\u00e9lgica, 20&#215;30 cm<br \/>\nbb052 B\u00e9lgica, 30&#215;45 cm<br \/>\nbb053 B\u00e9lgica, 40&#215;60 cm<br \/>\nbb054 B\u00e9lgica, 50&#215;75 cm<br \/>\nbb054x B\u00e9lgica, 60&#215;90 cm<br \/>\nbb055 B\u00e9lgica, 70&#215;100 cm<br \/>\nbb055px B\u00e9lgica, cm 70&#215;100 poli\u00e9ster n\u00e1utico<br \/>\nbb056 B\u00e9lgica, 80&#215;120 cm<br \/>\nbb057 B\u00e9lgica, 100&#215;150 cm<br \/>\nbb058 B\u00e9lgica, 130&#215;200 cm<br \/>\nbb059 B\u00e9lgica, 150&#215;225 cm<br \/>\nbb059px B\u00e9lgica, cm 150&#215;225 poli\u00e9ster n\u00e1utico<br \/>\nbb060 B\u00e9lgica, 200&#215;300 cm<br \/>\nbb060d B\u00e9lgica, cm 200&#215;300 doble<br \/>\nbb060xx B\u00e9lgica, 300&#215;400 cm<\/p>\n","protected":false},"featured_media":41824,"template":"","meta":{"_acf_changed":false,"ngg_post_thumbnail":0},"product_brand":[],"product_cat":[460,480],"product_tag":[],"class_list":{"0":"post-48409","1":"product","2":"type-product","3":"status-publish","4":"has-post-thumbnail","6":"product_cat-banderas","7":"product_cat-naciones-extranjeras","9":"first","10":"instock","11":"shipping-taxable","12":"product-type-simple"},"acf":[],"yoast_head":"<!-- This site is optimized with the Yoast SEO Premium plugin v20.11 (Yoast SEO v20.11) - https:\/\/yoast.com\/wordpress\/plugins\/seo\/ -->\n<title>B\u00c9LGICA - AdriaBandiere<\/title>\n<meta name=\"description\" content=\"Scopri B\u00c9LGICA e gli altri prodotti del catalogo di AdriaBandiere. Entra nel sito.\" \/>\n<meta name=\"robots\" content=\"index, follow, max-snippet:-1, max-image-preview:large, max-video-preview:-1\" \/>\n<link rel=\"canonical\" href=\"https:\/\/www.adriabandiere.com\/es\/prodotti\/banderas\/naciones-extranjeras\/belgica\/\" \/>\n<meta property=\"og:locale\" content=\"es_ES\" \/>\n<meta property=\"og:type\" content=\"article\" \/>\n<meta property=\"og:title\" content=\"B\u00c9LGICA\" \/>\n<meta property=\"og:description\" content=\"Scopri B\u00c9LGICA e gli altri prodotti del catalogo di AdriaBandiere. Entra nel sito.\" \/>\n<meta property=\"og:url\" content=\"https:\/\/www.adriabandiere.com\/es\/prodotti\/banderas\/naciones-extranjeras\/belgica\/\" \/>\n<meta property=\"og:site_name\" content=\"Adria Bandiere\" \/>\n<meta property=\"og:image\" content=\"https:\/\/www.adriabandiere.com\/wp-content\/uploads\/2021\/01\/100be-1-2.jpg\" \/>\n\t<meta property=\"og:image:width\" content=\"1024\" \/>\n\t<meta property=\"og:image:height\" content=\"683\" \/>\n\t<meta property=\"og:image:type\" content=\"image\/jpeg\" \/>\n<meta name=\"twitter:card\" content=\"summary_large_image\" \/>\n<script type=\"application\/ld+json\" class=\"yoast-schema-graph\">{\"@context\":\"https:\/\/schema.org\",\"@graph\":[{\"@type\":\"WebPage\",\"@id\":\"https:\/\/www.adriabandiere.com\/es\/prodotti\/banderas\/naciones-extranjeras\/belgica\/\",\"url\":\"https:\/\/www.adriabandiere.com\/es\/prodotti\/banderas\/naciones-extranjeras\/belgica\/\",\"name\":\"B\u00c9LGICA - AdriaBandiere\",\"isPartOf\":{\"@id\":\"https:\/\/www.adriabandiere.com\/es\/#website\"},\"datePublished\":\"2021-01-28T14:07:33+00:00\",\"dateModified\":\"2021-01-28T14:07:33+00:00\",\"description\":\"Scopri B\u00c9LGICA e gli altri prodotti del catalogo di AdriaBandiere. Entra nel sito.\",\"breadcrumb\":{\"@id\":\"https:\/\/www.adriabandiere.com\/es\/prodotti\/banderas\/naciones-extranjeras\/belgica\/#breadcrumb\"},\"inLanguage\":\"es\",\"potentialAction\":[{\"@type\":\"ReadAction\",\"target\":[\"https:\/\/www.adriabandiere.com\/es\/prodotti\/banderas\/naciones-extranjeras\/belgica\/\"]}]},{\"@type\":\"BreadcrumbList\",\"@id\":\"https:\/\/www.adriabandiere.com\/es\/prodotti\/banderas\/naciones-extranjeras\/belgica\/#breadcrumb\",\"itemListElement\":[{\"@type\":\"ListItem\",\"position\":1,\"name\":\"Prodotti\",\"item\":\"https:\/\/www.adriabandiere.com\/it\/prodotti\/\"},{\"@type\":\"ListItem\",\"position\":2,\"name\":\"B\u00c9LGICA\"}]},{\"@type\":\"WebSite\",\"@id\":\"https:\/\/www.adriabandiere.com\/es\/#website\",\"url\":\"https:\/\/www.adriabandiere.com\/es\/\",\"name\":\"Adria Bandiere\",\"description\":\"\",\"potentialAction\":[{\"@type\":\"SearchAction\",\"target\":{\"@type\":\"EntryPoint\",\"urlTemplate\":\"https:\/\/www.adriabandiere.com\/es\/?s={search_term_string}\"},\"query-input\":\"required name=search_term_string\"}],\"inLanguage\":\"es\"}]}<\/script>\n<!-- \/ Yoast SEO Premium plugin. -->","yoast_head_json":{"title":"B\u00c9LGICA - AdriaBandiere","description":"Scopri B\u00c9LGICA e gli altri prodotti del catalogo di AdriaBandiere. Entra nel sito.","robots":{"index":"index","follow":"follow","max-snippet":"max-snippet:-1","max-image-preview":"max-image-preview:large","max-video-preview":"max-video-preview:-1"},"canonical":"https:\/\/www.adriabandiere.com\/es\/prodotti\/banderas\/naciones-extranjeras\/belgica\/","og_locale":"es_ES","og_type":"article","og_title":"B\u00c9LGICA","og_description":"Scopri B\u00c9LGICA e gli altri prodotti del catalogo di AdriaBandiere. Entra nel sito.","og_url":"https:\/\/www.adriabandiere.com\/es\/prodotti\/banderas\/naciones-extranjeras\/belgica\/","og_site_name":"Adria Bandiere","og_image":[{"width":1024,"height":683,"url":"https:\/\/www.adriabandiere.com\/wp-content\/uploads\/2021\/01\/100be-1-2.jpg","type":"image\/jpeg"}],"twitter_card":"summary_large_image","schema":{"@context":"https:\/\/schema.org","@graph":[{"@type":"WebPage","@id":"https:\/\/www.adriabandiere.com\/es\/prodotti\/banderas\/naciones-extranjeras\/belgica\/","url":"https:\/\/www.adriabandiere.com\/es\/prodotti\/banderas\/naciones-extranjeras\/belgica\/","name":"B\u00c9LGICA - AdriaBandiere","isPartOf":{"@id":"https:\/\/www.adriabandiere.com\/es\/#website"},"datePublished":"2021-01-28T14:07:33+00:00","dateModified":"2021-01-28T14:07:33+00:00","description":"Scopri B\u00c9LGICA e gli altri prodotti del catalogo di AdriaBandiere. Entra nel sito.","breadcrumb":{"@id":"https:\/\/www.adriabandiere.com\/es\/prodotti\/banderas\/naciones-extranjeras\/belgica\/#breadcrumb"},"inLanguage":"es","potentialAction":[{"@type":"ReadAction","target":["https:\/\/www.adriabandiere.com\/es\/prodotti\/banderas\/naciones-extranjeras\/belgica\/"]}]},{"@type":"BreadcrumbList","@id":"https:\/\/www.adriabandiere.com\/es\/prodotti\/banderas\/naciones-extranjeras\/belgica\/#breadcrumb","itemListElement":[{"@type":"ListItem","position":1,"name":"Prodotti","item":"https:\/\/www.adriabandiere.com\/it\/prodotti\/"},{"@type":"ListItem","position":2,"name":"B\u00c9LGICA"}]},{"@type":"WebSite","@id":"https:\/\/www.adriabandiere.com\/es\/#website","url":"https:\/\/www.adriabandiere.com\/es\/","name":"Adria Bandiere","description":"","potentialAction":[{"@type":"SearchAction","target":{"@type":"EntryPoint","urlTemplate":"https:\/\/www.adriabandiere.com\/es\/?s={search_term_string}"},"query-input":"required name=search_term_string"}],"inLanguage":"es"}]}},"_links":{"self":[{"href":"https:\/\/www.adriabandiere.com\/es\/wp-json\/wp\/v2\/product\/48409","targetHints":{"allow":["GET"]}}],"collection":[{"href":"https:\/\/www.adriabandiere.com\/es\/wp-json\/wp\/v2\/product"}],"about":[{"href":"https:\/\/www.adriabandiere.com\/es\/wp-json\/wp\/v2\/types\/product"}],"wp:featuredmedia":[{"embeddable":true,"href":"https:\/\/www.adriabandiere.com\/es\/wp-json\/wp\/v2\/media\/41824"}],"wp:attachment":[{"href":"https:\/\/www.adriabandiere.com\/es\/wp-json\/wp\/v2\/media?parent=48409"}],"wp:term":[{"taxonomy":"product_brand","embeddable":true,"href":"https:\/\/www.adriabandiere.com\/es\/wp-json\/wp\/v2\/product_brand?post=48409"},{"taxonomy":"product_cat","embeddable":true,"href":"https:\/\/www.adriabandiere.com\/es\/wp-json\/wp\/v2\/product_cat?post=48409"},{"taxonomy":"product_tag","embeddable":true,"href":"https:\/\/www.adriabandiere.com\/es\/wp-json\/wp\/v2\/product_tag?post=48409"}],"curies":[{"name":"wp","href":"https:\/\/api.w.org\/{rel}","templated":true}]}}