{"id":46649,"date":"2021-01-28T11:08:13","date_gmt":"2021-01-28T10:08:13","guid":{"rendered":"https:\/\/labs.giamaica.app\/webit\/adriabandiere.com\/nuestra-historia\/"},"modified":"2021-03-19T13:30:19","modified_gmt":"2021-03-19T12:30:19","slug":"nuestra-historia","status":"publish","type":"page","link":"https:\/\/www.adriabandiere.com\/es\/nuestra-historia\/","title":{"rendered":"Nuestra historia"},"content":{"rendered":"<div class=\"wpb-content-wrapper\">[vc_row][vc_column reveal_effect=\u00bbfadeIn\u00bb reveal_duration=\u00bb0.7&#8243;][lab_heading title_tag=\u00bbH1&#8243; title=\u00bbNuestra historia\u00bb el_class=\u00bbtext-center\u00bb][\/lab_heading][\/vc_column][\/vc_row][vc_row content_placement=\u00bbmiddle\u00bb no_bottom_margin=\u00bbyes\u00bb css=\u00bb.vc_custom_1611693009838{margin-bottom: 0px !important;}\u00bb][vc_column width=\u00bb1\/2&#8243; reveal_effect=\u00bbfadeIn\u00bb reveal_duration=\u00bb1&#8243; css=\u00bb.vc_custom_1504614963272{margin-right: 0px !important;padding-right: 0px !important;}\u00bb el_class=\u00bbno-margin-desktop\u00bb][vc_single_image image=\u00bb101&#8243; img_size=\u00bbfull\u00bb alignment=\u00bbcenter\u00bb css_animation=\u00bbfadeIn\u00bb css=\u00bb.vc_custom_1611692971860{margin-bottom: 0px !important;}\u00bb][\/vc_column][vc_column width=\u00bb1\/2&#8243; reveal_effect=\u00bbfadeIn\u00bb css=\u00bb.vc_custom_1426247184186{margin-left: 0px !important;padding-left: 0px !important;}\u00bb reveal_duration=\u00bb1&#8243;][lab_service_box css=\u00bb.vc_custom_1426246489664{padding-top: 45px !important;padding-right: 65px !important;padding-bottom: 45px !important;padding-left: 65px !important;}\u00bb][lab_service_box_content text_alignment=\u00bbcenter\u00bb title=\u00bbNuestra Pasi\u00f3n &#8230; por nuestras Banderas\u00bb description=\u00bbIncluso hoy, con la segunda generaci\u00f3n, podemos respirar la profunda pasi\u00f3n por la calidad y la satisfacci\u00f3n del cliente como a principios de los setenta, cuando el Sr. De Ascentiis, fundador de \u00abAdria Bandiere\u00ab, empac\u00f3, bajo la atenta supervisi\u00f3n de su esposa, la Sra. Antonella, sus primeras banderas de naciones para el sector Ho.Re.Ca, dentro del peque\u00f1o taller artesanal en la cocina de su casa.\u00bb][\/lab_service_box][\/vc_column][\/vc_row][vc_row content_placement=\u00bbmiddle\u00bb no_bottom_margin=\u00bbyes\u00bb css=\u00bb.vc_custom_1611693051840{margin-bottom: 0px !important;}\u00bb][vc_column width=\u00bb1\/2&#8243; reveal_effect=\u00bbfadeIn\u00bb reveal_duration=\u00bb1&#8243;][lab_service_box css=\u00bb.vc_custom_1426246508339{margin-right: 0px !important;margin-left: 0px !important;padding-top: 45px !important;padding-right: 65px !important;padding-bottom: 45px !important;padding-left: 65px !important;}\u00bb][lab_service_box_content text_alignment=\u00bbcenter\u00bb title=\u00bbHoy Adria Bandiere es un l\u00edder reconocido en navegaci\u00f3n.\u00bb description=\u00bbLas banderas de cortes\u00eda, las banderas del club, las banderas de los armadores o de navegaci\u00f3n, se empaquetan con extrema atenci\u00f3n al acabado y fiel reproducci\u00f3n de colores, formas y tama\u00f1os. La bandera representa una insignia distintiva de alto valor, y donde el paso del tiempo enorgullece al viento, la calidad del producto tiene que ser indiscutible. Por eso, cada vez m\u00e1s hoy en d\u00eda, las banderas se construyen con un tejido muy resistente creado para nosotros en Italia, y luego se cortan y cosen internamente en nuestra empresa por las manos expertas de nuestras costureras.\u00bb][\/lab_service_box][\/vc_column][vc_column width=\u00bb1\/2&#8243; reveal_effect=\u00bbfadeIn\u00bb css=\u00bb.vc_custom_1504614960338{margin-left: 0px !important;padding-right: 0px !important;padding-left: 0px !important;}\u00bb reveal_duration=\u00bb1&#8243; el_class=\u00bbno-margin-desktop\u00bb][vc_single_image image=\u00bb106&#8243; img_size=\u00bbfull\u00bb alignment=\u00bbcenter\u00bb css_animation=\u00bbfadeIn\u00bb css=\u00bb.vc_custom_1611692960075{margin-bottom: 0px !important;}\u00bb][\/vc_column][\/vc_row][vc_row content_placement=\u00bbmiddle\u00bb css=\u00bb.vc_custom_1611693057720{margin-bottom: 0px !important;}\u00bb][vc_column width=\u00bb1\/2&#8243; reveal_effect=\u00bbfadeIn\u00bb reveal_duration=\u00bb1&#8243; css=\u00bb.vc_custom_1504614965762{margin-right: 0px !important;padding-right: 0px !important;}\u00bb el_class=\u00bbno-margin-desktop\u00bb][vc_single_image image=\u00bb111&#8243; img_size=\u00bbfull\u00bb alignment=\u00bbcenter\u00bb css_animation=\u00bbfadeIn\u00bb][\/vc_column][vc_column width=\u00bb1\/2&#8243; reveal_effect=\u00bbfadeIn\u00bb reveal_duration=\u00bb1&#8243;][lab_service_box css=\u00bb.vc_custom_1426246531346{padding-top: 45px !important;padding-right: 65px !important;padding-bottom: 45px !important;padding-left: 65px !important;}\u00bb][lab_service_box_content text_alignment=\u00bbcenter\u00bb title=\u00bbCalidad 100% Made in Italy\u00bb description=\u00bbDesde entonces \u201cAdria Bandiere\u201d no ha dejado de crecer: de feria en feria, de cliente en cliente, de pa\u00eds en pa\u00eds. La profesionalidad siempre ha recogido nuevos resultados con clientes en todas partes del mundo y en diferentes sectores de productos. Un resultado que nos enorgullece cada d\u00eda, obtenido \u00fanicamente gracias a la \u00e9tica profesional y la extrema flexibilidad de producci\u00f3n.<\/p>\n<p>La pasi\u00f3n por las banderas fue la chispa de la que parti\u00f3 todo y que durante m\u00e1s de cuarenta y cinco a\u00f1os ha continuado haciendo que nuestras banderas, altamente artesanales, sean \u00fanicas.\u00bb][\/lab_service_box][\/vc_column][\/vc_row][vc_row content_placement=\u00bbmiddle\u00bb no_bottom_margin=\u00bbyes\u00bb css=\u00bb.vc_custom_1611693062972{margin-bottom: 0px !important;}\u00bb][vc_column width=\u00bb1\/2&#8243; reveal_effect=\u00bbfadeIn\u00bb reveal_duration=\u00bb1&#8243;][lab_service_box css=\u00bb.vc_custom_1426246508339{margin-right: 0px !important;margin-left: 0px !important;padding-top: 45px !important;padding-right: 65px !important;padding-bottom: 45px !important;padding-left: 65px !important;}\u00bb][lab_service_box_content text_alignment=\u00bbcenter\u00bb description=\u00bbOrganizada con una vasta red de vendedores, \u201cAdria Bandiere\u201d se estableci\u00f3 primero en el sector tur\u00edstico, luego en el sector n\u00e1utico, en el deporte y en la administraci\u00f3n p\u00fablica hasta la promocional, contando entre sus clientes desde empresas primarias hasta clientes finales. \u201cAdria Bandiere\u201d est\u00e1 presente con su oferta en todo el mercado mundial, donde se destaca por la profesionalidad de su trabajo y por la atenci\u00f3n dedicada a las necesidades del cliente individual.<br \/>\nA todo ello se suma la garant\u00eda de un proceso productivo constantemente monitoreado por procedimientos internos aplicados seg\u00fan las normas UNI EN ISO 9002 RINA UNI EN ISO 9002 IQnet durante casi 20 a\u00f1os.\u00bb][\/lab_service_box][\/vc_column][vc_column width=\u00bb1\/2&#8243; reveal_effect=\u00bbfadeIn\u00bb css=\u00bb.vc_custom_1504614960338{margin-left: 0px !important;padding-right: 0px !important;padding-left: 0px !important;}\u00bb reveal_duration=\u00bb1&#8243; el_class=\u00bbno-margin-desktop\u00bb][vc_single_image image=\u00bb117&#8243; img_size=\u00bbfull\u00bb alignment=\u00bbcenter\u00bb css_animation=\u00bbfadeIn\u00bb css=\u00bb.vc_custom_1611692937784{margin-bottom: 0px !important;}\u00bb][\/vc_column][\/vc_row]\n<\/div>","protected":false},"excerpt":{"rendered":"<p>[vc_row][vc_column reveal_effect=\u00bbfadeIn\u00bb reveal_duration=\u00bb0.7&#8243;][lab_heading title_tag=\u00bbH1&#8243; title=\u00bbNuestra historia\u00bb el_class=\u00bbtext-center\u00bb][\/lab_heading][\/vc_column][\/vc_row][vc_row content_placement=\u00bbmiddle\u00bb no_bottom_margin=\u00bbyes\u00bb css=\u00bb.vc_custom_1611693009838{margin-bottom: 0px !important;}\u00bb][vc_column width=\u00bb1\/2&#8243; reveal_effect=\u00bbfadeIn\u00bb reveal_duration=\u00bb1&#8243; css=\u00bb.vc_custom_1504614963272{margin-right: 0px !important;padding-right: 0px !important;}\u00bb el_class=\u00bbno-margin-desktop\u00bb][vc_single_image image=\u00bb101&#8243; img_size=\u00bbfull\u00bb alignment=\u00bbcenter\u00bb css_animation=\u00bbfadeIn\u00bb css=\u00bb.vc_custom_1611692971860{margin-bottom: 0px !important;}\u00bb][\/vc_column][vc_column width=\u00bb1\/2&#8243; reveal_effect=\u00bbfadeIn\u00bb css=\u00bb.vc_custom_1426247184186{margin-left: 0px !important;padding-left: 0px !important;}\u00bb reveal_duration=\u00bb1&#8243;][lab_service_box css=\u00bb.vc_custom_1426246489664{padding-top: 45px !important;padding-right: 65px !important;padding-bottom: 45px !important;padding-left: 65px !important;}\u00bb][lab_service_box_content text_alignment=\u00bbcenter\u00bb title=\u00bbNuestra Pasi\u00f3n &#8230; por nuestras Banderas\u00bb description=\u00bbIncluso hoy, con&hellip;<\/p>\n","protected":false},"author":19,"featured_media":0,"parent":0,"menu_order":0,"comment_status":"closed","ping_status":"closed","template":"","meta":{"_acf_changed":false,"ngg_post_thumbnail":0,"footnotes":""},"class_list":["post-46649","page","type-page","status-publish","hentry"],"acf":[],"yoast_head":"<!-- This site is optimized with the Yoast SEO Premium plugin v20.11 (Yoast SEO v20.11) - https:\/\/yoast.com\/wordpress\/plugins\/seo\/ -->\n<title>Nuestra historia - Adria Bandiere<\/title>\n<meta name=\"robots\" content=\"index, follow, max-snippet:-1, max-image-preview:large, max-video-preview:-1\" \/>\n<link rel=\"canonical\" href=\"https:\/\/www.adriabandiere.com\/es\/nuestra-historia\/\" \/>\n<meta property=\"og:locale\" content=\"es_ES\" \/>\n<meta property=\"og:type\" content=\"article\" \/>\n<meta property=\"og:title\" content=\"Nuestra historia\" \/>\n<meta property=\"og:description\" content=\"[vc_row][vc_column reveal_effect=\u00bbfadeIn\u00bb reveal_duration=\u00bb0.7&#8243;][lab_heading title_tag=\u00bbH1&#8243; title=\u00bbNuestra historia\u00bb el_class=\u00bbtext-center\u00bb][\/lab_heading][\/vc_column][\/vc_row][vc_row content_placement=\u00bbmiddle\u00bb no_bottom_margin=\u00bbyes\u00bb css=\u00bb.vc_custom_1611693009838{margin-bottom: 0px !important;}\u00bb][vc_column width=\u00bb1\/2&#8243; reveal_effect=\u00bbfadeIn\u00bb reveal_duration=\u00bb1&#8243; css=\u00bb.vc_custom_1504614963272{margin-right: 0px !important;padding-right: 0px !important;}\u00bb el_class=\u00bbno-margin-desktop\u00bb][vc_single_image image=\u00bb101&#8243; img_size=\u00bbfull\u00bb alignment=\u00bbcenter\u00bb css_animation=\u00bbfadeIn\u00bb css=\u00bb.vc_custom_1611692971860{margin-bottom: 0px !important;}\u00bb][\/vc_column][vc_column width=\u00bb1\/2&#8243; reveal_effect=\u00bbfadeIn\u00bb css=\u00bb.vc_custom_1426247184186{margin-left: 0px !important;padding-left: 0px !important;}\u00bb reveal_duration=\u00bb1&#8243;][lab_service_box css=\u00bb.vc_custom_1426246489664{padding-top: 45px !important;padding-right: 65px !important;padding-bottom: 45px !important;padding-left: 65px !important;}\u00bb][lab_service_box_content text_alignment=\u00bbcenter\u00bb title=\u00bbNuestra Pasi\u00f3n &#8230; por nuestras Banderas\u00bb description=\u00bbIncluso hoy, con&hellip;\" \/>\n<meta property=\"og:url\" content=\"https:\/\/www.adriabandiere.com\/es\/nuestra-historia\/\" \/>\n<meta property=\"og:site_name\" content=\"Adria Bandiere\" \/>\n<meta property=\"article:modified_time\" content=\"2021-03-19T12:30:19+00:00\" \/>\n<meta name=\"twitter:card\" content=\"summary_large_image\" \/>\n<meta name=\"twitter:label1\" content=\"Tiempo de lectura\" \/>\n\t<meta name=\"twitter:data1\" content=\"3 minutos\" \/>\n<script type=\"application\/ld+json\" class=\"yoast-schema-graph\">{\"@context\":\"https:\/\/schema.org\",\"@graph\":[{\"@type\":\"WebPage\",\"@id\":\"https:\/\/www.adriabandiere.com\/es\/nuestra-historia\/\",\"url\":\"https:\/\/www.adriabandiere.com\/es\/nuestra-historia\/\",\"name\":\"Nuestra historia - Adria Bandiere\",\"isPartOf\":{\"@id\":\"https:\/\/www.adriabandiere.com\/es\/#website\"},\"datePublished\":\"2021-01-28T10:08:13+00:00\",\"dateModified\":\"2021-03-19T12:30:19+00:00\",\"inLanguage\":\"es\",\"potentialAction\":[{\"@type\":\"ReadAction\",\"target\":[\"https:\/\/www.adriabandiere.com\/es\/nuestra-historia\/\"]}]},{\"@type\":\"WebSite\",\"@id\":\"https:\/\/www.adriabandiere.com\/es\/#website\",\"url\":\"https:\/\/www.adriabandiere.com\/es\/\",\"name\":\"Adria Bandiere\",\"description\":\"\",\"potentialAction\":[{\"@type\":\"SearchAction\",\"target\":{\"@type\":\"EntryPoint\",\"urlTemplate\":\"https:\/\/www.adriabandiere.com\/es\/?s={search_term_string}\"},\"query-input\":\"required name=search_term_string\"}],\"inLanguage\":\"es\"}]}<\/script>\n<!-- \/ Yoast SEO Premium plugin. -->","yoast_head_json":{"title":"Nuestra historia - Adria Bandiere","robots":{"index":"index","follow":"follow","max-snippet":"max-snippet:-1","max-image-preview":"max-image-preview:large","max-video-preview":"max-video-preview:-1"},"canonical":"https:\/\/www.adriabandiere.com\/es\/nuestra-historia\/","og_locale":"es_ES","og_type":"article","og_title":"Nuestra historia","og_description":"[vc_row][vc_column reveal_effect=\u00bbfadeIn\u00bb reveal_duration=\u00bb0.7&#8243;][lab_heading title_tag=\u00bbH1&#8243; title=\u00bbNuestra historia\u00bb el_class=\u00bbtext-center\u00bb][\/lab_heading][\/vc_column][\/vc_row][vc_row content_placement=\u00bbmiddle\u00bb no_bottom_margin=\u00bbyes\u00bb css=\u00bb.vc_custom_1611693009838{margin-bottom: 0px !important;}\u00bb][vc_column width=\u00bb1\/2&#8243; reveal_effect=\u00bbfadeIn\u00bb reveal_duration=\u00bb1&#8243; css=\u00bb.vc_custom_1504614963272{margin-right: 0px !important;padding-right: 0px !important;}\u00bb el_class=\u00bbno-margin-desktop\u00bb][vc_single_image image=\u00bb101&#8243; img_size=\u00bbfull\u00bb alignment=\u00bbcenter\u00bb css_animation=\u00bbfadeIn\u00bb css=\u00bb.vc_custom_1611692971860{margin-bottom: 0px !important;}\u00bb][\/vc_column][vc_column width=\u00bb1\/2&#8243; reveal_effect=\u00bbfadeIn\u00bb css=\u00bb.vc_custom_1426247184186{margin-left: 0px !important;padding-left: 0px !important;}\u00bb reveal_duration=\u00bb1&#8243;][lab_service_box css=\u00bb.vc_custom_1426246489664{padding-top: 45px !important;padding-right: 65px !important;padding-bottom: 45px !important;padding-left: 65px !important;}\u00bb][lab_service_box_content text_alignment=\u00bbcenter\u00bb title=\u00bbNuestra Pasi\u00f3n &#8230; por nuestras Banderas\u00bb description=\u00bbIncluso hoy, con&hellip;","og_url":"https:\/\/www.adriabandiere.com\/es\/nuestra-historia\/","og_site_name":"Adria Bandiere","article_modified_time":"2021-03-19T12:30:19+00:00","twitter_card":"summary_large_image","twitter_misc":{"Tiempo de lectura":"3 minutos"},"schema":{"@context":"https:\/\/schema.org","@graph":[{"@type":"WebPage","@id":"https:\/\/www.adriabandiere.com\/es\/nuestra-historia\/","url":"https:\/\/www.adriabandiere.com\/es\/nuestra-historia\/","name":"Nuestra historia - Adria Bandiere","isPartOf":{"@id":"https:\/\/www.adriabandiere.com\/es\/#website"},"datePublished":"2021-01-28T10:08:13+00:00","dateModified":"2021-03-19T12:30:19+00:00","inLanguage":"es","potentialAction":[{"@type":"ReadAction","target":["https:\/\/www.adriabandiere.com\/es\/nuestra-historia\/"]}]},{"@type":"WebSite","@id":"https:\/\/www.adriabandiere.com\/es\/#website","url":"https:\/\/www.adriabandiere.com\/es\/","name":"Adria Bandiere","description":"","potentialAction":[{"@type":"SearchAction","target":{"@type":"EntryPoint","urlTemplate":"https:\/\/www.adriabandiere.com\/es\/?s={search_term_string}"},"query-input":"required name=search_term_string"}],"inLanguage":"es"}]}},"_links":{"self":[{"href":"https:\/\/www.adriabandiere.com\/es\/wp-json\/wp\/v2\/pages\/46649","targetHints":{"allow":["GET"]}}],"collection":[{"href":"https:\/\/www.adriabandiere.com\/es\/wp-json\/wp\/v2\/pages"}],"about":[{"href":"https:\/\/www.adriabandiere.com\/es\/wp-json\/wp\/v2\/types\/page"}],"author":[{"embeddable":true,"href":"https:\/\/www.adriabandiere.com\/es\/wp-json\/wp\/v2\/users\/19"}],"replies":[{"embeddable":true,"href":"https:\/\/www.adriabandiere.com\/es\/wp-json\/wp\/v2\/comments?post=46649"}],"version-history":[{"count":8,"href":"https:\/\/www.adriabandiere.com\/es\/wp-json\/wp\/v2\/pages\/46649\/revisions"}],"predecessor-version":[{"id":53286,"href":"https:\/\/www.adriabandiere.com\/es\/wp-json\/wp\/v2\/pages\/46649\/revisions\/53286"}],"wp:attachment":[{"href":"https:\/\/www.adriabandiere.com\/es\/wp-json\/wp\/v2\/media?parent=46649"}],"curies":[{"name":"wp","href":"https:\/\/api.w.org\/{rel}","templated":true}]}}