{"id":46645,"date":"2021-01-28T11:07:42","date_gmt":"2021-01-28T10:07:42","guid":{"rendered":"https:\/\/labs.giamaica.app\/webit\/adriabandiere.com\/casa\/"},"modified":"2023-06-13T18:02:15","modified_gmt":"2023-06-13T16:02:15","slug":"casa","status":"publish","type":"page","link":"https:\/\/www.adriabandiere.com\/es\/","title":{"rendered":"Casa"},"content":{"rendered":"<div class=\"wpb-content-wrapper\">[vc_row full_width=\u00bbstretch_row_content_no_spaces\u00bb css_animation=\u00bbfadeIn\u00bb][vc_column]\t\t\t<script src=\"\/\/www.adriabandiere.com\/wp-content\/plugins\/revslider\/sr6\/assets\/js\/rbtools.min.js?rev=6.7.40\"><\/script>\n\t\t\t<script src=\"\/\/www.adriabandiere.com\/wp-content\/plugins\/revslider\/sr6\/assets\/js\/rs6.min.js?rev=6.7.40\"><\/script>\n\n\t\t\t<!-- START Homepage REVOLUTION SLIDER 6.7.40 --><p class=\"rs-p-wp-fix\"><\/p>\n\t\t\t<rs-module-wrap id=\"rev_slider_1_1_wrapper\" data-source=\"gallery\" style=\"visibility:hidden;background:#eeeeee;padding:0;\">\n\t\t\t\t<rs-module id=\"rev_slider_1_1\" style=\"\" data-version=\"6.7.40\">\n\t\t\t\t\t<rs-slides style=\"overflow: hidden; position: absolute;\">\n\t\t\t\t\t\t<rs-slide style=\"position: absolute;\" data-key=\"rs-7\" data-title=\"Video\" data-anim=\"adpr:false;\" data-in=\"o:0;\" data-out=\"a:false;\">\n\t\t\t\t\t\t\t<img decoding=\"async\" src=\"\/\/www.adriabandiere.com\/wp-content\/plugins\/revslider\/sr6\/assets\/assets\/dummy.png\" alt=\"Video\" title=\"Casa\" class=\"rev-slidebg tp-rs-img rs-lazyload\" data-lazyload=\"\/\/www.adriabandiere.com\/wp-content\/plugins\/revslider\/sr6\/assets\/assets\/transparent.png\" data-bg=\"p:center top;\" data-parallax=\"off\" data-no-retina>\n<!--\n\t\t\t\t\t\t\t--><rs-layer\n\t\t\t\t\t\t\t\tid=\"slider-1-slide-7-layer-0\" \n\t\t\t\t\t\t\t\tdata-type=\"image\"\n\t\t\t\t\t\t\t\tdata-rsp_ch=\"on\"\n\t\t\t\t\t\t\t\tdata-xy=\"x:c;y:m;\"\n\t\t\t\t\t\t\t\tdata-text=\"w:normal;s:20,17,12,7;l:0,22,16,9;\"\n\t\t\t\t\t\t\t\tdata-dim=\"w:2560px,2299px,1746px,1960px;h:1440px,1293px,982px,1320px;\"\n\t\t\t\t\t\t\t\tdata-frame_999=\"o:0;st:w;\"\n\t\t\t\t\t\t\t\tstyle=\"z-index:9;\"\n\t\t\t\t\t\t\t><img decoding=\"async\" src=\"\/\/www.adriabandiere.com\/wp-content\/plugins\/revslider\/sr6\/assets\/assets\/dummy.png\" alt=\"\" class=\"tp-rs-img rs-lazyload\" width=\"1900\" height=\"1280\" data-lazyload=\"\/\/www.adriabandiere.com\/wp-content\/uploads\/revslider\/homepage\/bg_gradient_AB.png\" data-no-retina> \n\t\t\t\t\t\t\t<\/rs-layer><!--\n\n\t\t\t\t\t\t\t--><rs-layer\n\t\t\t\t\t\t\t\tid=\"slider-1-slide-7-layer-1\" \n\t\t\t\t\t\t\t\tclass=\"custom-slider-text rs-pxl-3\"\n\t\t\t\t\t\t\t\tdata-type=\"text\"\n\t\t\t\t\t\t\t\tdata-color=\"rgba(255, 255, 255, 1)\"\n\t\t\t\t\t\t\t\tdata-rsp_ch=\"on\"\n\t\t\t\t\t\t\t\tdata-xy=\"x:c;y:m;\"\n\t\t\t\t\t\t\t\tdata-text=\"w:normal;s:54,24,24,42;l:28;ls:1px;fw:700,300,300,700;a:center;\"\n\t\t\t\t\t\t\t\tdata-dim=\"w:800px,800px,750px,460px;h:50px,80px,auto,163px;\"\n\t\t\t\t\t\t\t\tdata-frame_0=\"o:1;\"\n\t\t\t\t\t\t\t\tdata-frame_0_lines=\"d:10;y:50px;o:0;\"\n\t\t\t\t\t\t\t\tdata-frame_1=\"e:easeOutCirc;st:1400;sR:1400;\"\n\t\t\t\t\t\t\t\tdata-frame_1_lines=\"d:10;\"\n\t\t\t\t\t\t\t\tdata-frame_999=\"st:w;sR:7300;auto:true;\"\n\t\t\t\t\t\t\t\tstyle=\"z-index:12;font-family:'Source Sans Pro';\"\n\t\t\t\t\t\t\t>Adria Bandiere \n\t\t\t\t\t\t\t<\/rs-layer><!--\n\n\t\t\t\t\t\t\t--><rs-layer\n\t\t\t\t\t\t\t\tid=\"slider-1-slide-7-layer-3\" \n\t\t\t\t\t\t\t\tclass=\"slider-text rs-pxl-3\"\n\t\t\t\t\t\t\t\tdata-type=\"text\"\n\t\t\t\t\t\t\t\tdata-color=\"rgba(255, 255, 255, 1)\"\n\t\t\t\t\t\t\t\tdata-rsp_ch=\"on\"\n\t\t\t\t\t\t\t\tdata-xy=\"x:c;y:m;yo:68px,35px,33px,77px;\"\n\t\t\t\t\t\t\t\tdata-text=\"w:normal;s:24;l:28;fw:300;a:center;\"\n\t\t\t\t\t\t\t\tdata-dim=\"w:800px,800px,750px,460px;h:80px,80px,auto,163px;\"\n\t\t\t\t\t\t\t\tdata-frame_0=\"o:1;\"\n\t\t\t\t\t\t\t\tdata-frame_0_lines=\"d:10;y:50px;o:0;\"\n\t\t\t\t\t\t\t\tdata-frame_1=\"e:easeOutCirc;st:1400;sR:1400;\"\n\t\t\t\t\t\t\t\tdata-frame_1_lines=\"d:10;\"\n\t\t\t\t\t\t\t\tdata-frame_999=\"st:w;sR:7300;auto:true;\"\n\t\t\t\t\t\t\t\tstyle=\"z-index:11;font-family:'Roboto';\"\n\t\t\t\t\t\t\t>L\u00edder en Fabricaci\u00f3n de Banderas. \n\t\t\t\t\t\t\t<\/rs-layer><!--\n\n\t\t\t\t\t\t\t--><rs-layer\n\t\t\t\t\t\t\t\tid=\"slider-1-slide-7-layer-6\" \n\t\t\t\t\t\t\t\tclass=\"rs-layer-video intrinsic-ignore\"\n\t\t\t\t\t\t\t\tdata-type=\"video\"\n\t\t\t\t\t\t\t\tdata-rsp_ch=\"on\"\n\t\t\t\t\t\t\t\tdata-xy=\"x:c;y:m;\"\n\t\t\t\t\t\t\t\tdata-text=\"w:normal;s:20,17,12,7;l:0,22,16,9;\"\n\t\t\t\t\t\t\t\tdata-dim=\"w:2560px,2299px,1960px,2600px;h:1440px,1293px,1103px,1463px;\"\n\t\t\t\t\t\t\t\tdata-video=\"vd:100;l:true;ptimer:false;nse:f;\"\n\t\t\t\t\t\t\t\tdata-ytid=\"K_MRVvUXS4o\"\n\t\t\t\t\t\t\t\tdata-vatr=\"version=3&amp;enablejsapi=1&amp;html5=1&amp;hd=1&amp;wmode=opaque&amp;showinfo=0&amp;rel=0&amp;origin=https:\/\/www.adriabandiere.com;\"\n\t\t\t\t\t\t\t\tdata-frame_999=\"o:0;st:w;\"\n\t\t\t\t\t\t\t\tstyle=\"z-index:8;\"\n\t\t\t\t\t\t\t>\n\t\t\t\t\t\t\t<\/rs-layer><!--\n\n\t\t\t\t\t\t\t--><rs-layer\n\t\t\t\t\t\t\t\tid=\"slider-1-slide-7-layer-14\" \n\t\t\t\t\t\t\t\tclass=\"rev-scroll-btn rev-b-span-light\"\n\t\t\t\t\t\t\t\tdata-type=\"button\"\n\t\t\t\t\t\t\t\tdata-rsp_ch=\"on\"\n\t\t\t\t\t\t\t\tdata-xy=\"x:c;y:b;\"\n\t\t\t\t\t\t\t\tdata-text=\"w:normal;s:13,11,8,4;l:16,14,10,6;ls:1,0,0,0;\"\n\t\t\t\t\t\t\t\tdata-dim=\"w:27,24,18,11;h:43,38,28,17;minw:27,none,none,none;minh:43,none,none,none;\"\n\t\t\t\t\t\t\t\tdata-vbility=\"t,t,f,f\"\n\t\t\t\t\t\t\t\tdata-actions='o:click;a:scrollbelow;sp:1000ms;e:power1.inOut;'\n\t\t\t\t\t\t\t\tdata-padding=\"t:17,15,11,7;r:11,10,8,5;b:17,15,11,7;l:11,10,8,5;\"\n\t\t\t\t\t\t\t\tdata-border=\"bos:solid;boc:rgba(255,255,255,0.75);bow:3px,3px,3px,3px;bor:18px,18px,18px,18px;\"\n\t\t\t\t\t\t\t\tdata-frame_999=\"o:0;st:w;\"\n\t\t\t\t\t\t\t\tstyle=\"z-index:10;font-family:'Roboto';text-transform:uppercase;\"\n\t\t\t\t\t\t\t><span><\/span><span><\/span><span><\/span> \n\t\t\t\t\t\t\t<\/rs-layer><!--\n-->\t\t\t\t\t<\/rs-slide>\n\t\t\t\t\t<\/rs-slides>\n\t\t\t\t\t<rs-static-layers><!--\n\n\t\t\t\t\t\t\t--><rs-layer\n\t\t\t\t\t\t\t\tid=\"slider-1-slide-1-layer-2\" \n\t\t\t\t\t\t\t\tclass=\"rs-layer-static\"\n\t\t\t\t\t\t\t\tdata-type=\"image\"\n\t\t\t\t\t\t\t\tdata-rsp_ch=\"on\"\n\t\t\t\t\t\t\t\tdata-xy=\"x:c;y:m;yo:-180px,-180px,-136px,-160px;\"\n\t\t\t\t\t\t\t\tdata-text=\"w:normal;s:20,17,12,7;l:0,22,16,9;\"\n\t\t\t\t\t\t\t\tdata-dim=\"w:180px,161px,122px,75px;h:186px,167px,126px,77px;\"\n\t\t\t\t\t\t\t\tdata-onslides=\"s:1;\"\n\t\t\t\t\t\t\t\tdata-border=\"bor:12px,12px,12px,12px;\"\n\t\t\t\t\t\t\t\tdata-frame_1=\"sp:500;\"\n\t\t\t\t\t\t\t\tdata-frame_999=\"o:0;st:w;\"\n\t\t\t\t\t\t\t\tstyle=\"z-index:5;\"\n\t\t\t\t\t\t\t><img decoding=\"async\" src=\"\/\/www.adriabandiere.com\/wp-content\/plugins\/revslider\/sr6\/assets\/assets\/dummy.png\" alt=\"\" class=\"tp-rs-img rs-lazyload\" width=\"600\" height=\"620\" data-lazyload=\"\/\/www.adriabandiere.com\/wp-content\/uploads\/2023\/10\/50esimoNUOVO-ORO-NOLOGO.jpg\" data-no-retina> \n\t\t\t\t\t\t\t<\/rs-layer><!--\n\t\t\t\t\t--><\/rs-static-layers>\n\t\t\t\t<\/rs-module>\n\t\t\t\t<script>\n\t\t\t\t\tsetREVStartSize({c: 'rev_slider_1_1',rl:[1240,1024,778,480],el:[700,768,960,720],gw:[1140,1024,778,480],gh:[700,768,960,720],type:'standard',justify:'',layout:'fullscreen',offsetContainer:'',offset:'',mh:\"0\"});if (window.RS_MODULES!==undefined && window.RS_MODULES.modules!==undefined && window.RS_MODULES.modules[\"revslider11\"]!==undefined) {window.RS_MODULES.modules[\"revslider11\"].once = false;window.revapi1 = undefined;if (window.RS_MODULES.checkMinimal!==undefined) window.RS_MODULES.checkMinimal()}\n\t\t\t\t<\/script>\n\t\t\t<\/rs-module-wrap>\n\t\t\t<!-- END REVOLUTION SLIDER -->\n[\/vc_column][\/vc_row][vc_row css=\u00bb.vc_custom_1611694599473{margin-top: 70px !important;}\u00bb][vc_column][lab_heading title=\u00bbProductos\u00bb]Consulta el cat\u00e1logo online de banderas, complementos de bandera, manteler\u00eda n\u00e1utica bordada y art\u00edculos personalizados. Todas nuestras banderas se producen con pasi\u00f3n en Italia.[\/lab_heading][vc_row_inner][vc_column_inner width=\u00bb1\/2&#8243;][vc_hoverbox image=\u00bb46496&#8243; primary_title=\u00bbACCESORIOS\u00bb hover_title=\u00bbACCESORIOS\u00bb shape=\u00bbsquare\u00bb hover_btn_title=\u00bbIr a Accesorios\u00bb hover_btn_style=\u00bbcustom\u00bb hover_btn_custom_background=\u00bb#0f2053&#8243; hover_btn_custom_text=\u00bb#ffffff\u00bb hover_btn_shape=\u00bbsquare\u00bb hover_btn_size=\u00bblg\u00bb css_animation=\u00bbfadeIn\u00bb hover_add_button=\u00bbtrue\u00bb css=\u00bb.vc_custom_1612354697328{margin-top: 30px !important;margin-bottom: 30px !important;}\u00bb hover_btn_link=\u00bburl:https%3A%2F%2Fwww.adriabandiere.com%2Fes%2Fcategoria-producto%2Faccesorios%2F|\u00bb][\/vc_hoverbox][\/vc_column_inner][vc_column_inner width=\u00bb1\/2&#8243;][vc_hoverbox image=\u00bb46501&#8243; primary_title=\u00bbBANDERAS\u00bb hover_title=\u00bbBANDERAS\u00bb shape=\u00bbsquare\u00bb hover_btn_title=\u00bbIr a Banderas\u00bb hover_btn_style=\u00bbcustom\u00bb hover_btn_custom_background=\u00bb#0f2053&#8243; hover_btn_custom_text=\u00bb#ffffff\u00bb hover_btn_shape=\u00bbsquare\u00bb hover_btn_size=\u00bblg\u00bb css_animation=\u00bbfadeIn\u00bb hover_add_button=\u00bbtrue\u00bb css=\u00bb.vc_custom_1612354708209{margin-top: 30px !important;margin-bottom: 30px !important;}\u00bb hover_btn_link=\u00bburl:https%3A%2F%2Fwww.adriabandiere.com%2Fes%2Fcategoria-producto%2Fbanderas%2F|\u00bb][\/vc_hoverbox][\/vc_column_inner][\/vc_row_inner][vc_row_inner][vc_column_inner width=\u00bb1\/2&#8243;][vc_hoverbox image=\u00bb46507&#8243; primary_title=\u00bbLINO BORDADO N\u00c1UTICO\u00bb hover_title=\u00bbLINO BORDADO N\u00c1UTICO\u00bb shape=\u00bbsquare\u00bb hover_btn_title=\u00bbIr a Lino Bordado N\u00e1utico\u00bb hover_btn_style=\u00bbcustom\u00bb hover_btn_custom_background=\u00bb#0f2053&#8243; hover_btn_custom_text=\u00bb#ffffff\u00bb hover_btn_shape=\u00bbsquare\u00bb hover_btn_size=\u00bblg\u00bb css_animation=\u00bbfadeIn\u00bb hover_add_button=\u00bbtrue\u00bb css=\u00bb.vc_custom_1612354721103{margin-top: 30px !important;margin-bottom: 30px !important;}\u00bb hover_btn_link=\u00bburl:https%3A%2F%2Fwww.adriabandiere.com%2Fes%2Fcategoria-producto%2Flino-bordado-nautico%2F|\u00bb][\/vc_hoverbox][\/vc_column_inner][vc_column_inner width=\u00bb1\/2&#8243;][vc_hoverbox image=\u00bb46512&#8243; primary_title=\u00bbART\u00cdCULOS PERSONALIZADOS\u00bb hover_title=\u00bbART\u00cdCULOS PERSONALIZADOS\u00bb shape=\u00bbsquare\u00bb hover_btn_title=\u00bbIr a art\u00edculos personalizados\u00bb hover_btn_style=\u00bbcustom\u00bb hover_btn_custom_background=\u00bb#0f2053&#8243; hover_btn_custom_text=\u00bb#ffffff\u00bb hover_btn_shape=\u00bbsquare\u00bb hover_btn_size=\u00bblg\u00bb css_animation=\u00bbfadeIn\u00bb hover_add_button=\u00bbtrue\u00bb css=\u00bb.vc_custom_1612354732301{margin-top: 30px !important;margin-bottom: 30px !important;}\u00bb hover_btn_link=\u00bburl:https%3A%2F%2Fwww.adriabandiere.com%2Fes%2Fcategoria-producto%2Farticulos-personalizados%2F|\u00bb][\/vc_hoverbox][\/vc_column_inner][\/vc_row_inner][vc_btn title=\u00bbVER TODOS LOS PRODUCTOS\u00bb style=\u00bbcustom\u00bb custom_background=\u00bb#0f2053&#8243; custom_text=\u00bb#ffffff\u00bb shape=\u00bbsquare\u00bb size=\u00bblg\u00bb align=\u00bbcenter\u00bb css_animation=\u00bbfadeIn\u00bb link=\u00bburl:https%3A%2F%2Fwww.adriabandiere.com%2Fes%2Fproductos%2F|title:Productos|\u00bb][vc_empty_space height=\u00bb30px\u00bb][\/vc_column][\/vc_row][vc_row][vc_column width=\u00bb1\/2&#8243;][vc_btn title=\u00bbSOLICITAR EL CATALOGO\u00bb style=\u00bbcustom\u00bb custom_background=\u00bb#0f2053&#8243; custom_text=\u00bb#ffffff\u00bb shape=\u00bbsquare\u00bb size=\u00bblg\u00bb align=\u00bbcenter\u00bb i_icon_fontawesome=\u00bbfas fa-file-alt\u00bb css_animation=\u00bbfadeIn\u00bb button_block=\u00bbtrue\u00bb add_icon=\u00bbtrue\u00bb link=\u00bburl:https%3A%2F%2Fwww.adriabandiere.com%2Fes%2Fcatalogar%2F|title:Catalogar|\u00bb][\/vc_column][vc_column width=\u00bb1\/2&#8243;][vc_btn title=\u00bbCONT\u00c1CTENOS\u00bb style=\u00bbcustom\u00bb custom_background=\u00bb#0f2053&#8243; custom_text=\u00bb#ffffff\u00bb shape=\u00bbsquare\u00bb size=\u00bblg\u00bb align=\u00bbcenter\u00bb i_icon_fontawesome=\u00bbfas fa-envelope\u00bb css_animation=\u00bbfadeIn\u00bb button_block=\u00bbtrue\u00bb add_icon=\u00bbtrue\u00bb link=\u00bburl:https%3A%2F%2Fwww.adriabandiere.com%2Fes%2Fcontactos%2F|title:Contactos|\u00bb][\/vc_column][\/vc_row][vc_row][vc_column][lab_heading title=\u00bbRevista Adria Flags\u00bb]Eventos, noticias y actualizaciones sobre Adria Bandiere y sobre la producci\u00f3n de banderas Made in Italy.[\/lab_heading][lab_blog_posts blog_posts_options=\u00bb\u00bb hover_layer_icon=\u00bbcustom\u00bb blog_query=\u00bbsize:6|order_by:date|post_type:post\u00bb el_class=\u00bbclass-custom-news\u00bb][vc_btn title=\u00bbLEER TODAS LAS NOTICIAS\u00bb style=\u00bbcustom\u00bb custom_background=\u00bb#0f2053&#8243; custom_text=\u00bb#ffffff\u00bb shape=\u00bbsquare\u00bb size=\u00bblg\u00bb align=\u00bbcenter\u00bb css_animation=\u00bbfadeIn\u00bb link=\u00bburl:https%3A%2F%2Fwww.adriabandiere.com%2Fes%2Frevista%2F|title:Revista|\u00bb][\/vc_column][\/vc_row]\n<\/div>","protected":false},"excerpt":{"rendered":"<p>[vc_row full_width=\u00bbstretch_row_content_no_spaces\u00bb css_animation=\u00bbfadeIn\u00bb][vc_column][\/vc_column][\/vc_row][vc_row css=\u00bb.vc_custom_1611694599473{margin-top: 70px !important;}\u00bb][vc_column][lab_heading title=\u00bbProductos\u00bb]Consulta el cat\u00e1logo online de banderas, complementos de bandera, manteler\u00eda n\u00e1utica bordada y art\u00edculos personalizados. Todas nuestras banderas se producen con pasi\u00f3n en Italia.[\/lab_heading][vc_row_inner][vc_column_inner width=\u00bb1\/2&#8243;][vc_hoverbox image=\u00bb46496&#8243; primary_title=\u00bbACCESORIOS\u00bb hover_title=\u00bbACCESORIOS\u00bb shape=\u00bbsquare\u00bb hover_btn_title=\u00bbIr a Accesorios\u00bb hover_btn_style=\u00bbcustom\u00bb hover_btn_custom_background=\u00bb#0f2053&#8243; hover_btn_custom_text=\u00bb#ffffff\u00bb hover_btn_shape=\u00bbsquare\u00bb hover_btn_size=\u00bblg\u00bb css_animation=\u00bbfadeIn\u00bb hover_add_button=\u00bbtrue\u00bb css=\u00bb.vc_custom_1612354697328{margin-top: 30px !important;margin-bottom: 30px !important;}\u00bb hover_btn_link=\u00bburl:https%3A%2F%2Fwww.adriabandiere.com%2Fes%2Fcategoria-producto%2Faccesorios%2F|\u00bb][\/vc_hoverbox][\/vc_column_inner][vc_column_inner width=\u00bb1\/2&#8243;][vc_hoverbox image=\u00bb46501&#8243; primary_title=\u00bbBANDERAS\u00bb hover_title=\u00bbBANDERAS\u00bb&hellip;<\/p>\n","protected":false},"author":19,"featured_media":0,"parent":0,"menu_order":0,"comment_status":"closed","ping_status":"closed","template":"","meta":{"_acf_changed":false,"ngg_post_thumbnail":0,"footnotes":""},"class_list":["post-46645","page","type-page","status-publish","hentry"],"acf":[],"yoast_head":"<!-- This site is optimized with the Yoast SEO Premium plugin v20.11 (Yoast SEO v20.11) - https:\/\/yoast.com\/wordpress\/plugins\/seo\/ -->\n<title>Banderas de Adria<\/title>\n<meta name=\"description\" content=\"Producci\u00f3n y venta de banderas y accesorios personalizados para banderas producidos en Italia por Adria Banidiere. Mira el cat\u00e1logo en l\u00ednea.\" \/>\n<meta name=\"robots\" content=\"index, follow, max-snippet:-1, max-image-preview:large, max-video-preview:-1\" \/>\n<link rel=\"canonical\" href=\"https:\/\/www.adriabandiere.com\/es\/\" \/>\n<meta property=\"og:locale\" content=\"es_ES\" \/>\n<meta property=\"og:type\" content=\"article\" \/>\n<meta property=\"og:title\" content=\"Casa\" \/>\n<meta property=\"og:description\" content=\"Producci\u00f3n y venta de banderas y accesorios personalizados para banderas producidos en Italia por Adria Banidiere. Mira el cat\u00e1logo en l\u00ednea.\" \/>\n<meta property=\"og:url\" content=\"https:\/\/www.adriabandiere.com\/es\/\" \/>\n<meta property=\"og:site_name\" content=\"Adria Bandiere\" \/>\n<meta property=\"article:modified_time\" content=\"2023-06-13T16:02:15+00:00\" \/>\n<meta name=\"twitter:card\" content=\"summary_large_image\" \/>\n<meta name=\"twitter:label1\" content=\"Tiempo de lectura\" \/>\n\t<meta name=\"twitter:data1\" content=\"1 minuto\" \/>\n<script type=\"application\/ld+json\" class=\"yoast-schema-graph\">{\"@context\":\"https:\/\/schema.org\",\"@graph\":[{\"@type\":\"WebPage\",\"@id\":\"https:\/\/www.adriabandiere.com\/es\/\",\"url\":\"https:\/\/www.adriabandiere.com\/es\/\",\"name\":\"Banderas de Adria\",\"isPartOf\":{\"@id\":\"https:\/\/www.adriabandiere.com\/es\/#website\"},\"datePublished\":\"2021-01-28T10:07:42+00:00\",\"dateModified\":\"2023-06-13T16:02:15+00:00\",\"description\":\"Producci\u00f3n y venta de banderas y accesorios personalizados para banderas producidos en Italia por Adria Banidiere. Mira el cat\u00e1logo en l\u00ednea.\",\"inLanguage\":\"es\",\"potentialAction\":[{\"@type\":\"ReadAction\",\"target\":[\"https:\/\/www.adriabandiere.com\/es\/\"]}]},{\"@type\":\"WebSite\",\"@id\":\"https:\/\/www.adriabandiere.com\/es\/#website\",\"url\":\"https:\/\/www.adriabandiere.com\/es\/\",\"name\":\"Adria Bandiere\",\"description\":\"\",\"potentialAction\":[{\"@type\":\"SearchAction\",\"target\":{\"@type\":\"EntryPoint\",\"urlTemplate\":\"https:\/\/www.adriabandiere.com\/es\/?s={search_term_string}\"},\"query-input\":\"required name=search_term_string\"}],\"inLanguage\":\"es\"}]}<\/script>\n<!-- \/ Yoast SEO Premium plugin. -->","yoast_head_json":{"title":"Banderas de Adria","description":"Producci\u00f3n y venta de banderas y accesorios personalizados para banderas producidos en Italia por Adria Banidiere. Mira el cat\u00e1logo en l\u00ednea.","robots":{"index":"index","follow":"follow","max-snippet":"max-snippet:-1","max-image-preview":"max-image-preview:large","max-video-preview":"max-video-preview:-1"},"canonical":"https:\/\/www.adriabandiere.com\/es\/","og_locale":"es_ES","og_type":"article","og_title":"Casa","og_description":"Producci\u00f3n y venta de banderas y accesorios personalizados para banderas producidos en Italia por Adria Banidiere. Mira el cat\u00e1logo en l\u00ednea.","og_url":"https:\/\/www.adriabandiere.com\/es\/","og_site_name":"Adria Bandiere","article_modified_time":"2023-06-13T16:02:15+00:00","twitter_card":"summary_large_image","twitter_misc":{"Tiempo de lectura":"1 minuto"},"schema":{"@context":"https:\/\/schema.org","@graph":[{"@type":"WebPage","@id":"https:\/\/www.adriabandiere.com\/es\/","url":"https:\/\/www.adriabandiere.com\/es\/","name":"Banderas de Adria","isPartOf":{"@id":"https:\/\/www.adriabandiere.com\/es\/#website"},"datePublished":"2021-01-28T10:07:42+00:00","dateModified":"2023-06-13T16:02:15+00:00","description":"Producci\u00f3n y venta de banderas y accesorios personalizados para banderas producidos en Italia por Adria Banidiere. Mira el cat\u00e1logo en l\u00ednea.","inLanguage":"es","potentialAction":[{"@type":"ReadAction","target":["https:\/\/www.adriabandiere.com\/es\/"]}]},{"@type":"WebSite","@id":"https:\/\/www.adriabandiere.com\/es\/#website","url":"https:\/\/www.adriabandiere.com\/es\/","name":"Adria Bandiere","description":"","potentialAction":[{"@type":"SearchAction","target":{"@type":"EntryPoint","urlTemplate":"https:\/\/www.adriabandiere.com\/es\/?s={search_term_string}"},"query-input":"required name=search_term_string"}],"inLanguage":"es"}]}},"_links":{"self":[{"href":"https:\/\/www.adriabandiere.com\/es\/wp-json\/wp\/v2\/pages\/46645","targetHints":{"allow":["GET"]}}],"collection":[{"href":"https:\/\/www.adriabandiere.com\/es\/wp-json\/wp\/v2\/pages"}],"about":[{"href":"https:\/\/www.adriabandiere.com\/es\/wp-json\/wp\/v2\/types\/page"}],"author":[{"embeddable":true,"href":"https:\/\/www.adriabandiere.com\/es\/wp-json\/wp\/v2\/users\/19"}],"replies":[{"embeddable":true,"href":"https:\/\/www.adriabandiere.com\/es\/wp-json\/wp\/v2\/comments?post=46645"}],"version-history":[{"count":23,"href":"https:\/\/www.adriabandiere.com\/es\/wp-json\/wp\/v2\/pages\/46645\/revisions"}],"predecessor-version":[{"id":55469,"href":"https:\/\/www.adriabandiere.com\/es\/wp-json\/wp\/v2\/pages\/46645\/revisions\/55469"}],"wp:attachment":[{"href":"https:\/\/www.adriabandiere.com\/es\/wp-json\/wp\/v2\/media?parent=46645"}],"curies":[{"name":"wp","href":"https:\/\/api.w.org\/{rel}","templated":true}]}}