{"id":46641,"date":"2021-01-28T11:07:12","date_gmt":"2021-01-28T10:07:12","guid":{"rendered":"https:\/\/labs.giamaica.app\/webit\/adriabandiere.com\/contactos\/"},"modified":"2023-05-23T18:57:04","modified_gmt":"2023-05-23T16:57:04","slug":"contactos","status":"publish","type":"page","link":"https:\/\/www.adriabandiere.com\/es\/contactos\/","title":{"rendered":"Contactos"},"content":{"rendered":"<div class=\"wpb-content-wrapper\">[vc_row full_width=\u00bbstretch_row_content_no_spaces\u00bb el_class=\u00bboverlay_map\u00bb][vc_column reveal_effect=\u00bbfadeIn\u00bb reveal_duration=\u00bb0.1&#8243; reveal_delay=\u00bb0.1&#8243;][vc_raw_html]PGlmcmFtZSBzcmM9Imh0dHBzOi8vd3d3Lmdvb2dsZS5jb20vbWFwcy9lbWJlZD9wYj0hMW0xNCExbTghMW0zITFkMTE0NDEuNjk1MjE4OTg4OTc2ITJkMTIuMzg5Mzg3MyEzZDQ0LjE5ODMzNzEhM20yITFpMTAyNCEyaTc2OCE0ZjEzLjEhM20zITFtMiExczB4MCUzQTB4NTlkYzhkNTk3YzllOTkzNSEyc0FkcmlhJTIwQmFuZGllcmUlMjBTcmwhNWUwITNtMiExc2l0ITJzaXQhNHYxNjExNjgxMTkyODQyITVtMiExc2l0ITJzaXQiIHdpZHRoPSIxMDAlIiBoZWlnaHQ9IjYyMCIgZnJhbWVib3JkZXI9IjAiIHN0eWxlPSJib3JkZXI6MDsiIGFsbG93ZnVsbHNjcmVlbj0iIiBhcmlhLWhpZGRlbj0iZmFsc2UiIHRhYmluZGV4PSIwIj48L2lmcmFtZT4=[\/vc_raw_html][\/vc_column][\/vc_row][vc_row][vc_column width=\u00bb1\/3&#8243; reveal_effect=\u00bbfadeIn\u00bb reveal_duration=\u00bb1&#8243; reveal_delay=\u00bb0.3&#8243;][vc_column_text]\n<h3>L\u00ednea directa con Adria Bandiere<\/h3>\n<p>Adria Bandiere Srl<br \/>\nVia Arno, 23 &#8211; 47042<br \/>\nCesenatico (FC)<br \/>\nItalia<\/p>\n<p><strong>Tel<\/strong><a href=\"tel:+39%200547672090\"> +39 0547 672090<\/a><br \/>\n<strong>Fax<\/strong> +39 0547 672048<br \/>\n<strong>Mail<\/strong> <a href=\"mailto:commerciale@adriabandiere.com\">commerciale@adriabandiere.com<\/a><br \/>\n<strong>WhatsApp<\/strong> <a href=\"https:\/\/wa.me\/3893193704\">+39 389 3193704<\/a>[\/vc_column_text][\/vc_column][vc_column width=\u00bb2\/3&#8243; reveal_effect=\u00bbfadeIn\u00bb reveal_duration=\u00bb1&#8243; reveal_delay=\u00bb0.5&#8243;]\n<div class=\"wpcf7 no-js\" id=\"wpcf7-f47913-o1\" lang=\"es-ES\" dir=\"ltr\" data-wpcf7-id=\"47913\">\n<div class=\"screen-reader-response\"><p role=\"status\" aria-live=\"polite\" aria-atomic=\"true\"><\/p> <ul><\/ul><\/div>\n<form action=\"\/es\/wp-json\/wp\/v2\/pages\/46641#wpcf7-f47913-o1\" method=\"post\" class=\"wpcf7-form init\" aria-label=\"Formulario de contacto\" novalidate=\"novalidate\" data-status=\"init\">\n<fieldset class=\"hidden-fields-container\"><input type=\"hidden\" name=\"_wpcf7\" value=\"47913\" \/><input type=\"hidden\" name=\"_wpcf7_version\" value=\"6.1.5\" \/><input type=\"hidden\" name=\"_wpcf7_locale\" value=\"es_ES\" \/><input type=\"hidden\" name=\"_wpcf7_unit_tag\" value=\"wpcf7-f47913-o1\" \/><input type=\"hidden\" name=\"_wpcf7_container_post\" value=\"0\" \/><input type=\"hidden\" name=\"_wpcf7_posted_data_hash\" value=\"\" \/><input type=\"hidden\" name=\"_wpcf7cf_hidden_group_fields\" value=\"[]\" \/><input type=\"hidden\" name=\"_wpcf7cf_hidden_groups\" value=\"[]\" \/><input type=\"hidden\" name=\"_wpcf7cf_visible_groups\" value=\"[]\" \/><input type=\"hidden\" name=\"_wpcf7cf_repeaters\" value=\"[]\" \/><input type=\"hidden\" name=\"_wpcf7cf_steps\" value=\"{}\" \/><input type=\"hidden\" name=\"_wpcf7cf_options\" value=\"{&quot;form_id&quot;:47913,&quot;conditions&quot;:[{&quot;then_field&quot;:&quot;scelta_azienda&quot;,&quot;and_rules&quot;:[{&quot;if_field&quot;:&quot;radio&quot;,&quot;operator&quot;:&quot;equals&quot;,&quot;if_value&quot;:&quot;Empresa&quot;}]}],&quot;settings&quot;:{&quot;animation&quot;:&quot;yes&quot;,&quot;animation_intime&quot;:200,&quot;animation_outtime&quot;:200,&quot;conditions_ui&quot;:&quot;normal&quot;,&quot;notice_dismissed&quot;:false,&quot;repeater_remove_button&quot;:&quot;bottom&quot;,&quot;notice_dismissed_rollback-cf7-5.4.1&quot;:true}}\" \/>\n<\/fieldset>\n<div class=\"text-center\">\n\t<div class=\"col-md-6\">\n\t\t<p><label><br \/>\n<span class=\"wpcf7-form-control-wrap\" data-name=\"your-name\"><input size=\"40\" maxlength=\"400\" class=\"wpcf7-form-control wpcf7-text wpcf7-validates-as-required\" aria-required=\"true\" aria-invalid=\"false\" placeholder=\"Nombre y Apellido*\" value=\"\" type=\"text\" name=\"your-name\" \/><\/span> <\/label>\n\t\t<\/p>\n\t\t<p><label><br \/>\n<span class=\"wpcf7-form-control-wrap\" data-name=\"your-email\"><input size=\"40\" maxlength=\"400\" class=\"wpcf7-form-control wpcf7-email wpcf7-validates-as-required wpcf7-text wpcf7-validates-as-email\" aria-required=\"true\" aria-invalid=\"false\" placeholder=\"Direcci\u00f3n de correo Electr\u00f3nico*\" value=\"\" type=\"email\" name=\"your-email\" \/><\/span> <\/label>\n\t\t<\/p>\n\t\t<p><label><br \/>\n<span class=\"wpcf7-form-control-wrap\" data-name=\"citta\"><input size=\"40\" maxlength=\"400\" class=\"wpcf7-form-control wpcf7-text wpcf7-validates-as-required\" aria-required=\"true\" aria-invalid=\"false\" placeholder=\"Ciudad*\" value=\"\" type=\"text\" name=\"citta\" \/><\/span> <\/label>\n\t\t<\/p>\n\t\t<p><label><br \/>\n<span class=\"wpcf7-form-control-wrap\" data-name=\"telefono\"><input size=\"40\" maxlength=\"400\" class=\"wpcf7-form-control wpcf7-tel wpcf7-validates-as-required wpcf7-text wpcf7-validates-as-tel\" aria-required=\"true\" aria-invalid=\"false\" placeholder=\"Tel\u00e9fono*\" value=\"\" type=\"tel\" name=\"telefono\" \/><\/span> <\/label>\n\t\t<\/p>\n\t\t<div class=\"radio-conditional-custom\">\n\t\t\t<p><span class=\"wpcf7-form-control-wrap\" data-name=\"radio\"><span class=\"wpcf7-form-control wpcf7-radio\"><span class=\"wpcf7-list-item first\"><label><input type=\"radio\" name=\"radio\" value=\"Privado\" checked=\"checked\" \/><span class=\"wpcf7-list-item-label\">Privado<\/span><\/label><\/span><span class=\"wpcf7-list-item last\"><label><input type=\"radio\" name=\"radio\" value=\"Empresa\" \/><span class=\"wpcf7-list-item-label\">Empresa<\/span><\/label><\/span><\/span><\/span>\n\t\t\t<\/p>\n\t\t<\/div>\n\t\t<div data-id=\"scelta_azienda\" data-orig_data_id=\"scelta_azienda\"  class=\"\" data-class=\"wpcf7cf_group\">\n\t\t\t<p><label><br \/>\n<span class=\"wpcf7-form-control-wrap\" data-name=\"RagioneSociale\"><input size=\"40\" maxlength=\"400\" class=\"wpcf7-form-control wpcf7-text wpcf7-validates-as-required\" aria-required=\"true\" aria-invalid=\"false\" placeholder=\"Nombre Legal de la Empresa*\" value=\"\" type=\"text\" name=\"RagioneSociale\" \/><\/span> <\/label>\n\t\t\t<\/p>\n\t\t\t<p><label><br \/>\n<span class=\"wpcf7-form-control-wrap\" data-name=\"PartitaIva\"><input size=\"40\" maxlength=\"400\" class=\"wpcf7-form-control wpcf7-text wpcf7-validates-as-required\" aria-required=\"true\" aria-invalid=\"false\" placeholder=\"N\u00famero de Valor Agregado*\" value=\"\" type=\"text\" name=\"PartitaIva\" \/><\/span> <\/label>\n\t\t\t<\/p>\n\t\t<\/div>\n\t<\/div>\n\t<div class=\"col-md-6\">\n\t\t<p><label><br \/>\n<span class=\"wpcf7-form-control-wrap\" data-name=\"your-message\"><textarea cols=\"40\" rows=\"10\" maxlength=\"2000\" class=\"wpcf7-form-control wpcf7-textarea\" aria-invalid=\"false\" placeholder=\"Informaci\u00f3n Requerida\" name=\"your-message\"><\/textarea><\/span> <\/label>\n\t\t<\/p>\n\t<\/div>\n\t<div class=\"col-md-12\">\n\t\t<p><span style=\"line-height:20px;font-size:12px;\"><span class=\"wpcf7-form-control-wrap\" data-name=\"accettazione\"><span class=\"wpcf7-form-control wpcf7-acceptance\"><span class=\"wpcf7-list-item\"><label><input type=\"checkbox\" name=\"accettazione\" value=\"1\" aria-invalid=\"false\" \/><span class=\"wpcf7-list-item-label\">Declaro que he le\u00eddo y comprendido la informaci\u00f3n de la Pol\u00edtica de privacidad, para el procesamiento de mis datos personales por parte de Adria Bandiere Srl y expresar mi consentimiento para el uso de los mismos para los fines expresados en la informaci\u00f3n de privacidad y en particular para el fines de marketing de conformidad con el art. 13 del reglamento de la UE 2016\/679 y art. 13 del Decreto Legislativo 196\/2003.<\/span><\/label><\/span><\/span><\/span><\/span>\n\t\t<\/p>\n\t\t<p><input class=\"wpcf7-form-control wpcf7-submit has-spinner\" type=\"submit\" value=\"Enviar Mensaje\" \/>\n\t\t<\/p>\n\t<\/div>\n<\/div><p style=\"display: none !important;\" class=\"akismet-fields-container\" data-prefix=\"_wpcf7_ak_\"><label>&#916;<textarea name=\"_wpcf7_ak_hp_textarea\" cols=\"45\" rows=\"8\" maxlength=\"100\"><\/textarea><\/label><input type=\"hidden\" id=\"ak_js_1\" name=\"_wpcf7_ak_js\" value=\"171\"\/><script type=\"text\/javascript\">\n\/* <![CDATA[ *\/\ndocument.getElementById( \"ak_js_1\" ).setAttribute( \"value\", ( new Date() ).getTime() );\n\/* ]]> *\/\n<\/script>\n<\/p><div class=\"wpcf7-response-output\" aria-hidden=\"true\"><\/div>\n<\/form>\n<\/div>\n[\/vc_column][\/vc_row][vc_row][vc_column][vc_empty_space height=\u00bb40px\u00bb][\/vc_column][\/vc_row]\n<\/div>","protected":false},"excerpt":{"rendered":"<p>[vc_row full_width=\u00bbstretch_row_content_no_spaces\u00bb el_class=\u00bboverlay_map\u00bb][vc_column reveal_effect=\u00bbfadeIn\u00bb reveal_duration=\u00bb0.1&#8243; reveal_delay=\u00bb0.1&#8243;][vc_raw_html]PGlmcmFtZSBzcmM9Imh0dHBzOi8vd3d3Lmdvb2dsZS5jb20vbWFwcy9lbWJlZD9wYj0hMW0xNCExbTghMW0zITFkMTE0NDEuNjk1MjE4OTg4OTc2ITJkMTIuMzg5Mzg3MyEzZDQ0LjE5ODMzNzEhM20yITFpMTAyNCEyaTc2OCE0ZjEzLjEhM20zITFtMiExczB4MCUzQTB4NTlkYzhkNTk3YzllOTkzNSEyc0FkcmlhJTIwQmFuZGllcmUlMjBTcmwhNWUwITNtMiExc2l0ITJzaXQhNHYxNjExNjgxMTkyODQyITVtMiExc2l0ITJzaXQiIHdpZHRoPSIxMDAlIiBoZWlnaHQ9IjYyMCIgZnJhbWVib3JkZXI9IjAiIHN0eWxlPSJib3JkZXI6MDsiIGFsbG93ZnVsbHNjcmVlbj0iIiBhcmlhLWhpZGRlbj0iZmFsc2UiIHRhYmluZGV4PSIwIj48L2lmcmFtZT4=[\/vc_raw_html][\/vc_column][\/vc_row][vc_row][vc_column width=\u00bb1\/3&#8243; reveal_effect=\u00bbfadeIn\u00bb reveal_duration=\u00bb1&#8243; reveal_delay=\u00bb0.3&#8243;][vc_column_text] L\u00ednea directa con Adria Bandiere Adria Bandiere Srl Via Arno, 23 &#8211; 47042 Cesenatico (FC) Italia Tel +39 0547 672090 Fax +39 0547 672048 Mail commerciale@adriabandiere.com WhatsApp +39 389 3193704[\/vc_column_text][\/vc_column][vc_column width=\u00bb2\/3&#8243; reveal_effect=\u00bbfadeIn\u00bb reveal_duration=\u00bb1&#8243; reveal_delay=\u00bb0.5&#8243;][\/vc_column][\/vc_row][vc_row][vc_column][vc_empty_space height=\u00bb40px\u00bb][\/vc_column][\/vc_row]<\/p>\n","protected":false},"author":19,"featured_media":0,"parent":0,"menu_order":0,"comment_status":"closed","ping_status":"closed","template":"","meta":{"_acf_changed":false,"ngg_post_thumbnail":0,"footnotes":""},"class_list":["post-46641","page","type-page","status-publish","hentry"],"acf":[],"yoast_head":"<!-- This site is optimized with the Yoast SEO Premium plugin v20.11 (Yoast SEO v20.11) - https:\/\/yoast.com\/wordpress\/plugins\/seo\/ -->\n<title>Contactos - Adria Bandiere<\/title>\n<meta name=\"robots\" content=\"index, follow, max-snippet:-1, max-image-preview:large, max-video-preview:-1\" \/>\n<link rel=\"canonical\" href=\"https:\/\/www.adriabandiere.com\/es\/contactos\/\" \/>\n<meta property=\"og:locale\" content=\"es_ES\" \/>\n<meta property=\"og:type\" content=\"article\" \/>\n<meta property=\"og:title\" content=\"Contactos\" \/>\n<meta property=\"og:description\" content=\"[vc_row full_width=\u00bbstretch_row_content_no_spaces\u00bb el_class=\u00bboverlay_map\u00bb][vc_column reveal_effect=\u00bbfadeIn\u00bb reveal_duration=\u00bb0.1&#8243; reveal_delay=\u00bb0.1&#8243;][vc_raw_html]PGlmcmFtZSBzcmM9Imh0dHBzOi8vd3d3Lmdvb2dsZS5jb20vbWFwcy9lbWJlZD9wYj0hMW0xNCExbTghMW0zITFkMTE0NDEuNjk1MjE4OTg4OTc2ITJkMTIuMzg5Mzg3MyEzZDQ0LjE5ODMzNzEhM20yITFpMTAyNCEyaTc2OCE0ZjEzLjEhM20zITFtMiExczB4MCUzQTB4NTlkYzhkNTk3YzllOTkzNSEyc0FkcmlhJTIwQmFuZGllcmUlMjBTcmwhNWUwITNtMiExc2l0ITJzaXQhNHYxNjExNjgxMTkyODQyITVtMiExc2l0ITJzaXQiIHdpZHRoPSIxMDAlIiBoZWlnaHQ9IjYyMCIgZnJhbWVib3JkZXI9IjAiIHN0eWxlPSJib3JkZXI6MDsiIGFsbG93ZnVsbHNjcmVlbj0iIiBhcmlhLWhpZGRlbj0iZmFsc2UiIHRhYmluZGV4PSIwIj48L2lmcmFtZT4=[\/vc_raw_html][\/vc_column][\/vc_row][vc_row][vc_column width=\u00bb1\/3&#8243; reveal_effect=\u00bbfadeIn\u00bb reveal_duration=\u00bb1&#8243; reveal_delay=\u00bb0.3&#8243;][vc_column_text] L\u00ednea directa con Adria Bandiere Adria Bandiere Srl Via Arno, 23 &#8211; 47042 Cesenatico (FC) Italia Tel +39 0547 672090 Fax +39 0547 672048 Mail commerciale@adriabandiere.com WhatsApp +39 389 3193704[\/vc_column_text][\/vc_column][vc_column width=\u00bb2\/3&#8243; reveal_effect=\u00bbfadeIn\u00bb reveal_duration=\u00bb1&#8243; reveal_delay=\u00bb0.5&#8243;][\/vc_column][\/vc_row][vc_row][vc_column][vc_empty_space height=\u00bb40px\u00bb][\/vc_column][\/vc_row]\" \/>\n<meta property=\"og:url\" content=\"https:\/\/www.adriabandiere.com\/es\/contactos\/\" \/>\n<meta property=\"og:site_name\" content=\"Adria Bandiere\" \/>\n<meta property=\"article:modified_time\" content=\"2023-05-23T16:57:04+00:00\" \/>\n<meta name=\"twitter:card\" content=\"summary_large_image\" \/>\n<meta name=\"twitter:label1\" content=\"Tiempo de lectura\" \/>\n\t<meta name=\"twitter:data1\" content=\"1 minuto\" \/>\n<script type=\"application\/ld+json\" class=\"yoast-schema-graph\">{\"@context\":\"https:\/\/schema.org\",\"@graph\":[{\"@type\":\"WebPage\",\"@id\":\"https:\/\/www.adriabandiere.com\/es\/contactos\/\",\"url\":\"https:\/\/www.adriabandiere.com\/es\/contactos\/\",\"name\":\"Contactos - Adria Bandiere\",\"isPartOf\":{\"@id\":\"https:\/\/www.adriabandiere.com\/es\/#website\"},\"datePublished\":\"2021-01-28T10:07:12+00:00\",\"dateModified\":\"2023-05-23T16:57:04+00:00\",\"inLanguage\":\"es\",\"potentialAction\":[{\"@type\":\"ReadAction\",\"target\":[\"https:\/\/www.adriabandiere.com\/es\/contactos\/\"]}]},{\"@type\":\"WebSite\",\"@id\":\"https:\/\/www.adriabandiere.com\/es\/#website\",\"url\":\"https:\/\/www.adriabandiere.com\/es\/\",\"name\":\"Adria Bandiere\",\"description\":\"\",\"potentialAction\":[{\"@type\":\"SearchAction\",\"target\":{\"@type\":\"EntryPoint\",\"urlTemplate\":\"https:\/\/www.adriabandiere.com\/es\/?s={search_term_string}\"},\"query-input\":\"required name=search_term_string\"}],\"inLanguage\":\"es\"}]}<\/script>\n<!-- \/ Yoast SEO Premium plugin. -->","yoast_head_json":{"title":"Contactos - Adria Bandiere","robots":{"index":"index","follow":"follow","max-snippet":"max-snippet:-1","max-image-preview":"max-image-preview:large","max-video-preview":"max-video-preview:-1"},"canonical":"https:\/\/www.adriabandiere.com\/es\/contactos\/","og_locale":"es_ES","og_type":"article","og_title":"Contactos","og_description":"[vc_row full_width=\u00bbstretch_row_content_no_spaces\u00bb el_class=\u00bboverlay_map\u00bb][vc_column reveal_effect=\u00bbfadeIn\u00bb reveal_duration=\u00bb0.1&#8243; reveal_delay=\u00bb0.1&#8243;][vc_raw_html]PGlmcmFtZSBzcmM9Imh0dHBzOi8vd3d3Lmdvb2dsZS5jb20vbWFwcy9lbWJlZD9wYj0hMW0xNCExbTghMW0zITFkMTE0NDEuNjk1MjE4OTg4OTc2ITJkMTIuMzg5Mzg3MyEzZDQ0LjE5ODMzNzEhM20yITFpMTAyNCEyaTc2OCE0ZjEzLjEhM20zITFtMiExczB4MCUzQTB4NTlkYzhkNTk3YzllOTkzNSEyc0FkcmlhJTIwQmFuZGllcmUlMjBTcmwhNWUwITNtMiExc2l0ITJzaXQhNHYxNjExNjgxMTkyODQyITVtMiExc2l0ITJzaXQiIHdpZHRoPSIxMDAlIiBoZWlnaHQ9IjYyMCIgZnJhbWVib3JkZXI9IjAiIHN0eWxlPSJib3JkZXI6MDsiIGFsbG93ZnVsbHNjcmVlbj0iIiBhcmlhLWhpZGRlbj0iZmFsc2UiIHRhYmluZGV4PSIwIj48L2lmcmFtZT4=[\/vc_raw_html][\/vc_column][\/vc_row][vc_row][vc_column width=\u00bb1\/3&#8243; reveal_effect=\u00bbfadeIn\u00bb reveal_duration=\u00bb1&#8243; reveal_delay=\u00bb0.3&#8243;][vc_column_text] L\u00ednea directa con Adria Bandiere Adria Bandiere Srl Via Arno, 23 &#8211; 47042 Cesenatico (FC) Italia Tel +39 0547 672090 Fax +39 0547 672048 Mail commerciale@adriabandiere.com WhatsApp +39 389 3193704[\/vc_column_text][\/vc_column][vc_column width=\u00bb2\/3&#8243; reveal_effect=\u00bbfadeIn\u00bb reveal_duration=\u00bb1&#8243; reveal_delay=\u00bb0.5&#8243;][\/vc_column][\/vc_row][vc_row][vc_column][vc_empty_space height=\u00bb40px\u00bb][\/vc_column][\/vc_row]","og_url":"https:\/\/www.adriabandiere.com\/es\/contactos\/","og_site_name":"Adria Bandiere","article_modified_time":"2023-05-23T16:57:04+00:00","twitter_card":"summary_large_image","twitter_misc":{"Tiempo de lectura":"1 minuto"},"schema":{"@context":"https:\/\/schema.org","@graph":[{"@type":"WebPage","@id":"https:\/\/www.adriabandiere.com\/es\/contactos\/","url":"https:\/\/www.adriabandiere.com\/es\/contactos\/","name":"Contactos - Adria Bandiere","isPartOf":{"@id":"https:\/\/www.adriabandiere.com\/es\/#website"},"datePublished":"2021-01-28T10:07:12+00:00","dateModified":"2023-05-23T16:57:04+00:00","inLanguage":"es","potentialAction":[{"@type":"ReadAction","target":["https:\/\/www.adriabandiere.com\/es\/contactos\/"]}]},{"@type":"WebSite","@id":"https:\/\/www.adriabandiere.com\/es\/#website","url":"https:\/\/www.adriabandiere.com\/es\/","name":"Adria Bandiere","description":"","potentialAction":[{"@type":"SearchAction","target":{"@type":"EntryPoint","urlTemplate":"https:\/\/www.adriabandiere.com\/es\/?s={search_term_string}"},"query-input":"required name=search_term_string"}],"inLanguage":"es"}]}},"_links":{"self":[{"href":"https:\/\/www.adriabandiere.com\/es\/wp-json\/wp\/v2\/pages\/46641","targetHints":{"allow":["GET"]}}],"collection":[{"href":"https:\/\/www.adriabandiere.com\/es\/wp-json\/wp\/v2\/pages"}],"about":[{"href":"https:\/\/www.adriabandiere.com\/es\/wp-json\/wp\/v2\/types\/page"}],"author":[{"embeddable":true,"href":"https:\/\/www.adriabandiere.com\/es\/wp-json\/wp\/v2\/users\/19"}],"replies":[{"embeddable":true,"href":"https:\/\/www.adriabandiere.com\/es\/wp-json\/wp\/v2\/comments?post=46641"}],"version-history":[{"count":5,"href":"https:\/\/www.adriabandiere.com\/es\/wp-json\/wp\/v2\/pages\/46641\/revisions"}],"predecessor-version":[{"id":54849,"href":"https:\/\/www.adriabandiere.com\/es\/wp-json\/wp\/v2\/pages\/46641\/revisions\/54849"}],"wp:attachment":[{"href":"https:\/\/www.adriabandiere.com\/es\/wp-json\/wp\/v2\/media?parent=46641"}],"curies":[{"name":"wp","href":"https:\/\/api.w.org\/{rel}","templated":true}]}}