{"id":48829,"date":"2021-01-27T15:10:44","date_gmt":"2021-01-28T14:12:38","guid":{"rendered":"https:\/\/labs.giamaica.app\/webit\/adriabandiere.com\/shop\/unkategorisiert\/japon-militar\/"},"modified":"2021-01-28T15:12:38","modified_gmt":"2021-01-28T14:12:38","slug":"japon-militar","status":"publish","type":"product","link":"https:\/\/www.adriabandiere.com\/de\/prodotti\/flaggen\/auslandische-nationen\/japon-militar\/","title":{"rendered":"JAP\u00d3N MILITAR"},"content":{"rendered":"","protected":false},"excerpt":{"rendered":"<p>Jap\u00d3n militar, cm 100&#215;150 poli\u00c9ster econ\u00d3mico<br \/>\nbg431 Jap\u00d3n militar, 20&#215;30 cm<br \/>\nbg432 Jap\u00d3n militar, 30&#215;45 cm<br \/>\nbg433 Jap\u00d3n militar, 40&#215;60 cm<br \/>\nbg434 Jap\u00d3n Militar, 50&#215;75 cm<br \/>\nbg435 Jap\u00d3n militar, 70&#215;100 cm<br \/>\nbg436 Jap\u00d3n Militar, 80&#215;120 cm<br \/>\nbg437 Jap\u00d3n Militar, 100&#215;150 cm<br \/>\nbg438 Jap\u00d3n militar, 130&#215;200 cm<br \/>\nbg439 Jap\u00d3n militar, 150&#215;225 cm<br \/>\nbg440 Jap\u00d3n Militar, 200&#215;300 cm<\/p>\n","protected":false},"featured_media":0,"template":"","meta":{"_acf_changed":false,"ngg_post_thumbnail":0},"product_brand":[],"product_cat":[478,456],"product_tag":[],"class_list":{"0":"post-48829","1":"product","2":"type-product","3":"status-publish","5":"product_cat-auslandische-nationen","6":"product_cat-flaggen","8":"first","9":"instock","10":"shipping-taxable","11":"product-type-simple"},"acf":[],"yoast_head":"<!-- This site is optimized with the Yoast SEO Premium plugin v20.11 (Yoast SEO v20.11) - https:\/\/yoast.com\/wordpress\/plugins\/seo\/ -->\n<title>JAP\u00d3N MILITAR - AdriaBandiere<\/title>\n<meta name=\"description\" content=\"Scopri JAP\u00d3N MILITAR e gli altri prodotti del catalogo di AdriaBandiere. Entra nel sito.\" \/>\n<meta name=\"robots\" content=\"index, follow, max-snippet:-1, max-image-preview:large, max-video-preview:-1\" \/>\n<link rel=\"canonical\" href=\"https:\/\/www.adriabandiere.com\/de\/prodotti\/flaggen\/auslandische-nationen\/japon-militar\/\" \/>\n<meta property=\"og:locale\" content=\"de_DE\" \/>\n<meta property=\"og:type\" content=\"article\" \/>\n<meta property=\"og:title\" content=\"JAP\u00d3N MILITAR\" \/>\n<meta property=\"og:description\" content=\"Scopri JAP\u00d3N MILITAR e gli altri prodotti del catalogo di AdriaBandiere. Entra nel sito.\" \/>\n<meta property=\"og:url\" content=\"https:\/\/www.adriabandiere.com\/de\/prodotti\/flaggen\/auslandische-nationen\/japon-militar\/\" \/>\n<meta property=\"og:site_name\" content=\"Adria Bandiere\" \/>\n<meta name=\"twitter:card\" content=\"summary_large_image\" \/>\n<script type=\"application\/ld+json\" class=\"yoast-schema-graph\">{\"@context\":\"https:\/\/schema.org\",\"@graph\":[{\"@type\":\"WebPage\",\"@id\":\"https:\/\/www.adriabandiere.com\/de\/prodotti\/flaggen\/auslandische-nationen\/japon-militar\/\",\"url\":\"https:\/\/www.adriabandiere.com\/de\/prodotti\/flaggen\/auslandische-nationen\/japon-militar\/\",\"name\":\"JAP\u00d3N MILITAR - AdriaBandiere\",\"isPartOf\":{\"@id\":\"https:\/\/www.adriabandiere.com\/de\/#website\"},\"datePublished\":\"2021-01-28T14:12:38+00:00\",\"dateModified\":\"2021-01-28T14:12:38+00:00\",\"description\":\"Scopri JAP\u00d3N MILITAR e gli altri prodotti del catalogo di AdriaBandiere. Entra nel sito.\",\"breadcrumb\":{\"@id\":\"https:\/\/www.adriabandiere.com\/de\/prodotti\/flaggen\/auslandische-nationen\/japon-militar\/#breadcrumb\"},\"inLanguage\":\"de\",\"potentialAction\":[{\"@type\":\"ReadAction\",\"target\":[\"https:\/\/www.adriabandiere.com\/de\/prodotti\/flaggen\/auslandische-nationen\/japon-militar\/\"]}]},{\"@type\":\"BreadcrumbList\",\"@id\":\"https:\/\/www.adriabandiere.com\/de\/prodotti\/flaggen\/auslandische-nationen\/japon-militar\/#breadcrumb\",\"itemListElement\":[{\"@type\":\"ListItem\",\"position\":1,\"name\":\"Prodotti\",\"item\":\"https:\/\/www.adriabandiere.com\/it\/prodotti\/\"},{\"@type\":\"ListItem\",\"position\":2,\"name\":\"JAP\u00d3N MILITAR\"}]},{\"@type\":\"WebSite\",\"@id\":\"https:\/\/www.adriabandiere.com\/de\/#website\",\"url\":\"https:\/\/www.adriabandiere.com\/de\/\",\"name\":\"Adria Bandiere\",\"description\":\"\",\"potentialAction\":[{\"@type\":\"SearchAction\",\"target\":{\"@type\":\"EntryPoint\",\"urlTemplate\":\"https:\/\/www.adriabandiere.com\/de\/?s={search_term_string}\"},\"query-input\":\"required name=search_term_string\"}],\"inLanguage\":\"de\"}]}<\/script>\n<!-- \/ Yoast SEO Premium plugin. -->","yoast_head_json":{"title":"JAP\u00d3N MILITAR - AdriaBandiere","description":"Scopri JAP\u00d3N MILITAR e gli altri prodotti del catalogo di AdriaBandiere. Entra nel sito.","robots":{"index":"index","follow":"follow","max-snippet":"max-snippet:-1","max-image-preview":"max-image-preview:large","max-video-preview":"max-video-preview:-1"},"canonical":"https:\/\/www.adriabandiere.com\/de\/prodotti\/flaggen\/auslandische-nationen\/japon-militar\/","og_locale":"de_DE","og_type":"article","og_title":"JAP\u00d3N MILITAR","og_description":"Scopri JAP\u00d3N MILITAR e gli altri prodotti del catalogo di AdriaBandiere. Entra nel sito.","og_url":"https:\/\/www.adriabandiere.com\/de\/prodotti\/flaggen\/auslandische-nationen\/japon-militar\/","og_site_name":"Adria Bandiere","twitter_card":"summary_large_image","schema":{"@context":"https:\/\/schema.org","@graph":[{"@type":"WebPage","@id":"https:\/\/www.adriabandiere.com\/de\/prodotti\/flaggen\/auslandische-nationen\/japon-militar\/","url":"https:\/\/www.adriabandiere.com\/de\/prodotti\/flaggen\/auslandische-nationen\/japon-militar\/","name":"JAP\u00d3N MILITAR - AdriaBandiere","isPartOf":{"@id":"https:\/\/www.adriabandiere.com\/de\/#website"},"datePublished":"2021-01-28T14:12:38+00:00","dateModified":"2021-01-28T14:12:38+00:00","description":"Scopri JAP\u00d3N MILITAR e gli altri prodotti del catalogo di AdriaBandiere. Entra nel sito.","breadcrumb":{"@id":"https:\/\/www.adriabandiere.com\/de\/prodotti\/flaggen\/auslandische-nationen\/japon-militar\/#breadcrumb"},"inLanguage":"de","potentialAction":[{"@type":"ReadAction","target":["https:\/\/www.adriabandiere.com\/de\/prodotti\/flaggen\/auslandische-nationen\/japon-militar\/"]}]},{"@type":"BreadcrumbList","@id":"https:\/\/www.adriabandiere.com\/de\/prodotti\/flaggen\/auslandische-nationen\/japon-militar\/#breadcrumb","itemListElement":[{"@type":"ListItem","position":1,"name":"Prodotti","item":"https:\/\/www.adriabandiere.com\/it\/prodotti\/"},{"@type":"ListItem","position":2,"name":"JAP\u00d3N MILITAR"}]},{"@type":"WebSite","@id":"https:\/\/www.adriabandiere.com\/de\/#website","url":"https:\/\/www.adriabandiere.com\/de\/","name":"Adria Bandiere","description":"","potentialAction":[{"@type":"SearchAction","target":{"@type":"EntryPoint","urlTemplate":"https:\/\/www.adriabandiere.com\/de\/?s={search_term_string}"},"query-input":"required name=search_term_string"}],"inLanguage":"de"}]}},"_links":{"self":[{"href":"https:\/\/www.adriabandiere.com\/de\/wp-json\/wp\/v2\/product\/48829","targetHints":{"allow":["GET"]}}],"collection":[{"href":"https:\/\/www.adriabandiere.com\/de\/wp-json\/wp\/v2\/product"}],"about":[{"href":"https:\/\/www.adriabandiere.com\/de\/wp-json\/wp\/v2\/types\/product"}],"wp:attachment":[{"href":"https:\/\/www.adriabandiere.com\/de\/wp-json\/wp\/v2\/media?parent=48829"}],"wp:term":[{"taxonomy":"product_brand","embeddable":true,"href":"https:\/\/www.adriabandiere.com\/de\/wp-json\/wp\/v2\/product_brand?post=48829"},{"taxonomy":"product_cat","embeddable":true,"href":"https:\/\/www.adriabandiere.com\/de\/wp-json\/wp\/v2\/product_cat?post=48829"},{"taxonomy":"product_tag","embeddable":true,"href":"https:\/\/www.adriabandiere.com\/de\/wp-json\/wp\/v2\/product_tag?post=48829"}],"curies":[{"name":"wp","href":"https:\/\/api.w.org\/{rel}","templated":true}]}}