{"id":46621,"date":"2021-01-28T11:03:55","date_gmt":"2021-01-28T10:03:55","guid":{"rendered":"https:\/\/labs.giamaica.app\/webit\/adriabandiere.com\/zuhause\/"},"modified":"2023-06-13T18:01:22","modified_gmt":"2023-06-13T16:01:22","slug":"zuhause","status":"publish","type":"page","link":"https:\/\/www.adriabandiere.com\/de\/","title":{"rendered":"Zuhause"},"content":{"rendered":"<div class=\"wpb-content-wrapper\">[vc_row full_width=&#8220;stretch_row_content_no_spaces&#8220; css_animation=&#8220;fadeIn&#8220;][vc_column]\t\t\t<script src=\"\/\/www.adriabandiere.com\/wp-content\/plugins\/revslider\/sr6\/assets\/js\/rbtools.min.js?rev=6.7.40\"><\/script>\n\t\t\t<script src=\"\/\/www.adriabandiere.com\/wp-content\/plugins\/revslider\/sr6\/assets\/js\/rs6.min.js?rev=6.7.40\"><\/script>\n\n\t\t\t<!-- START Homepage REVOLUTION SLIDER 6.7.40 --><p class=\"rs-p-wp-fix\"><\/p>\n\t\t\t<rs-module-wrap id=\"rev_slider_1_1_wrapper\" data-source=\"gallery\" style=\"visibility:hidden;background:#eeeeee;padding:0;\">\n\t\t\t\t<rs-module id=\"rev_slider_1_1\" style=\"\" data-version=\"6.7.40\">\n\t\t\t\t\t<rs-slides style=\"overflow: hidden; position: absolute;\">\n\t\t\t\t\t\t<rs-slide style=\"position: absolute;\" data-key=\"rs-6\" data-title=\"Video\" data-anim=\"adpr:false;\" data-in=\"o:0;\" data-out=\"a:false;\">\n\t\t\t\t\t\t\t<img decoding=\"async\" src=\"\/\/www.adriabandiere.com\/wp-content\/plugins\/revslider\/sr6\/assets\/assets\/dummy.png\" alt=\"Video\" title=\"Zuhause\" class=\"rev-slidebg tp-rs-img rs-lazyload\" data-lazyload=\"\/\/www.adriabandiere.com\/wp-content\/plugins\/revslider\/sr6\/assets\/assets\/transparent.png\" data-bg=\"p:center top;\" data-parallax=\"off\" data-no-retina>\n<!--\n\t\t\t\t\t\t\t--><rs-layer\n\t\t\t\t\t\t\t\tid=\"slider-1-slide-6-layer-0\" \n\t\t\t\t\t\t\t\tdata-type=\"image\"\n\t\t\t\t\t\t\t\tdata-rsp_ch=\"on\"\n\t\t\t\t\t\t\t\tdata-xy=\"x:c;y:m;\"\n\t\t\t\t\t\t\t\tdata-text=\"w:normal;s:20,17,12,7;l:0,22,16,9;\"\n\t\t\t\t\t\t\t\tdata-dim=\"w:2560px,2299px,1746px,1960px;h:1440px,1293px,982px,1320px;\"\n\t\t\t\t\t\t\t\tdata-frame_999=\"o:0;st:w;\"\n\t\t\t\t\t\t\t\tstyle=\"z-index:9;\"\n\t\t\t\t\t\t\t><img decoding=\"async\" src=\"\/\/www.adriabandiere.com\/wp-content\/plugins\/revslider\/sr6\/assets\/assets\/dummy.png\" alt=\"\" class=\"tp-rs-img rs-lazyload\" width=\"1900\" height=\"1280\" data-lazyload=\"\/\/www.adriabandiere.com\/wp-content\/uploads\/revslider\/homepage\/bg_gradient_AB.png\" data-no-retina> \n\t\t\t\t\t\t\t<\/rs-layer><!--\n\n\t\t\t\t\t\t\t--><rs-layer\n\t\t\t\t\t\t\t\tid=\"slider-1-slide-6-layer-1\" \n\t\t\t\t\t\t\t\tclass=\"custom-slider-text rs-pxl-3\"\n\t\t\t\t\t\t\t\tdata-type=\"text\"\n\t\t\t\t\t\t\t\tdata-color=\"rgba(255, 255, 255, 1)\"\n\t\t\t\t\t\t\t\tdata-rsp_ch=\"on\"\n\t\t\t\t\t\t\t\tdata-xy=\"x:c;y:m;\"\n\t\t\t\t\t\t\t\tdata-text=\"w:normal;s:54,24,24,42;l:28;ls:1px;fw:700,300,300,700;a:center;\"\n\t\t\t\t\t\t\t\tdata-dim=\"w:800px,800px,750px,460px;h:50px,80px,auto,163px;\"\n\t\t\t\t\t\t\t\tdata-frame_0=\"o:1;\"\n\t\t\t\t\t\t\t\tdata-frame_0_lines=\"d:10;y:50px;o:0;\"\n\t\t\t\t\t\t\t\tdata-frame_1=\"e:easeOutCirc;st:1400;sR:1400;\"\n\t\t\t\t\t\t\t\tdata-frame_1_lines=\"d:10;\"\n\t\t\t\t\t\t\t\tdata-frame_999=\"st:w;sR:7300;auto:true;\"\n\t\t\t\t\t\t\t\tstyle=\"z-index:12;font-family:'Source Sans Pro';\"\n\t\t\t\t\t\t\t>Adria Bandiere \n\t\t\t\t\t\t\t<\/rs-layer><!--\n\n\t\t\t\t\t\t\t--><rs-layer\n\t\t\t\t\t\t\t\tid=\"slider-1-slide-6-layer-3\" \n\t\t\t\t\t\t\t\tclass=\"slider-text rs-pxl-3\"\n\t\t\t\t\t\t\t\tdata-type=\"text\"\n\t\t\t\t\t\t\t\tdata-color=\"rgba(255, 255, 255, 1)\"\n\t\t\t\t\t\t\t\tdata-rsp_ch=\"on\"\n\t\t\t\t\t\t\t\tdata-xy=\"x:c;y:m;yo:68px,35px,33px,77px;\"\n\t\t\t\t\t\t\t\tdata-text=\"w:normal;s:24;l:28;fw:300;a:center;\"\n\t\t\t\t\t\t\t\tdata-dim=\"w:800px,800px,750px,460px;h:80px,80px,auto,163px;\"\n\t\t\t\t\t\t\t\tdata-frame_0=\"o:1;\"\n\t\t\t\t\t\t\t\tdata-frame_0_lines=\"d:10;y:50px;o:0;\"\n\t\t\t\t\t\t\t\tdata-frame_1=\"e:easeOutCirc;st:1400;sR:1400;\"\n\t\t\t\t\t\t\t\tdata-frame_1_lines=\"d:10;\"\n\t\t\t\t\t\t\t\tdata-frame_999=\"st:w;sR:7300;auto:true;\"\n\t\t\t\t\t\t\t\tstyle=\"z-index:11;font-family:'Roboto';\"\n\t\t\t\t\t\t\t>F\u00fchrend in der Flaggenherstellung. \n\t\t\t\t\t\t\t<\/rs-layer><!--\n\n\t\t\t\t\t\t\t--><rs-layer\n\t\t\t\t\t\t\t\tid=\"slider-1-slide-6-layer-6\" \n\t\t\t\t\t\t\t\tclass=\"rs-layer-video intrinsic-ignore\"\n\t\t\t\t\t\t\t\tdata-type=\"video\"\n\t\t\t\t\t\t\t\tdata-rsp_ch=\"on\"\n\t\t\t\t\t\t\t\tdata-xy=\"x:c;y:m;\"\n\t\t\t\t\t\t\t\tdata-text=\"w:normal;s:20,17,12,7;l:0,22,16,9;\"\n\t\t\t\t\t\t\t\tdata-dim=\"w:2560px,2299px,1960px,2600px;h:1440px,1293px,1103px,1463px;\"\n\t\t\t\t\t\t\t\tdata-video=\"vd:100;l:true;ptimer:false;nse:f;\"\n\t\t\t\t\t\t\t\tdata-ytid=\"K_MRVvUXS4o\"\n\t\t\t\t\t\t\t\tdata-vatr=\"version=3&amp;enablejsapi=1&amp;html5=1&amp;hd=1&amp;wmode=opaque&amp;showinfo=0&amp;rel=0&amp;origin=https:\/\/www.adriabandiere.com;\"\n\t\t\t\t\t\t\t\tdata-frame_999=\"o:0;st:w;\"\n\t\t\t\t\t\t\t\tstyle=\"z-index:8;\"\n\t\t\t\t\t\t\t>\n\t\t\t\t\t\t\t<\/rs-layer><!--\n\n\t\t\t\t\t\t\t--><rs-layer\n\t\t\t\t\t\t\t\tid=\"slider-1-slide-6-layer-14\" \n\t\t\t\t\t\t\t\tclass=\"rev-scroll-btn rev-b-span-light\"\n\t\t\t\t\t\t\t\tdata-type=\"button\"\n\t\t\t\t\t\t\t\tdata-rsp_ch=\"on\"\n\t\t\t\t\t\t\t\tdata-xy=\"x:c;y:b;\"\n\t\t\t\t\t\t\t\tdata-text=\"w:normal;s:13,11,8,4;l:16,14,10,6;ls:1,0,0,0;\"\n\t\t\t\t\t\t\t\tdata-dim=\"w:27,24,18,11;h:43,38,28,17;minw:27,none,none,none;minh:43,none,none,none;\"\n\t\t\t\t\t\t\t\tdata-vbility=\"t,t,f,f\"\n\t\t\t\t\t\t\t\tdata-actions='o:click;a:scrollbelow;sp:1000ms;e:power1.inOut;'\n\t\t\t\t\t\t\t\tdata-padding=\"t:17,15,11,7;r:11,10,8,5;b:17,15,11,7;l:11,10,8,5;\"\n\t\t\t\t\t\t\t\tdata-border=\"bos:solid;boc:rgba(255,255,255,0.75);bow:3px,3px,3px,3px;bor:18px,18px,18px,18px;\"\n\t\t\t\t\t\t\t\tdata-frame_999=\"o:0;st:w;\"\n\t\t\t\t\t\t\t\tstyle=\"z-index:10;font-family:'Roboto';text-transform:uppercase;\"\n\t\t\t\t\t\t\t><span><\/span><span><\/span><span><\/span> \n\t\t\t\t\t\t\t<\/rs-layer><!--\n-->\t\t\t\t\t<\/rs-slide>\n\t\t\t\t\t<\/rs-slides>\n\t\t\t\t\t<rs-static-layers><!--\n\n\t\t\t\t\t\t\t--><rs-layer\n\t\t\t\t\t\t\t\tid=\"slider-1-slide-1-layer-2\" \n\t\t\t\t\t\t\t\tclass=\"rs-layer-static\"\n\t\t\t\t\t\t\t\tdata-type=\"image\"\n\t\t\t\t\t\t\t\tdata-rsp_ch=\"on\"\n\t\t\t\t\t\t\t\tdata-xy=\"x:c;y:m;yo:-180px,-180px,-136px,-160px;\"\n\t\t\t\t\t\t\t\tdata-text=\"w:normal;s:20,17,12,7;l:0,22,16,9;\"\n\t\t\t\t\t\t\t\tdata-dim=\"w:180px,161px,122px,75px;h:186px,167px,126px,77px;\"\n\t\t\t\t\t\t\t\tdata-onslides=\"s:1;\"\n\t\t\t\t\t\t\t\tdata-border=\"bor:12px,12px,12px,12px;\"\n\t\t\t\t\t\t\t\tdata-frame_1=\"sp:500;\"\n\t\t\t\t\t\t\t\tdata-frame_999=\"o:0;st:w;\"\n\t\t\t\t\t\t\t\tstyle=\"z-index:5;\"\n\t\t\t\t\t\t\t><img decoding=\"async\" src=\"\/\/www.adriabandiere.com\/wp-content\/plugins\/revslider\/sr6\/assets\/assets\/dummy.png\" alt=\"\" class=\"tp-rs-img rs-lazyload\" width=\"600\" height=\"620\" data-lazyload=\"\/\/www.adriabandiere.com\/wp-content\/uploads\/2023\/10\/50esimoNUOVO-ORO-NOLOGO.jpg\" data-no-retina> \n\t\t\t\t\t\t\t<\/rs-layer><!--\n\t\t\t\t\t--><\/rs-static-layers>\n\t\t\t\t<\/rs-module>\n\t\t\t\t<script>\n\t\t\t\t\tsetREVStartSize({c: 'rev_slider_1_1',rl:[1240,1024,778,480],el:[700,768,960,720],gw:[1140,1024,778,480],gh:[700,768,960,720],type:'standard',justify:'',layout:'fullscreen',offsetContainer:'',offset:'',mh:\"0\"});if (window.RS_MODULES!==undefined && window.RS_MODULES.modules!==undefined && window.RS_MODULES.modules[\"revslider11\"]!==undefined) {window.RS_MODULES.modules[\"revslider11\"].once = false;window.revapi1 = undefined;if (window.RS_MODULES.checkMinimal!==undefined) window.RS_MODULES.checkMinimal()}\n\t\t\t\t<\/script>\n\t\t\t<\/rs-module-wrap>\n\t\t\t<!-- END REVOLUTION SLIDER -->\n[\/vc_column][\/vc_row][vc_row css=&#8220;.vc_custom_1611694599473{margin-top: 70px !important;}&#8220;][vc_column][lab_heading title=&#8220;Produkte&#8220;]Schauen Sie sich den Online-Katalog mit Flaggen, Flaggenzubeh\u00f6r, gestickter nautischer Bettw\u00e4sche und personalisierten Artikeln an. Alle unsere Flaggen werden mit Leidenschaft in Italien hergestellt.[\/lab_heading][vc_row_inner][vc_column_inner width=&#8220;1\/2&#8243;][vc_hoverbox image=&#8220;46495&#8243; primary_title=&#8220;ZUBEH\u00d6R&#8220; hover_title=&#8220;ZUBEH\u00d6R&#8220; shape=&#8220;square&#8220; hover_btn_title=&#8220;Gehen Sie zu Zubeh\u00f6r&#8220; hover_btn_style=&#8220;custom&#8220; hover_btn_custom_background=&#8220;#0f2053&#8243; hover_btn_custom_text=&#8220;#ffffff&#8220; hover_btn_shape=&#8220;square&#8220; hover_btn_size=&#8220;lg&#8220; css_animation=&#8220;fadeIn&#8220; hover_add_button=&#8220;true&#8220; css=&#8220;.vc_custom_1612354697328{margin-top: 30px !important;margin-bottom: 30px !important;}&#8220; hover_btn_link=&#8220;url:https%3A%2F%2Fwww.adriabandiere.com%2Fde%2Fprodukt-kategorie%2Fzubehor%2F|&#8220;][\/vc_hoverbox][\/vc_column_inner][vc_column_inner width=&#8220;1\/2&#8243;][vc_hoverbox image=&#8220;46500&#8243; primary_title=&#8220;FLAGGEN&#8220; hover_title=&#8220;FLAGGEN&#8220; shape=&#8220;square&#8220; hover_btn_title=&#8220;Gehe zu Flaggen&#8220; hover_btn_style=&#8220;custom&#8220; hover_btn_custom_background=&#8220;#0f2053&#8243; hover_btn_custom_text=&#8220;#ffffff&#8220; hover_btn_shape=&#8220;square&#8220; hover_btn_size=&#8220;lg&#8220; css_animation=&#8220;fadeIn&#8220; hover_add_button=&#8220;true&#8220; css=&#8220;.vc_custom_1612354708209{margin-top: 30px !important;margin-bottom: 30px !important;}&#8220; hover_btn_link=&#8220;url:https%3A%2F%2Fwww.adriabandiere.com%2Fde%2Fprodukt-kategorie%2Fflaggen%2F|&#8220;][\/vc_hoverbox][\/vc_column_inner][\/vc_row_inner][vc_row_inner][vc_column_inner width=&#8220;1\/2&#8243;][vc_hoverbox image=&#8220;46506&#8243; primary_title=&#8220;NAUTISCHE BESTICKTE W\u00c4SCHE&#8220; hover_title=&#8220;NAUTISCHE BESTICKTE W\u00c4SCHE&#8220; shape=&#8220;square&#8220; hover_btn_title=&#8220;Gehe zu Nautical Embroidered Linen&#8220; hover_btn_style=&#8220;custom&#8220; hover_btn_custom_background=&#8220;#0f2053&#8243; hover_btn_custom_text=&#8220;#ffffff&#8220; hover_btn_shape=&#8220;square&#8220; hover_btn_size=&#8220;lg&#8220; css_animation=&#8220;fadeIn&#8220; hover_add_button=&#8220;true&#8220; css=&#8220;.vc_custom_1612354721103{margin-top: 30px !important;margin-bottom: 30px !important;}&#8220; hover_btn_link=&#8220;url:https%3A%2F%2Fwww.adriabandiere.com%2Fde%2Fprodukt-kategorie%2Fnautisch-besticktes-leinen%2F|&#8220;][\/vc_hoverbox][\/vc_column_inner][vc_column_inner width=&#8220;1\/2&#8243;][vc_hoverbox image=&#8220;46511&#8243; primary_title=&#8220;PERSONALISIERTE EINZELTEILE&#8220; hover_title=&#8220;PERSONALISIERTE EINZELTEILE&#8220; shape=&#8220;square&#8220; hover_btn_title=&#8220;Gehen Sie zu Personalisierte Elemente&#8220; hover_btn_style=&#8220;custom&#8220; hover_btn_custom_background=&#8220;#0f2053&#8243; hover_btn_custom_text=&#8220;#ffffff&#8220; hover_btn_shape=&#8220;square&#8220; hover_btn_size=&#8220;lg&#8220; css_animation=&#8220;fadeIn&#8220; hover_add_button=&#8220;true&#8220; css=&#8220;.vc_custom_1612354732301{margin-top: 30px !important;margin-bottom: 30px !important;}&#8220; hover_btn_link=&#8220;url:https%3A%2F%2Fwww.adriabandiere.com%2Fde%2Fprodukt-kategorie%2Fpersonalisierte-artikel%2F|&#8220;][\/vc_hoverbox][\/vc_column_inner][\/vc_row_inner][vc_btn title=&#8220;SIEHE ALLE PRODUKTE&#8220; style=&#8220;custom&#8220; custom_background=&#8220;#0f2053&#8243; custom_text=&#8220;#ffffff&#8220; shape=&#8220;square&#8220; size=&#8220;lg&#8220; align=&#8220;center&#8220; css_animation=&#8220;fadeIn&#8220; link=&#8220;url:https%3A%2F%2Fwww.adriabandiere.com%2Fde%2Fprodukte%2F|title:Produkte|&#8220;][vc_empty_space height=&#8220;30px&#8220;][\/vc_column][\/vc_row][vc_row][vc_column width=&#8220;1\/2&#8243;][vc_btn title=&#8220;KATALOG ANFORDERN&#8220; style=&#8220;custom&#8220; custom_background=&#8220;#0f2053&#8243; custom_text=&#8220;#ffffff&#8220; shape=&#8220;square&#8220; size=&#8220;lg&#8220; align=&#8220;center&#8220; i_icon_fontawesome=&#8220;fas fa-file-alt&#8220; css_animation=&#8220;fadeIn&#8220; button_block=&#8220;true&#8220; add_icon=&#8220;true&#8220; link=&#8220;url:https%3A%2F%2Fwww.adriabandiere.com%2Fde%2Fkatalog%2F|title:Katalog|&#8220;][\/vc_column][vc_column width=&#8220;1\/2&#8243;][vc_btn title=&#8220;KONTAKTIERE UNS&#8220; style=&#8220;custom&#8220; custom_background=&#8220;#0f2053&#8243; custom_text=&#8220;#ffffff&#8220; shape=&#8220;square&#8220; size=&#8220;lg&#8220; align=&#8220;center&#8220; i_icon_fontawesome=&#8220;fas fa-envelope&#8220; css_animation=&#8220;fadeIn&#8220; button_block=&#8220;true&#8220; add_icon=&#8220;true&#8220; link=&#8220;url:https%3A%2F%2Fwww.adriabandiere.com%2Fde%2Fkontakte%2F|title:Kontakte|&#8220;][\/vc_column][\/vc_row][vc_row][vc_column][lab_heading title=&#8220;Adria Flags Magazine&#8220;]Veranstaltungen, Neuigkeiten und Updates zu Adria Bandiere und zur Produktion von Made in Italy-Flaggen.[\/lab_heading][lab_blog_posts blog_posts_options=&#8220;&#8220; hover_layer_icon=&#8220;custom&#8220; blog_query=&#8220;size:6|order_by:date|post_type:post&#8220; el_class=&#8220;class-custom-news&#8220;][vc_btn title=&#8220;LESEN SIE ALLE NACHRICHTEN&#8220; style=&#8220;custom&#8220; custom_background=&#8220;#0f2053&#8243; custom_text=&#8220;#ffffff&#8220; shape=&#8220;square&#8220; size=&#8220;lg&#8220; align=&#8220;center&#8220; css_animation=&#8220;fadeIn&#8220; link=&#8220;url:https%3A%2F%2Fwww.adriabandiere.com%2Fde%2Fzeitschrift%2F|title:Zeitschrift|&#8220;][\/vc_column][\/vc_row]\n<\/div>","protected":false},"excerpt":{"rendered":"<p>[vc_row full_width=&#8220;stretch_row_content_no_spaces&#8220; css_animation=&#8220;fadeIn&#8220;][vc_column][\/vc_column][\/vc_row][vc_row css=&#8220;.vc_custom_1611694599473{margin-top: 70px !important;}&#8220;][vc_column][lab_heading title=&#8220;Produkte&#8220;]Schauen Sie sich den Online-Katalog mit Flaggen, Flaggenzubeh\u00f6r, gestickter nautischer Bettw\u00e4sche und personalisierten Artikeln an. Alle unsere Flaggen werden mit Leidenschaft in Italien hergestellt.[\/lab_heading][vc_row_inner][vc_column_inner width=&#8220;1\/2&#8243;][vc_hoverbox image=&#8220;46495&#8243; primary_title=&#8220;ZUBEH\u00d6R&#8220; hover_title=&#8220;ZUBEH\u00d6R&#8220; shape=&#8220;square&#8220; hover_btn_title=&#8220;Gehen Sie zu Zubeh\u00f6r&#8220; hover_btn_style=&#8220;custom&#8220; hover_btn_custom_background=&#8220;#0f2053&#8243; hover_btn_custom_text=&#8220;#ffffff&#8220; hover_btn_shape=&#8220;square&#8220; hover_btn_size=&#8220;lg&#8220; css_animation=&#8220;fadeIn&#8220; hover_add_button=&#8220;true&#8220; css=&#8220;.vc_custom_1612354697328{margin-top: 30px !important;margin-bottom: 30px !important;}&#8220; hover_btn_link=&#8220;url:https%3A%2F%2Fwww.adriabandiere.com%2Fde%2Fprodukt-kategorie%2Fzubehor%2F|&#8220;][\/vc_hoverbox][\/vc_column_inner][vc_column_inner width=&#8220;1\/2&#8243;][vc_hoverbox image=&#8220;46500&#8243; primary_title=&#8220;FLAGGEN&#8220;&hellip;<\/p>\n","protected":false},"author":19,"featured_media":0,"parent":0,"menu_order":0,"comment_status":"closed","ping_status":"closed","template":"","meta":{"_acf_changed":false,"ngg_post_thumbnail":0,"footnotes":""},"class_list":["post-46621","page","type-page","status-publish","hentry"],"acf":[],"yoast_head":"<!-- This site is optimized with the Yoast SEO Premium plugin v20.11 (Yoast SEO v20.11) - https:\/\/yoast.com\/wordpress\/plugins\/seo\/ -->\n<title>Adria Flaggen<\/title>\n<meta name=\"description\" content=\"Produktion und Verkauf von Flaggen und kundenspezifischem Zubeh\u00f6r f\u00fcr in Italien von Adria Banidiere hergestellte Flaggen. Schauen Sie sich den Online-Katalog an.\" \/>\n<meta name=\"robots\" content=\"index, follow, max-snippet:-1, max-image-preview:large, max-video-preview:-1\" \/>\n<link rel=\"canonical\" href=\"https:\/\/www.adriabandiere.com\/de\/\" \/>\n<meta property=\"og:locale\" content=\"de_DE\" \/>\n<meta property=\"og:type\" content=\"article\" \/>\n<meta property=\"og:title\" content=\"Zuhause\" \/>\n<meta property=\"og:description\" content=\"Produktion und Verkauf von Flaggen und kundenspezifischem Zubeh\u00f6r f\u00fcr in Italien von Adria Banidiere hergestellte Flaggen. Schauen Sie sich den Online-Katalog an.\" \/>\n<meta property=\"og:url\" content=\"https:\/\/www.adriabandiere.com\/de\/\" \/>\n<meta property=\"og:site_name\" content=\"Adria Bandiere\" \/>\n<meta property=\"article:modified_time\" content=\"2023-06-13T16:01:22+00:00\" \/>\n<meta name=\"twitter:card\" content=\"summary_large_image\" \/>\n<meta name=\"twitter:label1\" content=\"Gesch\u00e4tzte Lesezeit\" \/>\n\t<meta name=\"twitter:data1\" content=\"1\u00a0Minute\" \/>\n<script type=\"application\/ld+json\" class=\"yoast-schema-graph\">{\"@context\":\"https:\/\/schema.org\",\"@graph\":[{\"@type\":\"WebPage\",\"@id\":\"https:\/\/www.adriabandiere.com\/de\/\",\"url\":\"https:\/\/www.adriabandiere.com\/de\/\",\"name\":\"Adria Flaggen\",\"isPartOf\":{\"@id\":\"https:\/\/www.adriabandiere.com\/de\/#website\"},\"datePublished\":\"2021-01-28T10:03:55+00:00\",\"dateModified\":\"2023-06-13T16:01:22+00:00\",\"description\":\"Produktion und Verkauf von Flaggen und kundenspezifischem Zubeh\u00f6r f\u00fcr in Italien von Adria Banidiere hergestellte Flaggen. Schauen Sie sich den Online-Katalog an.\",\"inLanguage\":\"de\",\"potentialAction\":[{\"@type\":\"ReadAction\",\"target\":[\"https:\/\/www.adriabandiere.com\/de\/\"]}]},{\"@type\":\"WebSite\",\"@id\":\"https:\/\/www.adriabandiere.com\/de\/#website\",\"url\":\"https:\/\/www.adriabandiere.com\/de\/\",\"name\":\"Adria Bandiere\",\"description\":\"\",\"potentialAction\":[{\"@type\":\"SearchAction\",\"target\":{\"@type\":\"EntryPoint\",\"urlTemplate\":\"https:\/\/www.adriabandiere.com\/de\/?s={search_term_string}\"},\"query-input\":\"required name=search_term_string\"}],\"inLanguage\":\"de\"}]}<\/script>\n<!-- \/ Yoast SEO Premium plugin. -->","yoast_head_json":{"title":"Adria Flaggen","description":"Produktion und Verkauf von Flaggen und kundenspezifischem Zubeh\u00f6r f\u00fcr in Italien von Adria Banidiere hergestellte Flaggen. Schauen Sie sich den Online-Katalog an.","robots":{"index":"index","follow":"follow","max-snippet":"max-snippet:-1","max-image-preview":"max-image-preview:large","max-video-preview":"max-video-preview:-1"},"canonical":"https:\/\/www.adriabandiere.com\/de\/","og_locale":"de_DE","og_type":"article","og_title":"Zuhause","og_description":"Produktion und Verkauf von Flaggen und kundenspezifischem Zubeh\u00f6r f\u00fcr in Italien von Adria Banidiere hergestellte Flaggen. Schauen Sie sich den Online-Katalog an.","og_url":"https:\/\/www.adriabandiere.com\/de\/","og_site_name":"Adria Bandiere","article_modified_time":"2023-06-13T16:01:22+00:00","twitter_card":"summary_large_image","twitter_misc":{"Gesch\u00e4tzte Lesezeit":"1\u00a0Minute"},"schema":{"@context":"https:\/\/schema.org","@graph":[{"@type":"WebPage","@id":"https:\/\/www.adriabandiere.com\/de\/","url":"https:\/\/www.adriabandiere.com\/de\/","name":"Adria Flaggen","isPartOf":{"@id":"https:\/\/www.adriabandiere.com\/de\/#website"},"datePublished":"2021-01-28T10:03:55+00:00","dateModified":"2023-06-13T16:01:22+00:00","description":"Produktion und Verkauf von Flaggen und kundenspezifischem Zubeh\u00f6r f\u00fcr in Italien von Adria Banidiere hergestellte Flaggen. Schauen Sie sich den Online-Katalog an.","inLanguage":"de","potentialAction":[{"@type":"ReadAction","target":["https:\/\/www.adriabandiere.com\/de\/"]}]},{"@type":"WebSite","@id":"https:\/\/www.adriabandiere.com\/de\/#website","url":"https:\/\/www.adriabandiere.com\/de\/","name":"Adria Bandiere","description":"","potentialAction":[{"@type":"SearchAction","target":{"@type":"EntryPoint","urlTemplate":"https:\/\/www.adriabandiere.com\/de\/?s={search_term_string}"},"query-input":"required name=search_term_string"}],"inLanguage":"de"}]}},"_links":{"self":[{"href":"https:\/\/www.adriabandiere.com\/de\/wp-json\/wp\/v2\/pages\/46621","targetHints":{"allow":["GET"]}}],"collection":[{"href":"https:\/\/www.adriabandiere.com\/de\/wp-json\/wp\/v2\/pages"}],"about":[{"href":"https:\/\/www.adriabandiere.com\/de\/wp-json\/wp\/v2\/types\/page"}],"author":[{"embeddable":true,"href":"https:\/\/www.adriabandiere.com\/de\/wp-json\/wp\/v2\/users\/19"}],"replies":[{"embeddable":true,"href":"https:\/\/www.adriabandiere.com\/de\/wp-json\/wp\/v2\/comments?post=46621"}],"version-history":[{"count":27,"href":"https:\/\/www.adriabandiere.com\/de\/wp-json\/wp\/v2\/pages\/46621\/revisions"}],"predecessor-version":[{"id":55468,"href":"https:\/\/www.adriabandiere.com\/de\/wp-json\/wp\/v2\/pages\/46621\/revisions\/55468"}],"wp:attachment":[{"href":"https:\/\/www.adriabandiere.com\/de\/wp-json\/wp\/v2\/media?parent=46621"}],"curies":[{"name":"wp","href":"https:\/\/api.w.org\/{rel}","templated":true}]}}