{"id":46617,"date":"2021-01-28T11:03:06","date_gmt":"2021-01-28T10:03:06","guid":{"rendered":"https:\/\/labs.giamaica.app\/webit\/adriabandiere.com\/kontakte\/"},"modified":"2023-05-23T18:56:39","modified_gmt":"2023-05-23T16:56:39","slug":"kontakte","status":"publish","type":"page","link":"https:\/\/www.adriabandiere.com\/de\/kontakte\/","title":{"rendered":"Kontakte"},"content":{"rendered":"<div class=\"wpb-content-wrapper\">[vc_row full_width=&#8220;stretch_row_content_no_spaces&#8220; el_class=&#8220;overlay_map&#8220;][vc_column reveal_effect=&#8220;fadeIn&#8220; reveal_duration=&#8220;0.1&#8243; reveal_delay=&#8220;0.1&#8243;][vc_raw_html]PGlmcmFtZSBzcmM9Imh0dHBzOi8vd3d3Lmdvb2dsZS5jb20vbWFwcy9lbWJlZD9wYj0hMW0xNCExbTghMW0zITFkMTE0NDEuNjk1MjE4OTg4OTc2ITJkMTIuMzg5Mzg3MyEzZDQ0LjE5ODMzNzEhM20yITFpMTAyNCEyaTc2OCE0ZjEzLjEhM20zITFtMiExczB4MCUzQTB4NTlkYzhkNTk3YzllOTkzNSEyc0FkcmlhJTIwQmFuZGllcmUlMjBTcmwhNWUwITNtMiExc2l0ITJzaXQhNHYxNjExNjgxMTkyODQyITVtMiExc2l0ITJzaXQiIHdpZHRoPSIxMDAlIiBoZWlnaHQ9IjYyMCIgZnJhbWVib3JkZXI9IjAiIHN0eWxlPSJib3JkZXI6MDsiIGFsbG93ZnVsbHNjcmVlbj0iIiBhcmlhLWhpZGRlbj0iZmFsc2UiIHRhYmluZGV4PSIwIj48L2lmcmFtZT4=[\/vc_raw_html][\/vc_column][\/vc_row][vc_row][vc_column width=&#8220;1\/3&#8243; reveal_effect=&#8220;fadeIn&#8220; reveal_duration=&#8220;1&#8243; reveal_delay=&#8220;0.3&#8243;][vc_column_text]\n<h3>Direkte Verbindung mit Adria Bandiere<\/h3>\n<p>Adria Bandiere Srl<br \/>\nVia Arno, 23 &#8211; 47042<br \/>\nCesenatico (FC)<br \/>\nItalien<\/p>\n<p><strong>Tel<\/strong><a href=\"tel:+39%200547672090\"> +39 0547 672090<\/a><br \/>\n<strong>Fax<\/strong> +39 0547 672048<br \/>\n<strong>Mail<\/strong> <a href=\"mailto:commerciale@adriabandiere.com\">commerciale@adriabandiere.com<\/a><br \/>\n<strong>WhatsApp<\/strong> <a href=\"https:\/\/wa.me\/3893193704\">+39 389 3193704<\/a>[\/vc_column_text][\/vc_column][vc_column width=&#8220;2\/3&#8243; reveal_effect=&#8220;fadeIn&#8220; reveal_duration=&#8220;1&#8243; reveal_delay=&#8220;0.5&#8243;]\n<div class=\"wpcf7 no-js\" id=\"wpcf7-f47914-o1\" lang=\"de-DE\" dir=\"ltr\" data-wpcf7-id=\"47914\">\n<div class=\"screen-reader-response\"><p role=\"status\" aria-live=\"polite\" aria-atomic=\"true\"><\/p> <ul><\/ul><\/div>\n<form action=\"\/de\/wp-json\/wp\/v2\/pages\/46617#wpcf7-f47914-o1\" method=\"post\" class=\"wpcf7-form init\" aria-label=\"Kontaktformular\" novalidate=\"novalidate\" data-status=\"init\">\n<fieldset class=\"hidden-fields-container\"><input type=\"hidden\" name=\"_wpcf7\" value=\"47914\" \/><input type=\"hidden\" name=\"_wpcf7_version\" value=\"6.1.5\" \/><input type=\"hidden\" name=\"_wpcf7_locale\" value=\"de_DE\" \/><input type=\"hidden\" name=\"_wpcf7_unit_tag\" value=\"wpcf7-f47914-o1\" \/><input type=\"hidden\" name=\"_wpcf7_container_post\" value=\"0\" \/><input type=\"hidden\" name=\"_wpcf7_posted_data_hash\" value=\"\" \/><input type=\"hidden\" name=\"_wpcf7cf_hidden_group_fields\" value=\"[]\" \/><input type=\"hidden\" name=\"_wpcf7cf_hidden_groups\" value=\"[]\" \/><input type=\"hidden\" name=\"_wpcf7cf_visible_groups\" value=\"[]\" \/><input type=\"hidden\" name=\"_wpcf7cf_repeaters\" value=\"[]\" \/><input type=\"hidden\" name=\"_wpcf7cf_steps\" value=\"{}\" \/><input type=\"hidden\" name=\"_wpcf7cf_options\" value=\"{&quot;form_id&quot;:47914,&quot;conditions&quot;:[{&quot;then_field&quot;:&quot;scelta_azienda&quot;,&quot;and_rules&quot;:[{&quot;if_field&quot;:&quot;radio&quot;,&quot;operator&quot;:&quot;equals&quot;,&quot;if_value&quot;:&quot;Unternehmen&quot;}]}],&quot;settings&quot;:{&quot;animation&quot;:&quot;yes&quot;,&quot;animation_intime&quot;:200,&quot;animation_outtime&quot;:200,&quot;conditions_ui&quot;:&quot;normal&quot;,&quot;notice_dismissed&quot;:false,&quot;notice_dismissed_rollback-cf7-5.4.1&quot;:true}}\" \/>\n<\/fieldset>\n<div class=\"text-center\">\n\t<div class=\"col-md-6\">\n\t\t<p><label><br \/>\n<span class=\"wpcf7-form-control-wrap\" data-name=\"your-name\"><input size=\"40\" maxlength=\"400\" class=\"wpcf7-form-control wpcf7-text wpcf7-validates-as-required\" aria-required=\"true\" aria-invalid=\"false\" placeholder=\"Name und Nachname*\" value=\"\" type=\"text\" name=\"your-name\" \/><\/span> <\/label>\n\t\t<\/p>\n\t\t<p><label><br \/>\n<span class=\"wpcf7-form-control-wrap\" data-name=\"your-email\"><input size=\"40\" maxlength=\"400\" class=\"wpcf7-form-control wpcf7-email wpcf7-validates-as-required wpcf7-text wpcf7-validates-as-email\" aria-required=\"true\" aria-invalid=\"false\" placeholder=\"E-Mail-Addresse*\" value=\"\" type=\"email\" name=\"your-email\" \/><\/span> <\/label>\n\t\t<\/p>\n\t\t<p><label><br \/>\n<span class=\"wpcf7-form-control-wrap\" data-name=\"citta\"><input size=\"40\" maxlength=\"400\" class=\"wpcf7-form-control wpcf7-text wpcf7-validates-as-required\" aria-required=\"true\" aria-invalid=\"false\" placeholder=\"Stadt*\" value=\"\" type=\"text\" name=\"citta\" \/><\/span> <\/label>\n\t\t<\/p>\n\t\t<p><label><br \/>\n<span class=\"wpcf7-form-control-wrap\" data-name=\"telefono\"><input size=\"40\" maxlength=\"400\" class=\"wpcf7-form-control wpcf7-tel wpcf7-validates-as-required wpcf7-text wpcf7-validates-as-tel\" aria-required=\"true\" aria-invalid=\"false\" placeholder=\"Telefon*\" value=\"\" type=\"tel\" name=\"telefono\" \/><\/span> <\/label>\n\t\t<\/p>\n\t\t<div class=\"radio-conditional-custom\">\n\t\t\t<p><span class=\"wpcf7-form-control-wrap\" data-name=\"radio\"><span class=\"wpcf7-form-control wpcf7-radio\"><span class=\"wpcf7-list-item first\"><label><input type=\"radio\" name=\"radio\" value=\"Privatperson\" checked=\"checked\" \/><span class=\"wpcf7-list-item-label\">Privatperson<\/span><\/label><\/span><span class=\"wpcf7-list-item last\"><label><input type=\"radio\" name=\"radio\" value=\"Unternehmen\" \/><span class=\"wpcf7-list-item-label\">Unternehmen<\/span><\/label><\/span><\/span><\/span>\n\t\t\t<\/p>\n\t\t<\/div>\n\t\t<div data-id=\"scelta_azienda\" data-orig_data_id=\"scelta_azienda\"  class=\"\" data-class=\"wpcf7cf_group\">\n\t\t\t<p><label><br \/>\n<span class=\"wpcf7-form-control-wrap\" data-name=\"RagioneSociale\"><input size=\"40\" maxlength=\"400\" class=\"wpcf7-form-control wpcf7-text wpcf7-validates-as-required\" aria-required=\"true\" aria-invalid=\"false\" placeholder=\"Firmenname*\" value=\"\" type=\"text\" name=\"RagioneSociale\" \/><\/span> <\/label>\n\t\t\t<\/p>\n\t\t\t<p><label><br \/>\n<span class=\"wpcf7-form-control-wrap\" data-name=\"PartitaIva\"><input size=\"40\" maxlength=\"400\" class=\"wpcf7-form-control wpcf7-text wpcf7-validates-as-required\" aria-required=\"true\" aria-invalid=\"false\" placeholder=\"Umsatzsteuer-Identifikationsnummer*\" value=\"\" type=\"text\" name=\"PartitaIva\" \/><\/span> <\/label>\n\t\t\t<\/p>\n\t\t<\/div>\n\t<\/div>\n\t<div class=\"col-md-6\">\n\t\t<p><label><br \/>\n<span class=\"wpcf7-form-control-wrap\" data-name=\"your-message\"><textarea cols=\"40\" rows=\"10\" maxlength=\"2000\" class=\"wpcf7-form-control wpcf7-textarea\" aria-invalid=\"false\" placeholder=\"Anfrage Informationen\" name=\"your-message\"><\/textarea><\/span> <\/label>\n\t\t<\/p>\n\t<\/div>\n\t<div class=\"col-md-12\">\n\t\t<p><span style=\"line-height:20px;font-size:12px;\"><span class=\"wpcf7-form-control-wrap\" data-name=\"accettazione\"><span class=\"wpcf7-form-control wpcf7-acceptance\"><span class=\"wpcf7-list-item\"><label><input type=\"checkbox\" name=\"accettazione\" value=\"1\" aria-invalid=\"false\" \/><span class=\"wpcf7-list-item-label\">Ich erkl\u00e4re, dass ich die Informationen in der Datenschutzrichtlinie gelesen und verstanden habe, um meine personenbezogenen Daten von Adria Bandiere Srl verarbeiten zu lassen und meine Zustimmung zu deren Verwendung f\u00fcr die in den Datenschutzinformationen und insbesondere f\u00fcr die Zwecke der Vermarktung gem\u00e4\u00df Art. 13 der EU-Verordnung 2016\/679 und Art. 13 des Gesetzesdekrets 196\/2003.<\/span><\/label><\/span><\/span><\/span><\/span>\n\t\t<\/p>\n\t\t<p><input class=\"wpcf7-form-control wpcf7-submit has-spinner\" type=\"submit\" value=\"Nachricht Senden\" \/>\n\t\t<\/p>\n\t<\/div>\n<\/div><p style=\"display: none !important;\" class=\"akismet-fields-container\" data-prefix=\"_wpcf7_ak_\"><label>&#916;<textarea name=\"_wpcf7_ak_hp_textarea\" cols=\"45\" rows=\"8\" maxlength=\"100\"><\/textarea><\/label><input type=\"hidden\" id=\"ak_js_1\" name=\"_wpcf7_ak_js\" value=\"240\"\/><script>document.getElementById( \"ak_js_1\" ).setAttribute( \"value\", ( new Date() ).getTime() );<\/script><\/p><div class=\"wpcf7-response-output\" aria-hidden=\"true\"><\/div>\n<\/form>\n<\/div>\n[\/vc_column][\/vc_row][vc_row][vc_column][vc_empty_space height=&#8220;40px&#8220;][\/vc_column][\/vc_row]\n<\/div>","protected":false},"excerpt":{"rendered":"<p>[vc_row full_width=&#8220;stretch_row_content_no_spaces&#8220; el_class=&#8220;overlay_map&#8220;][vc_column reveal_effect=&#8220;fadeIn&#8220; reveal_duration=&#8220;0.1&#8243; reveal_delay=&#8220;0.1&#8243;][vc_raw_html]PGlmcmFtZSBzcmM9Imh0dHBzOi8vd3d3Lmdvb2dsZS5jb20vbWFwcy9lbWJlZD9wYj0hMW0xNCExbTghMW0zITFkMTE0NDEuNjk1MjE4OTg4OTc2ITJkMTIuMzg5Mzg3MyEzZDQ0LjE5ODMzNzEhM20yITFpMTAyNCEyaTc2OCE0ZjEzLjEhM20zITFtMiExczB4MCUzQTB4NTlkYzhkNTk3YzllOTkzNSEyc0FkcmlhJTIwQmFuZGllcmUlMjBTcmwhNWUwITNtMiExc2l0ITJzaXQhNHYxNjExNjgxMTkyODQyITVtMiExc2l0ITJzaXQiIHdpZHRoPSIxMDAlIiBoZWlnaHQ9IjYyMCIgZnJhbWVib3JkZXI9IjAiIHN0eWxlPSJib3JkZXI6MDsiIGFsbG93ZnVsbHNjcmVlbj0iIiBhcmlhLWhpZGRlbj0iZmFsc2UiIHRhYmluZGV4PSIwIj48L2lmcmFtZT4=[\/vc_raw_html][\/vc_column][\/vc_row][vc_row][vc_column width=&#8220;1\/3&#8243; reveal_effect=&#8220;fadeIn&#8220; reveal_duration=&#8220;1&#8243; reveal_delay=&#8220;0.3&#8243;][vc_column_text] Direkte Verbindung mit Adria Bandiere Adria Bandiere Srl Via Arno, 23 &#8211; 47042 Cesenatico (FC) Italien Tel +39 0547 672090 Fax +39 0547 672048 Mail commerciale@adriabandiere.com WhatsApp +39 389 3193704[\/vc_column_text][\/vc_column][vc_column width=&#8220;2\/3&#8243; reveal_effect=&#8220;fadeIn&#8220; reveal_duration=&#8220;1&#8243; reveal_delay=&#8220;0.5&#8243;][\/vc_column][\/vc_row][vc_row][vc_column][vc_empty_space height=&#8220;40px&#8220;][\/vc_column][\/vc_row]<\/p>\n","protected":false},"author":19,"featured_media":0,"parent":0,"menu_order":0,"comment_status":"closed","ping_status":"closed","template":"","meta":{"_acf_changed":false,"ngg_post_thumbnail":0,"footnotes":""},"class_list":["post-46617","page","type-page","status-publish","hentry"],"acf":[],"yoast_head":"<!-- This site is optimized with the Yoast SEO Premium plugin v20.11 (Yoast SEO v20.11) - https:\/\/yoast.com\/wordpress\/plugins\/seo\/ -->\n<title>Kontakte - Adria Bandiere<\/title>\n<meta name=\"robots\" content=\"index, follow, max-snippet:-1, max-image-preview:large, max-video-preview:-1\" \/>\n<link rel=\"canonical\" href=\"https:\/\/www.adriabandiere.com\/de\/kontakte\/\" \/>\n<meta property=\"og:locale\" content=\"de_DE\" \/>\n<meta property=\"og:type\" content=\"article\" \/>\n<meta property=\"og:title\" content=\"Kontakte\" \/>\n<meta property=\"og:description\" content=\"[vc_row full_width=&#8220;stretch_row_content_no_spaces&#8220; el_class=&#8220;overlay_map&#8220;][vc_column reveal_effect=&#8220;fadeIn&#8220; reveal_duration=&#8220;0.1&#8243; reveal_delay=&#8220;0.1&#8243;][vc_raw_html]PGlmcmFtZSBzcmM9Imh0dHBzOi8vd3d3Lmdvb2dsZS5jb20vbWFwcy9lbWJlZD9wYj0hMW0xNCExbTghMW0zITFkMTE0NDEuNjk1MjE4OTg4OTc2ITJkMTIuMzg5Mzg3MyEzZDQ0LjE5ODMzNzEhM20yITFpMTAyNCEyaTc2OCE0ZjEzLjEhM20zITFtMiExczB4MCUzQTB4NTlkYzhkNTk3YzllOTkzNSEyc0FkcmlhJTIwQmFuZGllcmUlMjBTcmwhNWUwITNtMiExc2l0ITJzaXQhNHYxNjExNjgxMTkyODQyITVtMiExc2l0ITJzaXQiIHdpZHRoPSIxMDAlIiBoZWlnaHQ9IjYyMCIgZnJhbWVib3JkZXI9IjAiIHN0eWxlPSJib3JkZXI6MDsiIGFsbG93ZnVsbHNjcmVlbj0iIiBhcmlhLWhpZGRlbj0iZmFsc2UiIHRhYmluZGV4PSIwIj48L2lmcmFtZT4=[\/vc_raw_html][\/vc_column][\/vc_row][vc_row][vc_column width=&#8220;1\/3&#8243; reveal_effect=&#8220;fadeIn&#8220; reveal_duration=&#8220;1&#8243; reveal_delay=&#8220;0.3&#8243;][vc_column_text] Direkte Verbindung mit Adria Bandiere Adria Bandiere Srl Via Arno, 23 &#8211; 47042 Cesenatico (FC) Italien Tel +39 0547 672090 Fax +39 0547 672048 Mail commerciale@adriabandiere.com WhatsApp +39 389 3193704[\/vc_column_text][\/vc_column][vc_column width=&#8220;2\/3&#8243; reveal_effect=&#8220;fadeIn&#8220; reveal_duration=&#8220;1&#8243; reveal_delay=&#8220;0.5&#8243;][\/vc_column][\/vc_row][vc_row][vc_column][vc_empty_space height=&#8220;40px&#8220;][\/vc_column][\/vc_row]\" \/>\n<meta property=\"og:url\" content=\"https:\/\/www.adriabandiere.com\/de\/kontakte\/\" \/>\n<meta property=\"og:site_name\" content=\"Adria Bandiere\" \/>\n<meta property=\"article:modified_time\" content=\"2023-05-23T16:56:39+00:00\" \/>\n<meta name=\"twitter:card\" content=\"summary_large_image\" \/>\n<meta name=\"twitter:label1\" content=\"Gesch\u00e4tzte Lesezeit\" \/>\n\t<meta name=\"twitter:data1\" content=\"1\u00a0Minute\" \/>\n<script type=\"application\/ld+json\" class=\"yoast-schema-graph\">{\"@context\":\"https:\/\/schema.org\",\"@graph\":[{\"@type\":\"WebPage\",\"@id\":\"https:\/\/www.adriabandiere.com\/de\/kontakte\/\",\"url\":\"https:\/\/www.adriabandiere.com\/de\/kontakte\/\",\"name\":\"Kontakte - Adria Bandiere\",\"isPartOf\":{\"@id\":\"https:\/\/www.adriabandiere.com\/de\/#website\"},\"datePublished\":\"2021-01-28T10:03:06+00:00\",\"dateModified\":\"2023-05-23T16:56:39+00:00\",\"inLanguage\":\"de\",\"potentialAction\":[{\"@type\":\"ReadAction\",\"target\":[\"https:\/\/www.adriabandiere.com\/de\/kontakte\/\"]}]},{\"@type\":\"WebSite\",\"@id\":\"https:\/\/www.adriabandiere.com\/de\/#website\",\"url\":\"https:\/\/www.adriabandiere.com\/de\/\",\"name\":\"Adria Bandiere\",\"description\":\"\",\"potentialAction\":[{\"@type\":\"SearchAction\",\"target\":{\"@type\":\"EntryPoint\",\"urlTemplate\":\"https:\/\/www.adriabandiere.com\/de\/?s={search_term_string}\"},\"query-input\":\"required name=search_term_string\"}],\"inLanguage\":\"de\"}]}<\/script>\n<!-- \/ Yoast SEO Premium plugin. -->","yoast_head_json":{"title":"Kontakte - Adria Bandiere","robots":{"index":"index","follow":"follow","max-snippet":"max-snippet:-1","max-image-preview":"max-image-preview:large","max-video-preview":"max-video-preview:-1"},"canonical":"https:\/\/www.adriabandiere.com\/de\/kontakte\/","og_locale":"de_DE","og_type":"article","og_title":"Kontakte","og_description":"[vc_row full_width=&#8220;stretch_row_content_no_spaces&#8220; el_class=&#8220;overlay_map&#8220;][vc_column reveal_effect=&#8220;fadeIn&#8220; reveal_duration=&#8220;0.1&#8243; reveal_delay=&#8220;0.1&#8243;][vc_raw_html]PGlmcmFtZSBzcmM9Imh0dHBzOi8vd3d3Lmdvb2dsZS5jb20vbWFwcy9lbWJlZD9wYj0hMW0xNCExbTghMW0zITFkMTE0NDEuNjk1MjE4OTg4OTc2ITJkMTIuMzg5Mzg3MyEzZDQ0LjE5ODMzNzEhM20yITFpMTAyNCEyaTc2OCE0ZjEzLjEhM20zITFtMiExczB4MCUzQTB4NTlkYzhkNTk3YzllOTkzNSEyc0FkcmlhJTIwQmFuZGllcmUlMjBTcmwhNWUwITNtMiExc2l0ITJzaXQhNHYxNjExNjgxMTkyODQyITVtMiExc2l0ITJzaXQiIHdpZHRoPSIxMDAlIiBoZWlnaHQ9IjYyMCIgZnJhbWVib3JkZXI9IjAiIHN0eWxlPSJib3JkZXI6MDsiIGFsbG93ZnVsbHNjcmVlbj0iIiBhcmlhLWhpZGRlbj0iZmFsc2UiIHRhYmluZGV4PSIwIj48L2lmcmFtZT4=[\/vc_raw_html][\/vc_column][\/vc_row][vc_row][vc_column width=&#8220;1\/3&#8243; reveal_effect=&#8220;fadeIn&#8220; reveal_duration=&#8220;1&#8243; reveal_delay=&#8220;0.3&#8243;][vc_column_text] Direkte Verbindung mit Adria Bandiere Adria Bandiere Srl Via Arno, 23 &#8211; 47042 Cesenatico (FC) Italien Tel +39 0547 672090 Fax +39 0547 672048 Mail commerciale@adriabandiere.com WhatsApp +39 389 3193704[\/vc_column_text][\/vc_column][vc_column width=&#8220;2\/3&#8243; reveal_effect=&#8220;fadeIn&#8220; reveal_duration=&#8220;1&#8243; reveal_delay=&#8220;0.5&#8243;][\/vc_column][\/vc_row][vc_row][vc_column][vc_empty_space height=&#8220;40px&#8220;][\/vc_column][\/vc_row]","og_url":"https:\/\/www.adriabandiere.com\/de\/kontakte\/","og_site_name":"Adria Bandiere","article_modified_time":"2023-05-23T16:56:39+00:00","twitter_card":"summary_large_image","twitter_misc":{"Gesch\u00e4tzte Lesezeit":"1\u00a0Minute"},"schema":{"@context":"https:\/\/schema.org","@graph":[{"@type":"WebPage","@id":"https:\/\/www.adriabandiere.com\/de\/kontakte\/","url":"https:\/\/www.adriabandiere.com\/de\/kontakte\/","name":"Kontakte - Adria Bandiere","isPartOf":{"@id":"https:\/\/www.adriabandiere.com\/de\/#website"},"datePublished":"2021-01-28T10:03:06+00:00","dateModified":"2023-05-23T16:56:39+00:00","inLanguage":"de","potentialAction":[{"@type":"ReadAction","target":["https:\/\/www.adriabandiere.com\/de\/kontakte\/"]}]},{"@type":"WebSite","@id":"https:\/\/www.adriabandiere.com\/de\/#website","url":"https:\/\/www.adriabandiere.com\/de\/","name":"Adria Bandiere","description":"","potentialAction":[{"@type":"SearchAction","target":{"@type":"EntryPoint","urlTemplate":"https:\/\/www.adriabandiere.com\/de\/?s={search_term_string}"},"query-input":"required name=search_term_string"}],"inLanguage":"de"}]}},"_links":{"self":[{"href":"https:\/\/www.adriabandiere.com\/de\/wp-json\/wp\/v2\/pages\/46617","targetHints":{"allow":["GET"]}}],"collection":[{"href":"https:\/\/www.adriabandiere.com\/de\/wp-json\/wp\/v2\/pages"}],"about":[{"href":"https:\/\/www.adriabandiere.com\/de\/wp-json\/wp\/v2\/types\/page"}],"author":[{"embeddable":true,"href":"https:\/\/www.adriabandiere.com\/de\/wp-json\/wp\/v2\/users\/19"}],"replies":[{"embeddable":true,"href":"https:\/\/www.adriabandiere.com\/de\/wp-json\/wp\/v2\/comments?post=46617"}],"version-history":[{"count":8,"href":"https:\/\/www.adriabandiere.com\/de\/wp-json\/wp\/v2\/pages\/46617\/revisions"}],"predecessor-version":[{"id":54847,"href":"https:\/\/www.adriabandiere.com\/de\/wp-json\/wp\/v2\/pages\/46617\/revisions\/54847"}],"wp:attachment":[{"href":"https:\/\/www.adriabandiere.com\/de\/wp-json\/wp\/v2\/media?parent=46617"}],"curies":[{"name":"wp","href":"https:\/\/api.w.org\/{rel}","templated":true}]}}